{"id":1088,"date":"2018-11-04T09:12:19","date_gmt":"2018-11-04T09:12:19","guid":{"rendered":"http:\/\/www.bseinzelh.musin.de\/mitte\/?page_id=1088"},"modified":"2024-07-29T12:20:50","modified_gmt":"2024-07-29T12:20:50","slug":"online-anmeldung","status":"publish","type":"page","link":"https:\/\/bseinzelh.musin.de\/mitte\/online-anmeldung\/","title":{"rendered":"Anmeldung"},"content":{"rendered":"<p>Mit diesem <strong><a href=\"https:\/\/stadt.muenchen.de\/service\/info\/geschaeftsbereich-berufliche-schulen\/10264291\/\">Online-Formular<\/a><\/strong> k\u00f6nnen Sie sich an der St\u00e4dtischen Berufsschule f\u00fcr den Einzelhandel (Mitte) der Landeshauptstadt M\u00fcnchen anmelden.<\/p>\n<p>Bitte \u00fcbersenden Sie dem <strong><a href=\"https:\/\/bseinzelh.musin.de\/mitte\/sektretariat\/\">Sekretariat<\/a> <\/strong>nach Abschluss Ihrer Online-Anmeldung Ihr Schulabschlusszeugnis und den Berufsausbildungsvertrag.<\/p>\n<p><img decoding=\"async\" loading=\"lazy\" class=\"alignnone wp-image-1095\" src=\"http:\/\/www.bseinzelh.musin.de\/mitte\/wp-content\/uploads\/2018\/11\/writing-1149962_1920-300x200.jpg\" alt=\"\" width=\"489\" height=\"326\" srcset=\"https:\/\/bseinzelh.musin.de\/mitte\/wp-content\/uploads\/2018\/11\/writing-1149962_1920-300x200.jpg 300w, https:\/\/bseinzelh.musin.de\/mitte\/wp-content\/uploads\/2018\/11\/writing-1149962_1920-768x512.jpg 768w, https:\/\/bseinzelh.musin.de\/mitte\/wp-content\/uploads\/2018\/11\/writing-1149962_1920-1024x683.jpg 1024w, https:\/\/bseinzelh.musin.de\/mitte\/wp-content\/uploads\/2018\/11\/writing-1149962_1920.jpg 1920w\" sizes=\"(max-width: 489px) 100vw, 489px\" \/><\/p>\n<p>Sollte Ihnen eine Online-Anmeldung nicht m\u00f6glich sein k\u00f6nnen Sie auch unser <strong><a href=\"https:\/\/bseinzelh.musin.de\/mitte\/wp-content\/uploads\/2024\/07\/Erstanmeldung_Homepage_Juni24_Mitte.pdf\">Anmeldeformular<\/a> <\/strong>nutzen. Sie k\u00f6nne es am PC ausf\u00fcllen, speichern oder ausdrucken!<\/p>\n<p>Das ausgef\u00fcllte Formular senden Sie bitte (inklusive Schulabschlusszeugnis, Berufsausbildungsvertrag) an unser <a href=\"https:\/\/bseinzelh.musin.de\/mitte\/sektretariat\/\"><strong>Sekretariat<\/strong><\/a>.<\/p>\n","protected":false},"excerpt":{"rendered":"<p>Mit diesem Online-Formular k\u00f6nnen Sie sich an der St\u00e4dtischen Berufsschule f\u00fcr den Einzelhandel (Mitte) der Landeshauptstadt M\u00fcnchen anmelden. Bitte \u00fcbersenden Sie dem Sekretariat nach Abschluss Ihrer Online-Anmeldung Ihr Schulabschlusszeugnis und den Berufsausbildungsvertrag. Sollte Ihnen eine Online-Anmeldung nicht m\u00f6glich sein k\u00f6nnen Sie auch unser Anmeldeformular nutzen. Sie k\u00f6nne es am PC ausf\u00fcllen, speichern oder ausdrucken! Das &hellip; <\/p>\n<p class=\"link-more\"><a href=\"https:\/\/bseinzelh.musin.de\/mitte\/online-anmeldung\/\" class=\"more-link\"><span class=\"screen-reader-text\">\u201eAnmeldung\u201c <\/span>weiterlesen<\/a><\/p>\n","protected":false},"author":2,"featured_media":0,"parent":0,"menu_order":0,"comment_status":"closed","ping_status":"closed","template":"","meta":{"ngg_post_thumbnail":0},"_links":{"self":[{"href":"https:\/\/bseinzelh.musin.de\/mitte\/wp-json\/wp\/v2\/pages\/1088"}],"collection":[{"href":"https:\/\/bseinzelh.musin.de\/mitte\/wp-json\/wp\/v2\/pages"}],"about":[{"href":"https:\/\/bseinzelh.musin.de\/mitte\/wp-json\/wp\/v2\/types\/page"}],"author":[{"embeddable":true,"href":"https:\/\/bseinzelh.musin.de\/mitte\/wp-json\/wp\/v2\/users\/2"}],"replies":[{"embeddable":true,"href":"https:\/\/bseinzelh.musin.de\/mitte\/wp-json\/wp\/v2\/comments?post=1088"}],"version-history":[{"count":15,"href":"https:\/\/bseinzelh.musin.de\/mitte\/wp-json\/wp\/v2\/pages\/1088\/revisions"}],"predecessor-version":[{"id":331724,"href":"https:\/\/bseinzelh.musin.de\/mitte\/wp-json\/wp\/v2\/pages\/1088\/revisions\/331724"}],"wp:attachment":[{"href":"https:\/\/bseinzelh.musin.de\/mitte\/wp-json\/wp\/v2\/media?parent=1088"}],"curies":[{"name":"wp","href":"https:\/\/api.w.org\/{rel}","templated":true}]}}