{"id":111845,"date":"2021-04-13T12:42:32","date_gmt":"2021-04-13T12:42:32","guid":{"rendered":"https:\/\/bseinzelh.musin.de\/mitte\/?page_id=111845"},"modified":"2024-04-18T17:30:21","modified_gmt":"2024-04-18T17:30:21","slug":"bvjs-bvjk-bv-jflex","status":"publish","type":"page","link":"https:\/\/bseinzelh.musin.de\/mitte\/bvjs-bvjk-bv-jflex\/","title":{"rendered":"BVJ kooperativ"},"content":{"rendered":"\n<figure class=\"wp-block-image size-large\"><img decoding=\"async\" loading=\"lazy\" width=\"960\" height=\"720\" src=\"https:\/\/bseinzelh.musin.de\/mitte\/wp-content\/uploads\/2021\/04\/Weiterentwicklung-BVJ.jpg\" alt=\"\" class=\"wp-image-111851\" srcset=\"https:\/\/bseinzelh.musin.de\/mitte\/wp-content\/uploads\/2021\/04\/Weiterentwicklung-BVJ.jpg 960w, https:\/\/bseinzelh.musin.de\/mitte\/wp-content\/uploads\/2021\/04\/Weiterentwicklung-BVJ-300x225.jpg 300w, https:\/\/bseinzelh.musin.de\/mitte\/wp-content\/uploads\/2021\/04\/Weiterentwicklung-BVJ-768x576.jpg 768w\" sizes=\"(max-width: 767px) 89vw, (max-width: 1000px) 54vw, (max-width: 1071px) 543px, 580px\" \/><\/figure>\n\n\n\n<p>Das BVJ (Berufsvorbereitungsjahr) dient der Berufsorientierung und der Berufsvorbereitung. Die Sch\u00fclerinnen und Sch\u00fcler erhalten Einblicke in die Berufsfelder Verkauf, Einzelhandel, Lagerlogistik und Gesundheit.<\/p>\n\n\n\n<p>Ausf\u00fchrliche Informationen (Konzept) lesen Sie <strong><a href=\"https:\/\/bseinzelh.musin.de\/mitte\/wp-content\/uploads\/2021\/04\/BVJ-2021_neu.pdf\">hier<\/a><\/strong>.<\/p>\n","protected":false},"excerpt":{"rendered":"<p>Das BVJ (Berufsvorbereitungsjahr) dient der Berufsorientierung und der Berufsvorbereitung. Die Sch\u00fclerinnen und Sch\u00fcler erhalten Einblicke in die Berufsfelder Verkauf, Einzelhandel, Lagerlogistik und Gesundheit. Ausf\u00fchrliche Informationen (Konzept) lesen Sie hier.<\/p>\n","protected":false},"author":2,"featured_media":0,"parent":0,"menu_order":0,"comment_status":"closed","ping_status":"closed","template":"","meta":{"ngg_post_thumbnail":0},"_links":{"self":[{"href":"https:\/\/bseinzelh.musin.de\/mitte\/wp-json\/wp\/v2\/pages\/111845"}],"collection":[{"href":"https:\/\/bseinzelh.musin.de\/mitte\/wp-json\/wp\/v2\/pages"}],"about":[{"href":"https:\/\/bseinzelh.musin.de\/mitte\/wp-json\/wp\/v2\/types\/page"}],"author":[{"embeddable":true,"href":"https:\/\/bseinzelh.musin.de\/mitte\/wp-json\/wp\/v2\/users\/2"}],"replies":[{"embeddable":true,"href":"https:\/\/bseinzelh.musin.de\/mitte\/wp-json\/wp\/v2\/comments?post=111845"}],"version-history":[{"count":7,"href":"https:\/\/bseinzelh.musin.de\/mitte\/wp-json\/wp\/v2\/pages\/111845\/revisions"}],"predecessor-version":[{"id":306988,"href":"https:\/\/bseinzelh.musin.de\/mitte\/wp-json\/wp\/v2\/pages\/111845\/revisions\/306988"}],"wp:attachment":[{"href":"https:\/\/bseinzelh.musin.de\/mitte\/wp-json\/wp\/v2\/media?parent=111845"}],"curies":[{"name":"wp","href":"https:\/\/api.w.org\/{rel}","templated":true}]}}