{"id":1149,"date":"2018-11-05T16:02:14","date_gmt":"2018-11-05T16:02:14","guid":{"rendered":"http:\/\/www.bseinzelh.musin.de\/mitte\/?page_id=1149"},"modified":"2020-04-23T03:52:07","modified_gmt":"2020-04-23T03:52:07","slug":"datenschutz-2","status":"publish","type":"page","link":"https:\/\/bseinzelh.musin.de\/mitte\/datenschutz-2\/","title":{"rendered":"Datenschutz"},"content":{"rendered":"<h2>Datenschutzerkl\u00e4rung bez\u00fcglich der Nutzung unserer Schulhomepage<\/h2>\n<p><img decoding=\"async\" loading=\"lazy\" class=\"alignnone wp-image-653\" src=\"http:\/\/www.bseinzelh.musin.de\/mitte\/wp-content\/uploads\/2018\/05\/hacking-2903156_1920-300x200.jpg\" alt=\"\" width=\"419\" height=\"279\" srcset=\"https:\/\/bseinzelh.musin.de\/mitte\/wp-content\/uploads\/2018\/05\/hacking-2903156_1920-300x200.jpg 300w, https:\/\/bseinzelh.musin.de\/mitte\/wp-content\/uploads\/2018\/05\/hacking-2903156_1920-768x512.jpg 768w, https:\/\/bseinzelh.musin.de\/mitte\/wp-content\/uploads\/2018\/05\/hacking-2903156_1920-1024x683.jpg 1024w, https:\/\/bseinzelh.musin.de\/mitte\/wp-content\/uploads\/2018\/05\/hacking-2903156_1920.jpg 1920w\" sizes=\"(max-width: 419px) 100vw, 419px\" \/><\/p>\n<p>Diese Datenschutzerkl\u00e4rung kl\u00e4rt Sie \u00fcber die Art, den Umfang und Zweck der Verarbeitung von personenbezogenen Daten (nachfolgend kurz \u201eDaten\u201c genannt) innerhalb unseres Onlineangebotes und der mit ihm verbundenen Webseiten, Funktionen und Inhalte auf (nachfolgend gemeinsam bezeichnet als \u201eOnlineangebot\u201c). Im Hinblick auf die verwendeten Begrifflichkeiten, wie z. B. \u201eVerarbeitung\u201c oder \u201eVerantwortlicher\u201c verweisen wir auf die Definitionen im Art. 4 der Datenschutzgrundverordnung (DSGVO).<\/p>\n<h2>Verantwortlicher<\/h2>\n<p><strong>Verantwortlich f\u00fcr die Verarbeitung ist:<\/strong><br>\nLandeshauptstadt M\u00fcnchen<br>\nReferat f\u00fcr Bildung und Sport<br>\nSt\u00e4dtische Berufsschule f\u00fcr den Einzelhandel Mitte<br>\nLindwurmstra\u00dfe 90<br>\n80337 M\u00fcnchen<br>\nE-Mail: bs-einzelhandel-mitte@muenchen.de<br>\nTelefon: 089 233-32553<\/p>\n<p><strong>Kontaktdaten des Datenschutzbeauftragten<\/strong><br>\nLandeshauptstadt M\u00fcnchen<br>\nBeh\u00f6rdlicher Datenschutzbeauftragter<br>\nBurgstr. 4<br>\n80331 M\u00fcnchen<br>\nTelefon: 089\/233-28261<br>\nE-Mail: datenschutz@muenchen.de<\/p>\n<h2>Arten der verarbeiteten Daten:<\/h2>\n<ul>\n<li>Kontaktdaten (z. B. Name, Adresse, E-Mail, Telefonnummer)<\/li>\n<li>Inhaltsdaten (z. B. Texteingaben)<\/li>\n<li>Nutzungsdaten (z. B. besuchte Webseiten, Interesse an Inhalten, Zugriffszeiten)<\/li>\n<li>Sonstige Kommunikationsdaten (z. B. IP-Adressen)<\/li>\n<\/ul>\n<h2>Zwecke und Rechtegrundlagen der Datenverarbeitung<\/h2>\n<p>Ihre Daten werden im Rahmen des Besuchs \/ der Nutzung unserer Schulhomepage erhoben und verarbeitet (z. B. Beantwortung von Kontaktanfragen und Kommunikation mit Nutzern). Rechtsgrundlagen sind Art. 6 Abs. 1 Buchstabe a und e Datenschutzgrundverordnung (DSGVO) in Verbindung mit Art. 4 Abs. 1 Bayerisches Datenschutzgesetz (BayDSG) und Art. 85 Bayerisches Gesetz \u00fcber das Erziehungsund Unterrichtswesen (BayEUG).<\/p>\n<h2>Empf\u00e4nger oder Kategorien von Empf\u00e4ngern der personenbezogenen Daten<\/h2>\n<p>Personenbezogene Daten werden an das Rechenzentrum von IT@M, welcher die technische Infrastruktur bereitstellt, weitergegeben. Bei IT@M handelt es sich um einen Eigenbetrieb der Landeshauptstadt M\u00fcnchen; er&nbsp;ist der Zentrale IT-Dienstleister der Landeshauptstadt M\u00fcnchen (Auftragsverarbeiter).<\/p>\n<h2>Dauer der Speicherung der personenbezogenen Daten<\/h2>\n<p>Die Daten werden beim Verantwortlichen (Landeshauptstadt M\u00fcnchen) nach der Erhebung f\u00fcr die Dauer der Ausbildung (i. d. R. 3 Jahre) gespeichert.<\/p>\n<h2>Betroffenenrechte<\/h2>\n<p>Nach der Datenschutz-Grundverordnung stehen Ihnen folgende Rechte zu:<br>\nWerden Ihre personenbezogenen Daten verarbeitet, so haben Sie das Recht Auskunft \u00fcber die zu Ihrer Person gespeicherten Daten zu erhalten (Art. 15 DSGVO).<\/p>\n<p>Sollten unrichtige personenbezogene Daten verarbeitet werden, steht Ihnen ein Recht auf Berichtigung zu (Art. 16 DSGVO).<\/p>\n<p>Liegen die gesetzlichen Voraussetzungen vor, so k\u00f6nnen Sie die L\u00f6schung oder Einschr\u00e4nkung der Verarbeitung verlangen sowie Widerspruch gegen die Verarbeitung einlegen (Art. 17, 18 und 21 DSGVO).<\/p>\n<p>Wenn Sie in die Datenverarbeitung eingewilligt haben oder ein Vertrag zur Datenverarbeitung besteht und die Datenverarbeitung mithilfe automatisierter Verfahren durchgef\u00fchrt wird, steht Ihnen gegebenenfalls ein Recht auf Daten\u00fcbertragbarkeit zu (Art. 20 DSGVO).<\/p>\n<p>Sollten Sie von Ihren oben genannten Rechten Gebrauch machen, pr\u00fcft die \u00f6ffentliche Stelle, ob die gesetzlichen Voraussetzungen hierf\u00fcr erf\u00fcllt sind.<br>\nWeiterhin besteht ein Beschwerderecht beim Bayerischen Landesbeauftragten f\u00fcr den Datenschutz.<\/p>\n<h2>Widerrufsrecht bei Einwilligung<\/h2>\n<p>Wenn Sie in die Verarbeitung durch die Landeshauptstadt M\u00fcnchen durch eine entsprechende Erkl\u00e4rung eingewilligt haben, k\u00f6nnen Sie diese Einwilligung jederzeit f\u00fcr die Zukunft widerrufen. Die Rechtm\u00e4\u00dfigkeit der aufgrund der Einwilligung bis zum Widerruf erfolgten Datenverarbeitung wird durch diesen nicht ber\u00fchrt.<\/p>\n<h2>Sonstiges<\/h2>\n<p>Der Landeshauptstadt M\u00fcnchen\/ Der st\u00e4dtischen Berufsschule f\u00fcr den Einzelhandel Mitte ist Datenschutz ein wichtiges Anliegen. Wir legen deshalb auch bei unseren Internetver\u00f6ffentlichungen Wert auf eine datensparsame, b\u00fcrgerfreundliche Datenverarbeitung. Wenn Sie noch Fragen zum Datenschutz im Zusammenhang mit dieser Internetseite haben, k\u00f6nnen Sie sich auch an die Schulleitung wenden.<\/p>\n\n\n<h2>Cookies<\/h2>\n\n\n\n<p>Die Internetseiten verwenden teilweise so genannte Cookies. Cookies richten auf Ihrem Rechner keinen Schaden an und enthalten keine Viren. Cookies dienen dazu, unser Angebot nutzerfreundlicher, effektiver und sicherer zu machen. Cookies sind kleine Textdateien, die auf Ihrem Rechner abgelegt werden und die Ihr Browser speichert.<\/p>\n\n\n\n<p>Die meisten der von uns verwendeten Cookies sind so genannte \u201cSession-Cookies\u201d. Sie werden nach Ende Ihres Besuchs automatisch gel\u00f6scht. Andere Cookies bleiben auf Ihrem Endger\u00e4t gespeichert bis Sie diese l\u00f6schen. Diese Cookies erm\u00f6glichen es uns, Ihren Browser beim n\u00e4chsten Besuch wiederzuerkennen.<\/p>\n\n\n\n<p>Sie k\u00f6nnen Ihren Browser so einstellen, dass Sie \u00fcber das Setzen von Cookies informiert werden und Cookies nur im Einzelfall erlauben, die Annahme von Cookies f\u00fcr bestimmte F\u00e4lle oder generell ausschlie\u00dfen sowie das automatische L\u00f6schen der Cookies beim Schlie\u00dfen des Browser aktivieren. Bei der Deaktivierung von Cookies kann die Funktionalit\u00e4t dieser Website eingeschr\u00e4nkt sein.<\/p>\n\n\n\n<p>Cookies, die zur Durchf\u00fchrung des elektronischen Kommunikationsvorgangs oder zur Bereitstellung bestimmter, von Ihnen erw\u00fcnschter Funktionen (z.B. Warenkorbfunktion) erforderlich sind, werden auf Grundlage von Art. 6 Abs. 1 lit. f DSGVO gespeichert. Der Websitebetreiber hat ein berechtigtes Interesse an der Speicherung von Cookies zur technisch fehlerfreien und optimierten Bereitstellung seiner Dienste. Soweit andere Cookies (z.B. Cookies zur Analyse Ihres Surfverhaltens) gespeichert werden, werden diese in dieser Datenschutzerkl\u00e4rung gesondert behandelt.<\/p>\n\n\n\n<h2>Plugins und Tools<\/h2>\n\n\n\n<h3>Google Web Fonts<\/h3>\n\n\n\n<p>Diese Seite nutzt zur einheitlichen Darstellung von Schriftarten so genannte Web Fonts, die von Google bereitgestellt werden. Beim Aufruf einer Seite l\u00e4dt Ihr Browser die ben\u00f6tigten Web Fonts in ihren Browsercache, um Texte und Schriftarten korrekt anzuzeigen.<\/p>\n\n\n\n<p>Zu diesem Zweck muss der von Ihnen verwendete Browser Verbindung zu den Servern von Google aufnehmen. Hierdurch erlangt Google Kenntnis dar\u00fcber, dass \u00fcber Ihre IP-Adresse unsere Website aufgerufen wurde. Die Nutzung von Google Web Fonts erfolgt im Interesse einer einheitlichen und ansprechenden Darstellung unserer Online-Angebote. Dies stellt ein berechtigtes Interesse im Sinne von Art. 6 Abs. 1 lit. f DSGVO dar.<\/p>\n\n\n\n<p>Wenn Ihr Browser Web Fonts nicht unterst\u00fctzt, wird eine Standardschrift von Ihrem Computer genutzt.<\/p>\n\n\n\n<p>Weitere Informationen zu Google Web Fonts finden Sie unter&nbsp;<a rel=\"noreferrer noopener\" href=\"https:\/\/developers.google.com\/fonts\/faq\" target=\"_blank\">https:\/\/developers.google.com\/fonts\/faq<\/a>&nbsp;und in der Datenschutzerkl\u00e4rung von Google:&nbsp;<a rel=\"noreferrer noopener\" href=\"https:\/\/policies.google.com\/privacy?hl=de\" target=\"_blank\">https:\/\/policies.google.com\/privacy?hl=de<\/a>.<\/p>\n\n\n\n<h3 id=\"Google-reCAPTCHA\">Google reCAPTCHA<\/h3>\n\n\n\n<p>Wir nutzen \u201eGoogle reCAPTCHA\u201c (im Folgenden \u201ereCAPTCHA\u201c) auf dieser Website. Anbieter ist die Google Ireland Limited (\u201eGoogle\u201c), Gordon House, Barrow Street, Dublin 4, Irland.<\/p>\n\n\n\n<p>Mit reCAPTCHA soll \u00fcberpr\u00fcft werden, ob die Dateneingabe auf dieser Website (z.&nbsp;B. in einem Kontaktformular) durch einen Menschen oder durch ein automatisiertes Programm erfolgt. Hierzu analysiert reCAPTCHA das Verhalten des Websitebesuchers anhand verschiedener Merkmale. Diese Analyse beginnt automatisch, sobald der Websitebesucher die Website betritt. Zur Analyse wertet reCAPTCHA verschiedene Informationen aus (z.&nbsp;B. IP-Adresse, Verweildauer des Websitebesuchers auf der Website oder vom Nutzer get\u00e4tigte Mausbewegungen). Die bei der Analyse erfassten Daten werden an Google weitergeleitet.<\/p>\n\n\n\n<p>Die reCAPTCHA-Analysen laufen vollst\u00e4ndig im Hintergrund. Websitebesucher werden nicht darauf hingewiesen, dass eine Analyse stattfindet.<\/p>\n\n\n\n<p>Die Speicherung und Analyse der Daten erfolgt auf Grundlage von Art. 6 Abs. 1 lit. f DSGVO. Der Websitebetreiber hat ein berechtigtes Interesse daran, seine Webangebote vor missbr\u00e4uchlicher automatisierter Aussp\u00e4hung und vor SPAM zu sch\u00fctzen. Sofern eine entsprechende Einwilligung abgefragt wurde (z. B. eine Einwilligung zur Speicherung von Cookies), erfolgt die Verarbeitung ausschlie\u00dflich auf Grundlage von Art. 6 Abs. 1 lit. a DSGVO; die Einwilligung ist jederzeit widerrufbar.<\/p>\n\n\n\n<p>Weitere Informationen zu Google reCAPTCHA entnehmen Sie den Google-Datenschutzbestimmungen und den Google Nutzungsbedingungen unter folgenden Links:&nbsp;<a href=\"https:\/\/policies.google.com\/privacy?hl=de\" target=\"_blank\" rel=\"noreferrer noopener\">https:\/\/policies.google.com\/privacy?hl=de<\/a>&nbsp;und&nbsp;<a href=\"https:\/\/policies.google.com\/terms?hl=de\" target=\"_blank\" rel=\"noreferrer noopener\">https:\/\/policies.google.com\/terms?hl=de<\/a>.<\/p>\n","protected":false},"excerpt":{"rendered":"<p>Datenschutzerkl\u00e4rung bez\u00fcglich der Nutzung unserer Schulhomepage Diese Datenschutzerkl\u00e4rung kl\u00e4rt Sie \u00fcber die Art, den Umfang und Zweck der Verarbeitung von personenbezogenen Daten (nachfolgend kurz \u201eDaten\u201c genannt) innerhalb unseres Onlineangebotes und der mit ihm verbundenen Webseiten, Funktionen und Inhalte auf (nachfolgend gemeinsam bezeichnet als \u201eOnlineangebot\u201c). Im Hinblick auf die verwendeten Begrifflichkeiten, wie z. B. \u201eVerarbeitung\u201c oder &hellip; <\/p>\n<p class=\"link-more\"><a href=\"https:\/\/bseinzelh.musin.de\/mitte\/datenschutz-2\/\" class=\"more-link\"><span class=\"screen-reader-text\">\u201eDatenschutz\u201c <\/span>weiterlesen<\/a><\/p>\n","protected":false},"author":2,"featured_media":0,"parent":0,"menu_order":0,"comment_status":"closed","ping_status":"closed","template":"","meta":{"ngg_post_thumbnail":0},"_links":{"self":[{"href":"https:\/\/bseinzelh.musin.de\/mitte\/wp-json\/wp\/v2\/pages\/1149"}],"collection":[{"href":"https:\/\/bseinzelh.musin.de\/mitte\/wp-json\/wp\/v2\/pages"}],"about":[{"href":"https:\/\/bseinzelh.musin.de\/mitte\/wp-json\/wp\/v2\/types\/page"}],"author":[{"embeddable":true,"href":"https:\/\/bseinzelh.musin.de\/mitte\/wp-json\/wp\/v2\/users\/2"}],"replies":[{"embeddable":true,"href":"https:\/\/bseinzelh.musin.de\/mitte\/wp-json\/wp\/v2\/comments?post=1149"}],"version-history":[{"count":7,"href":"https:\/\/bseinzelh.musin.de\/mitte\/wp-json\/wp\/v2\/pages\/1149\/revisions"}],"predecessor-version":[{"id":54453,"href":"https:\/\/bseinzelh.musin.de\/mitte\/wp-json\/wp\/v2\/pages\/1149\/revisions\/54453"}],"wp:attachment":[{"href":"https:\/\/bseinzelh.musin.de\/mitte\/wp-json\/wp\/v2\/media?parent=1149"}],"curies":[{"name":"wp","href":"https:\/\/api.w.org\/{rel}","templated":true}]}}