{"id":1225,"date":"2018-11-21T16:24:51","date_gmt":"2018-11-21T16:24:51","guid":{"rendered":"http:\/\/www.bseinzelh.musin.de\/mitte\/?page_id=1225"},"modified":"2024-07-22T07:48:52","modified_gmt":"2024-07-22T07:48:52","slug":"schuelersprecher","status":"publish","type":"page","link":"https:\/\/bseinzelh.musin.de\/mitte\/schuelersprecher\/","title":{"rendered":"SMV &#8211; Sch\u00fclersprecherIn"},"content":{"rendered":"<h1>Unsere Sch\u00fclersprecherInnen f\u00fcr das Schuljahr 2024 \/ 25<\/h1>\n<p><strong> Hier werden im kommenden Schuljahr die neuen Sch\u00fclersprecher*innen vorgestellt.<br \/>\n<\/strong><\/p>\n<p><strong>&nbsp;<\/strong><\/p>\n<p>&nbsp;<\/p>\n<p>&nbsp; &nbsp; &nbsp;<\/p>\n","protected":false},"excerpt":{"rendered":"<p>Unsere Sch\u00fclersprecherInnen f\u00fcr das Schuljahr 2024 \/ 25 Hier werden im kommenden Schuljahr die neuen Sch\u00fclersprecher*innen vorgestellt. &nbsp; &nbsp; &nbsp; &nbsp; &nbsp;<\/p>\n","protected":false},"author":2,"featured_media":0,"parent":0,"menu_order":0,"comment_status":"closed","ping_status":"closed","template":"","meta":{"ngg_post_thumbnail":0},"_links":{"self":[{"href":"https:\/\/bseinzelh.musin.de\/mitte\/wp-json\/wp\/v2\/pages\/1225"}],"collection":[{"href":"https:\/\/bseinzelh.musin.de\/mitte\/wp-json\/wp\/v2\/pages"}],"about":[{"href":"https:\/\/bseinzelh.musin.de\/mitte\/wp-json\/wp\/v2\/types\/page"}],"author":[{"embeddable":true,"href":"https:\/\/bseinzelh.musin.de\/mitte\/wp-json\/wp\/v2\/users\/2"}],"replies":[{"embeddable":true,"href":"https:\/\/bseinzelh.musin.de\/mitte\/wp-json\/wp\/v2\/comments?post=1225"}],"version-history":[{"count":15,"href":"https:\/\/bseinzelh.musin.de\/mitte\/wp-json\/wp\/v2\/pages\/1225\/revisions"}],"predecessor-version":[{"id":329841,"href":"https:\/\/bseinzelh.musin.de\/mitte\/wp-json\/wp\/v2\/pages\/1225\/revisions\/329841"}],"wp:attachment":[{"href":"https:\/\/bseinzelh.musin.de\/mitte\/wp-json\/wp\/v2\/media?parent=1225"}],"curies":[{"name":"wp","href":"https:\/\/api.w.org\/{rel}","templated":true}]}}