{"id":211,"date":"2018-04-30T11:07:25","date_gmt":"2018-04-30T11:07:25","guid":{"rendered":"http:\/\/www.bseinzelh.musin.de\/mitte\/?page_id=211"},"modified":"2025-11-13T11:43:45","modified_gmt":"2025-11-13T11:43:45","slug":"kollegium","status":"publish","type":"page","link":"https:\/\/bseinzelh.musin.de\/mitte\/kollegium\/","title":{"rendered":"Kollegium"},"content":{"rendered":"\n<p>Unser <strong>Team<\/strong> der St\u00e4dtischen Berufsschule f\u00fcr den Einzelhandel am Standort Mitte. <\/p>\n\n\n\n<p>Sie k\u00f6nnen mit den KollegInnen per Email einen Termin vereinbaren, indem Sie den entsprechenden Namen anklicken.<\/p>\n\n\n\n<ol>\n<li><a href=\"mailto:julian.albrecht@bs-ehm.muenchen.musin.de\">Albrecht, Julian<\/a><\/li>\n\n\n\n<li><a href=\"mailto:w.bauer@etcev.de\">Bauer, Wolfgang<\/a><\/li>\n\n\n\n<li><a href=\"mailto:bs-einzelhandel-mitte@muenchen.de\" data-type=\"mailto\" data-id=\"mailto:bs-einzelhandel-mitte@muenchen.de\">Bernauer, Ann-Kathrin<\/a><\/li>\n\n\n\n<li><a href=\"Mailto:m.bloch@bs-ehm.muenchen.musin.de\">Bloch, Maria<\/a><\/li>\n\n\n\n<li><a href=\"mailto:s.daoud@etcev.de\">Daoud, Salam<\/a><\/li>\n\n\n\n<li><a href=\"mailto:b.doernhoefer@bs-ehm.muenchen.musin.de\" data-type=\"mailto\" data-id=\"mailto:b.doernhoefer@bs-ehm.muenchen.musin.de\">D\u00f6rnh\u00f6fer, Beate<\/a><\/li>\n\n\n\n<li><a href=\"mailto:peter.eberhard@bs-ehm.muenchen.musin.de\">Eberhard, Peter<\/a><\/li>\n\n\n\n<li><a href=\"mailto:c.eder@bs-ehm.muenchen.musin.de\">Eder, Christina<\/a><\/li>\n\n\n\n<li><a href=\"https:\/\/bseinzelh.musin.de\/mitte\/schulleiter\/\">Erban, Dr. Tanja (Schulleiterin)<\/a><\/li>\n\n\n\n<li><a href=\"mailto:christian.fezer@bs-ehm.muenchen.musin.de\">Fezer, Christian<\/a><\/li>\n\n\n\n<li><a href=\"https:\/\/bseinzelh.musin.de\/mitte\/beratungslehrkraft\/\">Galle, Sabine<\/a><\/li>\n\n\n\n<li><a href=\"mailto:bianca.heim@bs-ehm.muenchen.musin.de\">Heim, Bianca<\/a><\/li>\n\n\n\n<li><a href=\"mailto:matthias.herrmann@bs-ehm.muenchen.musin.de\">Herrmann, Matthias<\/a><\/li>\n\n\n\n<li><a href=\"mailto:henriette.hertle@bs-ehm.muenchen.musin.de\">Hertle, Henriette<\/a><\/li>\n\n\n\n<li><a href=\"mailto:juergen.hofer@bs-ehm.muenchen.musin.de\">Hofer, J\u00fcrgen<\/a><\/li>\n\n\n\n<li><a href=\"mailto:justin.hofmann@bs-ehm.muenchen.musin.de\">Hofmann, Justin<\/a><\/li>\n\n\n\n<li><a href=\"mailto:and.hoerl@bs-ehm.muenchen.musin.de\">H\u00f6rl, Andrea<\/a><\/li>\n\n\n\n<li><a href=\"mailto:silvia.hoetzel@bs-ehm.muenchen.musin.de\">H\u00f6tzel, Silvia<\/a><\/li>\n\n\n\n<li><a href=\"mailto:christian.jobst@bs-ehm.muenchen.musin.de\">Jobst, Christian<\/a><\/li>\n\n\n\n<li><a href=\"mailto:kristina.justus@bs-ehm.muenchen.musin.de\">Justus, Kristina<\/a><\/li>\n\n\n\n<li><a href=\"mailto:sil.karl@bs-ehm.muenchen.musin.de\" data-type=\"mailto\" data-id=\"mailto:sil.karl@bs-ehm.muenchen.musin.de\">Karl, Silvia<\/a><\/li>\n\n\n\n<li><a href=\"mailto:Matthias.Koeck@bs-ehm.muenchen.musin.de\">K\u00f6ck, Matthias<\/a><\/li>\n\n\n\n<li><a href=\"mailto:lutz.kohlmann@bs-ehm.muenchen.musin.de\">Kohlmann, Lutz (stv. Schulleiter)<\/a><\/li>\n\n\n\n<li><a href=\"mailto:miriam.laurer@bs-ehm.muenchen.musin.de\">Laurer, Miriam<\/a><\/li>\n\n\n\n<li><a href=\"mailto:thomas.lichtinger@bs-ehm.muenchen.musin.de\">Lichtinger, Thomas<\/a><\/li>\n\n\n\n<li><a href=\"mailto:f.luther@bs-ehm.muenchen.musin.de\">Luther, Franziska<\/a><\/li>\n\n\n\n<li><a href=\"mailto:jens.martensen@muenchen.de\">Martensen, Jens<\/a> (Mitarbeiter in der Schulleitung)<\/li>\n\n\n\n<li><a href=\"mailto:c.melniczuk@etc-muenchen.de\" data-type=\"mailto\" data-id=\"mailto:c.melniczuk@etc-muenchen.de\">Melniczuk, Chiara<\/a><\/li>\n\n\n\n<li><a href=\"mailto:fran.meyer@bs-ehm.muenchen.musin.de\">Meyer, Franziska<\/a><\/li>\n\n\n\n<li><a href=\"mailto:juliane.mueller@bs-ehm.muenchen.musin.de\">M\u00fcller, Juliane<\/a><\/li>\n\n\n\n<li>M\u00fcller-Weis, Christiane<\/li>\n\n\n\n<li><a href=\"mailto:verena.nikolajek@bs-ehm.muenchen.musin.de\">Nikolajek, Verena<\/a><\/li>\n\n\n\n<li><a href=\"mailto:markus.notzon@bs-ehm.muenchen.musin.de\">Notzon, Markus <\/a><\/li>\n\n\n\n<li><a href=\"mailto:Jasmine.Parziale@bs-ehm.muenchen.musin.de\">Parziale, Jasmine<\/a><\/li>\n\n\n\n<li><a href=\"mailto:bianca.perschke@bs-ehm.muenchen.musin.de\">Perschke, Bianca<\/a><\/li>\n\n\n\n<li><a href=\"mailto:cristina.peteanu@bs-ehm.muenchen.musin.de\">Peteanu, Cristina<\/a><\/li>\n\n\n\n<li><a href=\"mailto:christian.pfaller@bs-ehm.muenchen.musin.de\">Pfaller, Christian<\/a><\/li>\n\n\n\n<li><a href=\"mailto:irmgard.prachhart@bs-ehm.muenchen.musin.de\">Prachhart, Irmgard<\/a><\/li>\n\n\n\n<li><a href=\"mailto:maria.probst@bs-ehm.muenchen.musin.de\">Probst, Maria<\/a><\/li>\n\n\n\n<li><a href=\"mailto: susanne.raab@bs-ehm.muenchen.musin.de\">Raab, Susanne<\/a><\/li>\n\n\n\n<li><a href=\"mailto:bianca.rath@bs-ehm.muenchen.musin.de\">Rath, Bianca<\/a><\/li>\n\n\n\n<li><a href=\"mailto:mi.renz@bs-ehm.muenchen.musin.de\">Renz, Michael<\/a><\/li>\n\n\n\n<li><a href=\"mailto:ursula.rossgoderer@bs-ehm.muenchen.musin.de\">Ro\u00dfgoderer, Ursula<\/a><\/li>\n\n\n\n<li><a href=\"mailto:karin.rothenberger@bs-ehm.muenchen.musin.de\">Rothenberger, Karin<\/a><\/li>\n\n\n\n<li><a href=\"mailto:bs-einzelhandel-mitte@muenchen.de\" data-type=\"mailto\" data-id=\"mailto:bs-einzelhandel-mitte@muenchen.de\">Siegl, Christina<\/a><\/li>\n\n\n\n<li><a href=\"mailto:n.spendlinger@bs-ehm.muenchen.musin.de\">Spendlinger, Natasa<\/a><\/li>\n\n\n\n<li><a href=\"mailto:p.spoeri@bs-ehm.muenchen.musin.de\">Sp\u00f6ri, Patrick<\/a><\/li>\n\n\n\n<li><a href=\"mailto:melanie.stern@bs-ehm.muenchen.musin.de\">Stern, Melanie<\/a><\/li>\n\n\n\n<li><a href=\"mailto:christian.stefan@bs-ehm.muenchen.musin.de\">Stefan, Christian<\/a><\/li>\n\n\n\n<li><a href=\"mailto:sabine.tirpitz@bs-ehm.muenchen.musin.de\">Tirpitz, Sabine<\/a><\/li>\n\n\n\n<li><a href=\"mailto:norbert.trautwein@bs-ehm.muenchen.musin.de\">Trautwein, Norbert<\/a><\/li>\n\n\n\n<li><a href=\"m.waechtleraltun@bs-ehm.muenchen.musin.de\">W\u00e4chtler-Altun, Markus<\/a><\/li>\n\n\n\n<li><a href=\"mailto:ulrich.wimmer@bs-ehm.muenchen.musin.de\">Wimmer, Ulrich<\/a><\/li>\n\n\n\n<li><a href=\"mailto:ulla.wohlgeschaffen@bs-ehm.muenchen.musin.de\">Wohlgeschaffen, Ulla<\/a><\/li>\n\n\n\n<li><a href=\"mailto:sabine.wotha@bs-ehm.muenchen.musin.de\">Wotha, Sabine<\/a><\/li>\n\n\n\n<li><a href=\"mailto:ta.zlicar@bs-ehm.muenchen.musin.de\">Zlicar, Tatjana<\/a><\/li>\n<\/ol>\n","protected":false},"excerpt":{"rendered":"<p>Unser Team der St\u00e4dtischen Berufsschule f\u00fcr den Einzelhandel am Standort Mitte. Sie k\u00f6nnen mit den KollegInnen per Email einen Termin vereinbaren, indem Sie den entsprechenden Namen anklicken.<\/p>\n","protected":false},"author":1,"featured_media":0,"parent":0,"menu_order":0,"comment_status":"closed","ping_status":"closed","template":"","meta":{"ngg_post_thumbnail":0},"_links":{"self":[{"href":"https:\/\/bseinzelh.musin.de\/mitte\/wp-json\/wp\/v2\/pages\/211"}],"collection":[{"href":"https:\/\/bseinzelh.musin.de\/mitte\/wp-json\/wp\/v2\/pages"}],"about":[{"href":"https:\/\/bseinzelh.musin.de\/mitte\/wp-json\/wp\/v2\/types\/page"}],"author":[{"embeddable":true,"href":"https:\/\/bseinzelh.musin.de\/mitte\/wp-json\/wp\/v2\/users\/1"}],"replies":[{"embeddable":true,"href":"https:\/\/bseinzelh.musin.de\/mitte\/wp-json\/wp\/v2\/comments?post=211"}],"version-history":[{"count":60,"href":"https:\/\/bseinzelh.musin.de\/mitte\/wp-json\/wp\/v2\/pages\/211\/revisions"}],"predecessor-version":[{"id":407542,"href":"https:\/\/bseinzelh.musin.de\/mitte\/wp-json\/wp\/v2\/pages\/211\/revisions\/407542"}],"wp:attachment":[{"href":"https:\/\/bseinzelh.musin.de\/mitte\/wp-json\/wp\/v2\/media?parent=211"}],"curies":[{"name":"wp","href":"https:\/\/api.w.org\/{rel}","templated":true}]}}