{"id":217,"date":"2018-04-30T11:10:09","date_gmt":"2018-04-30T11:10:09","guid":{"rendered":"http:\/\/www.bseinzelh.musin.de\/mitte\/?page_id=217"},"modified":"2024-07-22T08:42:57","modified_gmt":"2024-07-22T08:42:57","slug":"sozialforum","status":"publish","type":"page","link":"https:\/\/bseinzelh.musin.de\/mitte\/sozialforum\/","title":{"rendered":"Sozialforum"},"content":{"rendered":"<p>Das <a href=\"https:\/\/bseinzelh.musin.de\/mitte\/wp-content\/uploads\/2024\/07\/Uebersicht-Sozialforum-BS-EH-M.pdf\" target=\"_blank\" rel=\"noopener\">Sozialforum<\/a> besteht aus folgenden Ansprechpartnern:<\/p>\n<p>Frau Galle als <a href=\"https:\/\/bseinzelh.musin.de\/mitte\/beratungslehrkraft\/\">Beratungslehrkraft<\/a><br>Tobias Negenborn als <a href=\"https:\/\/bseinzelh.musin.de\/mitte\/schulpsychologin\/\">Schulpsychologe<\/a><br>Frau Spendlinger und Herr Jobst als <a href=\"https:\/\/bseinzelh.musin.de\/mitte\/verbindungslehrkraefte-2\/\">Verbindungslehrk<span class=\"auto-style1\">r\u00e4fte<\/span><\/a><br>Frau Geiger und Herr Gro\u00dfkla\u00df in der <a href=\"https:\/\/bseinzelh.musin.de\/mitte\/team\/\">Schulsozialarbeit<\/a><br>Frau Nikolayek und Frau Probst als <a href=\"https:\/\/bseinzelh.musin.de\/mitte\/maedchenbeauftragte\/\">M\u00e4dchenbeauftragte<\/a>&nbsp; &nbsp; &nbsp; &nbsp; &nbsp; &nbsp; &nbsp; &nbsp; &nbsp; &nbsp; &nbsp; &nbsp; &nbsp; &nbsp; &nbsp; &nbsp; &nbsp; &nbsp; &nbsp; &nbsp; &nbsp; &nbsp; &nbsp; &nbsp; &nbsp; &nbsp; &nbsp; &nbsp; &nbsp; &nbsp; &nbsp; &nbsp; &nbsp; &nbsp; &nbsp; &nbsp; &nbsp; &nbsp; Herr Albrecht als <a href=\"https:\/\/bseinzelh.musin.de\/mitte\/jugendbeauftragter\/\">Jungenbeauftragter<\/a><\/p>\n<p>Frau Ro\u00dfgoderer als <a href=\"https:\/\/bseinzelh.musin.de\/mitte\/wp-content\/uploads\/2024\/04\/Lerncoach-Info.pdf\">Lerncoach<\/a><\/p>\n<p>Herr Renz als <a href=\"https:\/\/bseinzelh.musin.de\/mitte\/wp-content\/uploads\/2024\/07\/Renz.pdf\">Beauftragter f\u00fcr&nbsp;Diversit\u00e4t&nbsp;<\/a><br>Frau Prachhart als Suchtpr\u00e4ventionsbeauftragte<\/p>\n\n\n<p>Eine \u00dcbersicht aller Unterst\u00fctzungsangebote unserer Schule finden Sie <a href=\"https:\/\/bseinzelh.musin.de\/mitte\/wp-content\/uploads\/2024\/04\/Uebersicht-Sozialforum-BS-EH-M.pdf\">hier<\/a>.<\/p>\n","protected":false},"excerpt":{"rendered":"<p>Das Sozialforum besteht aus folgenden Ansprechpartnern: Frau Galle als BeratungslehrkraftTobias Negenborn als SchulpsychologeFrau Spendlinger und Herr Jobst als Verbindungslehrkr\u00e4fteFrau Geiger und Herr Gro\u00dfkla\u00df in der SchulsozialarbeitFrau Nikolayek und Frau Probst als M\u00e4dchenbeauftragte&nbsp; &nbsp; &nbsp; &nbsp; &nbsp; &nbsp; &nbsp; &nbsp; &nbsp; &nbsp; &nbsp; &nbsp; &nbsp; &nbsp; &nbsp; &nbsp; &nbsp; &nbsp; &nbsp; &nbsp; &nbsp; &nbsp; &nbsp; &nbsp; &hellip; <\/p>\n<p class=\"link-more\"><a href=\"https:\/\/bseinzelh.musin.de\/mitte\/sozialforum\/\" class=\"more-link\"><span class=\"screen-reader-text\">\u201eSozialforum\u201c <\/span>weiterlesen<\/a><\/p>\n","protected":false},"author":1,"featured_media":0,"parent":0,"menu_order":0,"comment_status":"closed","ping_status":"closed","template":"","meta":{"ngg_post_thumbnail":0},"_links":{"self":[{"href":"https:\/\/bseinzelh.musin.de\/mitte\/wp-json\/wp\/v2\/pages\/217"}],"collection":[{"href":"https:\/\/bseinzelh.musin.de\/mitte\/wp-json\/wp\/v2\/pages"}],"about":[{"href":"https:\/\/bseinzelh.musin.de\/mitte\/wp-json\/wp\/v2\/types\/page"}],"author":[{"embeddable":true,"href":"https:\/\/bseinzelh.musin.de\/mitte\/wp-json\/wp\/v2\/users\/1"}],"replies":[{"embeddable":true,"href":"https:\/\/bseinzelh.musin.de\/mitte\/wp-json\/wp\/v2\/comments?post=217"}],"version-history":[{"count":29,"href":"https:\/\/bseinzelh.musin.de\/mitte\/wp-json\/wp\/v2\/pages\/217\/revisions"}],"predecessor-version":[{"id":329885,"href":"https:\/\/bseinzelh.musin.de\/mitte\/wp-json\/wp\/v2\/pages\/217\/revisions\/329885"}],"wp:attachment":[{"href":"https:\/\/bseinzelh.musin.de\/mitte\/wp-json\/wp\/v2\/media?parent=217"}],"curies":[{"name":"wp","href":"https:\/\/api.w.org\/{rel}","templated":true}]}}