{"id":234,"date":"2018-04-30T16:59:50","date_gmt":"2018-04-30T16:59:50","guid":{"rendered":"http:\/\/www.bseinzelh.musin.de\/mitte\/?page_id=234"},"modified":"2024-05-06T11:55:00","modified_gmt":"2024-05-06T11:55:00","slug":"berufsbild","status":"publish","type":"page","link":"https:\/\/bseinzelh.musin.de\/mitte\/berufsbild\/","title":{"rendered":"Berufsbilder"},"content":{"rendered":"<h3><strong>Die T\u00e4tigkeit als Einzelh\u00e4ndlerIn bzw. Verk\u00e4uferIn<\/strong><\/h3>\n<p>Wir beschulen Kaufleute im Einzelhandel, Verk\u00e4uferInnen und TankwartInnen sowie Musikalienh\u00e4ndlerInnen (nur im ersten Ausbildungsjahr).<\/p>\n<p>Mit einer dreij\u00e4hrigen Berufsausbildung haben Sie gute Aufstiegschancen zum Erstverk\u00e4ufer, Substituten, Abteilungsleiter usw.<\/p>\n<p>Wie Sie vorzeitig zur Abschlusspr\u00fcfung zugelassen werden k\u00f6nnen, lesen Sie in den Infos zur IHK-Pr\u00fcfung.<\/p>\n<h3><strong>Die Ausbildung zum\/zur Einzelh\u00e4ndlerIn bzw. Verk\u00e4uferIn<\/strong><\/h3>\n<p><span class=\"gruen\"><strong>Voraussetzungen<\/strong><\/span><strong>: <\/strong><\/p>\n<p>alle Schulabschl\u00fcsse, Quali erw\u00fcnscht<\/p>\n<p><span class=\"gruen\"><strong>Ausbildungsdauer<\/strong><\/span><strong>: <\/strong><\/p>\n<p><strong><em>Einzelhandelskaufleute:<\/em><\/strong> 3 Jahre, Verk\u00fcrzung auf 2,5 Jahre oder 2 Jahre m\u00f6glich (bei guter Vorbildung + guten schulischen Leistungen)<\/p>\n<p><strong><em>Verk\u00e4uferIn:&nbsp;<\/em><\/strong>2 Jahre, bei gutem Abschluss ist meist eine Verl\u00e4ngerung zum Einzelh\u00e4ndler m\u00f6glich.<\/p>\n<p class=\"gruen\"><strong>Ausbildungsinhalte:<\/strong><\/p>\n<ul>\n<li>Der Ausbildungsbetrieb:\n<ul>\n<li>Stellung des Einzelhandels in der Gesamtwirtschaft,<\/li>\n<li>Struktur des Einzelhandels,<\/li>\n<li>Stellung des Ausbildungsbetriebes am Markt,<\/li>\n<li>Organisation des Ausbildungsbetriebes,<\/li>\n<li>Berufsbildung,<\/li>\n<li>Arbeitssicherheit, Umweltschutz und rationelle Energieverwendung,<\/li>\n<li>Warenwirtschaft<\/li>\n<\/ul>\n<\/li>\n<li>Beschaffung:\n<ul>\n<li>Einkaufsplanung,<\/li>\n<li>Einkaufsabwicklung<\/li>\n<\/ul>\n<\/li>\n<li>Lagerung:\n<ul>\n<li>Warenannahme,<\/li>\n<li>Warenlagerung,<\/li>\n<li>Bestands\u00fcberwachung<\/li>\n<\/ul>\n<\/li>\n<li>Absatz:\n<ul>\n<li>Verkaufsvorbereitung,<\/li>\n<li>Beratung und Verkauf,<\/li>\n<li>Verkaufsabrechnung,<\/li>\n<li>Werbung und Verkaufsf\u00f6rderung,<\/li>\n<li>Warensortimente<\/li>\n<\/ul>\n<\/li>\n<li>Personalwesen<\/li>\n<li>Rechnungswesen<\/li>\n<\/ul>\n<p class=\"gruen\"><strong>Weiterbildung:<\/strong><\/p>\n<p>Mit dem mittleren Schulabschluss (\u00d8 3,0 im Abschlusszeugnis der Berufsschule, ausreichende Englischkenntnisse) besteht die M\u00f6glichkeit des \u00dcbertritts zur FOS, BOS.<\/p>\n<p>Weiterbildung zum Handelsfachwirt, Betriebswirt, Handelsassistent.<\/p>\n<p class=\"gruen\"><strong>Berufsschultage:<\/strong><\/p>\n<p><em>1. Ausbildungsjahr:<\/em> 1,5 Wochentage<\/p>\n<p><em>2. Ausbildungsjahr: <\/em>1 Wochentag<\/p>\n<p><em>3. Ausbildungsjahr:<\/em> 1 Wochentag<\/p>\n<h3><a name=\"pruefung\"><\/a><strong>Die Abschlusspr\u00fcfung (IHK-Pr\u00fcfung)<\/strong><\/h3>\n<p>Ausf\u00fchrliche Informationen zur Abschlusspr\u00fcfung bekommen Sie <a href=\"http:\/\/www.bseinzelh.musin.de\/mitte\/ihk\/\"><strong>hier<\/strong><\/a>.<\/p>\n","protected":false},"excerpt":{"rendered":"<p>Die T\u00e4tigkeit als Einzelh\u00e4ndlerIn bzw. Verk\u00e4uferIn Wir beschulen Kaufleute im Einzelhandel, Verk\u00e4uferInnen und TankwartInnen sowie Musikalienh\u00e4ndlerInnen (nur im ersten Ausbildungsjahr). Mit einer dreij\u00e4hrigen Berufsausbildung haben Sie gute Aufstiegschancen zum Erstverk\u00e4ufer, Substituten, Abteilungsleiter usw. Wie Sie vorzeitig zur Abschlusspr\u00fcfung zugelassen werden k\u00f6nnen, lesen Sie in den Infos zur IHK-Pr\u00fcfung. Die Ausbildung zum\/zur Einzelh\u00e4ndlerIn bzw. Verk\u00e4uferIn Voraussetzungen: &hellip; <\/p>\n<p class=\"link-more\"><a href=\"https:\/\/bseinzelh.musin.de\/mitte\/berufsbild\/\" class=\"more-link\"><span class=\"screen-reader-text\">\u201eBerufsbilder\u201c <\/span>weiterlesen<\/a><\/p>\n","protected":false},"author":1,"featured_media":0,"parent":0,"menu_order":0,"comment_status":"closed","ping_status":"closed","template":"","meta":{"ngg_post_thumbnail":0},"_links":{"self":[{"href":"https:\/\/bseinzelh.musin.de\/mitte\/wp-json\/wp\/v2\/pages\/234"}],"collection":[{"href":"https:\/\/bseinzelh.musin.de\/mitte\/wp-json\/wp\/v2\/pages"}],"about":[{"href":"https:\/\/bseinzelh.musin.de\/mitte\/wp-json\/wp\/v2\/types\/page"}],"author":[{"embeddable":true,"href":"https:\/\/bseinzelh.musin.de\/mitte\/wp-json\/wp\/v2\/users\/1"}],"replies":[{"embeddable":true,"href":"https:\/\/bseinzelh.musin.de\/mitte\/wp-json\/wp\/v2\/comments?post=234"}],"version-history":[{"count":12,"href":"https:\/\/bseinzelh.musin.de\/mitte\/wp-json\/wp\/v2\/pages\/234\/revisions"}],"predecessor-version":[{"id":311203,"href":"https:\/\/bseinzelh.musin.de\/mitte\/wp-json\/wp\/v2\/pages\/234\/revisions\/311203"}],"wp:attachment":[{"href":"https:\/\/bseinzelh.musin.de\/mitte\/wp-json\/wp\/v2\/media?parent=234"}],"curies":[{"name":"wp","href":"https:\/\/api.w.org\/{rel}","templated":true}]}}