{"id":236,"date":"2018-04-30T16:59:50","date_gmt":"2018-04-30T16:59:50","guid":{"rendered":"http:\/\/www.bseinzelh.musin.de\/mitte\/?page_id=236"},"modified":"2019-03-26T18:30:37","modified_gmt":"2019-03-26T18:30:37","slug":"ihk","status":"publish","type":"page","link":"https:\/\/bseinzelh.musin.de\/mitte\/ihk\/","title":{"rendered":"IHK-Abschlusspr\u00fcfung"},"content":{"rendered":"<p><a href=\"http:\/\/www.ihk-aka.de\/pruefungen\" target=\"_blank\" rel=\"noopener\">Termine der n\u00e4chsten Pr\u00fcfungen<\/a> | <a href=\"https:\/\/www.ihk-muenchen.de\/de\/\">Infos der IHK<\/a> | <a href=\"https:\/\/www.ihk-aka.de\/startseite\">Infos der AkA-N\u00fcrnberg<\/a><\/p>\n<p><img decoding=\"async\" loading=\"lazy\" class=\"alignnone wp-image-593\" src=\"http:\/\/www.bseinzelh.musin.de\/mitte\/wp-content\/uploads\/2018\/05\/pencil-3326180_1920-300x225.jpg\" alt=\"\" width=\"557\" height=\"418\" srcset=\"https:\/\/bseinzelh.musin.de\/mitte\/wp-content\/uploads\/2018\/05\/pencil-3326180_1920-300x225.jpg 300w, https:\/\/bseinzelh.musin.de\/mitte\/wp-content\/uploads\/2018\/05\/pencil-3326180_1920-768x576.jpg 768w, https:\/\/bseinzelh.musin.de\/mitte\/wp-content\/uploads\/2018\/05\/pencil-3326180_1920-1024x768.jpg 1024w, https:\/\/bseinzelh.musin.de\/mitte\/wp-content\/uploads\/2018\/05\/pencil-3326180_1920.jpg 1920w\" sizes=\"(max-width: 557px) 100vw, 557px\" \/><a name=\"eh\"><\/a><\/p>\n","protected":false},"excerpt":{"rendered":"<p>Termine der n\u00e4chsten Pr\u00fcfungen | Infos der IHK | Infos der AkA-N\u00fcrnberg<\/p>\n","protected":false},"author":1,"featured_media":0,"parent":0,"menu_order":0,"comment_status":"closed","ping_status":"closed","template":"","meta":{"ngg_post_thumbnail":0},"_links":{"self":[{"href":"https:\/\/bseinzelh.musin.de\/mitte\/wp-json\/wp\/v2\/pages\/236"}],"collection":[{"href":"https:\/\/bseinzelh.musin.de\/mitte\/wp-json\/wp\/v2\/pages"}],"about":[{"href":"https:\/\/bseinzelh.musin.de\/mitte\/wp-json\/wp\/v2\/types\/page"}],"author":[{"embeddable":true,"href":"https:\/\/bseinzelh.musin.de\/mitte\/wp-json\/wp\/v2\/users\/1"}],"replies":[{"embeddable":true,"href":"https:\/\/bseinzelh.musin.de\/mitte\/wp-json\/wp\/v2\/comments?post=236"}],"version-history":[{"count":15,"href":"https:\/\/bseinzelh.musin.de\/mitte\/wp-json\/wp\/v2\/pages\/236\/revisions"}],"predecessor-version":[{"id":425490,"href":"https:\/\/bseinzelh.musin.de\/mitte\/wp-json\/wp\/v2\/pages\/236\/revisions\/425490"}],"wp:attachment":[{"href":"https:\/\/bseinzelh.musin.de\/mitte\/wp-json\/wp\/v2\/media?parent=236"}],"curies":[{"name":"wp","href":"https:\/\/api.w.org\/{rel}","templated":true}]}}