{"id":241,"date":"2018-04-30T17:01:45","date_gmt":"2018-04-30T17:01:45","guid":{"rendered":"http:\/\/www.bseinzelh.musin.de\/mitte\/?page_id=241"},"modified":"2023-02-08T11:13:06","modified_gmt":"2023-02-08T11:13:06","slug":"englisch","status":"publish","type":"page","link":"https:\/\/bseinzelh.musin.de\/mitte\/englisch\/","title":{"rendered":"Englisch"},"content":{"rendered":"<p>Englisch ist <strong>Pflichtfach<\/strong> in allen Klassen.<\/p>\n<p>Der <strong>Unterricht<\/strong> findet grunds\u00e4tzlich <strong>einst\u00fcndig<\/strong> statt.<\/p>\n<p>Grundlage f\u00fcr den Unterricht ist das <strong>Buch &#8218;Shopping Matters&#8216;<\/strong>.<\/p>\n<p><img decoding=\"async\" loading=\"lazy\" class=\"alignnone wp-image-604\" src=\"http:\/\/www.bseinzelh.musin.de\/mitte\/wp-content\/uploads\/2018\/05\/english-2724442_1920-300x193.jpg\" alt=\"\" width=\"542\" height=\"349\" srcset=\"https:\/\/bseinzelh.musin.de\/mitte\/wp-content\/uploads\/2018\/05\/english-2724442_1920-300x193.jpg 300w, https:\/\/bseinzelh.musin.de\/mitte\/wp-content\/uploads\/2018\/05\/english-2724442_1920-768x494.jpg 768w, https:\/\/bseinzelh.musin.de\/mitte\/wp-content\/uploads\/2018\/05\/english-2724442_1920-1024x658.jpg 1024w, https:\/\/bseinzelh.musin.de\/mitte\/wp-content\/uploads\/2018\/05\/english-2724442_1920.jpg 1920w\" sizes=\"(max-width: 542px) 100vw, 542px\" \/><\/p>\n<p>F\u00fcr den <strong>Mittleren Bildungsabschluss<\/strong> brauchen Sie in Ihrem letzten Ausbildungsjahr:<\/p>\n<ul>\n<li>die bestandene IHK-Pr\u00fcfung&nbsp;<\/li>\n<li>im <strong>Fach Englisch<\/strong>&nbsp;<strong>mindestens<\/strong> die <strong>Note 4<\/strong> (Niveau B1)<\/li>\n<li>einen Mindestdurchschnitt von 3,0 oder besser im Abschlusszeugnis der Berufsschule<\/li>\n<\/ul>\n<p><strong>Das Englisch-Team w\u00fcnscht Ihnen viel Erfolg!<\/strong><\/p>\n","protected":false},"excerpt":{"rendered":"<p>Englisch ist Pflichtfach in allen Klassen. Der Unterricht findet grunds\u00e4tzlich einst\u00fcndig statt. Grundlage f\u00fcr den Unterricht ist das Buch &#8218;Shopping Matters&#8216;. F\u00fcr den Mittleren Bildungsabschluss brauchen Sie in Ihrem letzten Ausbildungsjahr: die bestandene IHK-Pr\u00fcfung&nbsp; im Fach Englisch&nbsp;mindestens die Note 4 (Niveau B1) einen Mindestdurchschnitt von 3,0 oder besser im Abschlusszeugnis der Berufsschule Das Englisch-Team w\u00fcnscht &hellip; <\/p>\n<p class=\"link-more\"><a href=\"https:\/\/bseinzelh.musin.de\/mitte\/englisch\/\" class=\"more-link\"><span class=\"screen-reader-text\">\u201eEnglisch\u201c <\/span>weiterlesen<\/a><\/p>\n","protected":false},"author":1,"featured_media":0,"parent":0,"menu_order":0,"comment_status":"closed","ping_status":"closed","template":"","meta":{"ngg_post_thumbnail":0},"_links":{"self":[{"href":"https:\/\/bseinzelh.musin.de\/mitte\/wp-json\/wp\/v2\/pages\/241"}],"collection":[{"href":"https:\/\/bseinzelh.musin.de\/mitte\/wp-json\/wp\/v2\/pages"}],"about":[{"href":"https:\/\/bseinzelh.musin.de\/mitte\/wp-json\/wp\/v2\/types\/page"}],"author":[{"embeddable":true,"href":"https:\/\/bseinzelh.musin.de\/mitte\/wp-json\/wp\/v2\/users\/1"}],"replies":[{"embeddable":true,"href":"https:\/\/bseinzelh.musin.de\/mitte\/wp-json\/wp\/v2\/comments?post=241"}],"version-history":[{"count":9,"href":"https:\/\/bseinzelh.musin.de\/mitte\/wp-json\/wp\/v2\/pages\/241\/revisions"}],"predecessor-version":[{"id":221293,"href":"https:\/\/bseinzelh.musin.de\/mitte\/wp-json\/wp\/v2\/pages\/241\/revisions\/221293"}],"wp:attachment":[{"href":"https:\/\/bseinzelh.musin.de\/mitte\/wp-json\/wp\/v2\/media?parent=241"}],"curies":[{"name":"wp","href":"https:\/\/api.w.org\/{rel}","templated":true}]}}