{"id":242,"date":"2018-04-30T17:01:45","date_gmt":"2018-04-30T17:01:45","guid":{"rendered":"http:\/\/www.bseinzelh.musin.de\/mitte\/?page_id=242"},"modified":"2018-05-01T08:30:20","modified_gmt":"2018-05-01T08:30:20","slug":"schulpflicht","status":"publish","type":"page","link":"https:\/\/bseinzelh.musin.de\/mitte\/schulpflicht\/","title":{"rendered":"Schulpflicht"},"content":{"rendered":"<h1><strong>Vollzeitschulpflicht \/ Berufsschulpflicht <\/strong><\/h1>\n<p>Das Schulpflichtgesetz ist als eigenst\u00e4ndiges Gesetz aufgehoben und wurde zum 1.8.1994 in das BayEUG \u00fcbernommen:<\/p>\n<p>BayEUG, Zweiter Teil, Abschnitt IV Artikel 35 &#8211; 44 + Sechster Teil, Artikel 118 &#8211; 119<\/p>\n<ul>\n<li>Art. 35 (2) Die Schulpflicht dauert 12 Jahre<\/li>\n<li>Art. 35 (3) Sie gliedert sich in Vollzeitschulpflicht (9 Schuljahre) und Berufsschulpflicht (3Jahre)<\/li>\n<\/ul>\n<p><em>Hinweis: Der freiwillige Besuch der Hauptschule kann nicht der Berufsschulpflicht zugeordnet werden. <\/em><\/p>\n<p><strong>Jugendliche mit Ausbildungsverh\u00e4ltnis <\/strong><\/p>\n<p>Art. 39 (2)<br \/>\nWer in einem Ausbildungsverh\u00e4ltnis &#8230; steht, ist bis zum Ende des Schuljahres berufsschulpflichtig, in dem das 21. Lebensjahr vollendet wird;<br \/>\ndavon ausgenommen sind Auszubildende mit Hochschulzugangsberechtigung (Fachhochschulreife, Hochschulreife). Die Berufsschulpflicht endet mit dem Abschluss einer staatlich anerkannten Berufsausbildung.<\/p>\n<p><em><strong>Hinweis:<\/strong> Jeder Jugendliche mit mittlerem Schulabschluss und mit Ausbildungsverh\u00e4ltnis ist bis zur Beendigung der Ausbildung berufsschulpflichtig, unabh\u00e4ngig von den Schulbesuchsjahren. Wer einen Vertrag f\u00fcr eine zweite Berufsausbildung abgeschlossen hat, ist nicht berufsschulpflichtig, sondern berechtigt. <\/em><\/p>\n<p><strong>Jugendliche ohne Ausbildungsverh\u00e4ltnis <\/strong><\/p>\n<p>Vom <strong>Besuch<\/strong> der <strong>Berufsschule<\/strong> ist <strong>befreit<\/strong> (Art. 39 (3) ohne Antrag), wer<\/p>\n<ol>\n<li>in den Vorbereitungsdienst einer Laufbahn des mittleren Dienstes eingestellt wurde,<\/li>\n<li>der Bundeswehr, dem Bundesgrenzschutz oder der Bayerischen Bereitschaftspolizei angeh\u00f6rt,<\/li>\n<li>ein Berufsvorbereitungsjahr, das Berufsgrundschuljahr, ein Vollzeitjahr an einer \u00f6ffentlichen oder staatlich anerkannten Berufsfachschule oder einen einj\u00e4hrigen Vollzeitlehrgang, der der Berufsvorbereitung dient, (in Verbindung mit dem Berufsschulbesuch) mit Erfolg besucht hat,<\/li>\n<li>den mittleren Schulabschluss erreicht hat,<\/li>\n<li>von der Berufsschule nach Art 86 Abs. 4 Satz 2 entlassen ist (Ordnungsma\u00dfnahmen),<\/li>\n<li>an einem sozialen oder \u00f6kologischen Jahr teilnimmt<br \/>\n(KMS vom 5.11.1999,\u00a0VII\/10-S9321-13\/117 165)<\/li>\n<\/ol>\n<p><em><strong>Hinweis:<\/strong> Die Berufsschulpflicht lebt wieder auf, wenn eine Ausbildung begonnen wird. <\/em><\/p>\n<p><strong>Befreiung auf schriftlichen Antrag\u00a0(Art. 39(4) \/ \u00a721, Abs. 1 BSO) <\/strong><\/p>\n<p>Berufsschulpflichtige ohne Ausbildungsverh\u00e4ltnis k\u00f6nnen allgemein oder im Einzelfall vom Besuch der Berufsschule befreit werden (also auf Antrag bei der zust\u00e4ndigen Berufsschule):<\/p>\n<ol>\n<li>bei einem Besuch von Vollzeitlehrg\u00e4ngen, die der Vorbereitung auf staatlich geregelte schulische Abschlusspr\u00fcfungen dienen (z. B. Quali-Kurs, Vorbereitung auf Externenpr\u00fcfung zum mittleren Schulabschluss) und bei Teilnahme an bestimmten berufsvorbereitenden Ma\u00dfnahmen des Arbeitsamtes (z. B. tip, JUMP)<br \/>\n<em>Hinweis: Auch hier lebt die Berufsschulpflicht wieder auf, wenn ein Ausbildungsverh\u00e4ltnis eingegangen wird. <\/em><\/li>\n<li>nach 11 Schulbesuchsjahren, wenn ein Besch\u00e4ftigungsverh\u00e4ltnis besteht (bei Schulbesuchsjahren z\u00e4hlen auch Wiederholungsjahre und der freiwillige Besuch der Hauptschule),<\/li>\n<li>bei Vorliegen eines H\u00e4rtefalls (z. B. soziale oder \u00f6konomische Verh\u00e4ltnisse, aber immer nur im Einzelfall)<br \/>\nHinweis: Bei Wegfall des Befreiungsgrundes bzw. bei Abschluss eines Berufsausbildungsvertrages lebt die Berufsschulpflicht wieder auf.<\/li>\n<\/ol>\n<p><strong>Beurlaubung auf schriftlichen Antrag (\u00a7 22, Abs. 7 BSO und Abs. 5 Satz I)<\/strong> ist befristet und wird von der Schulleitung entschieden:<\/p>\n<ol>\n<li>Schwangerschaft, Mutterschaft, Versorgung des Kindes<\/li>\n<li>Heirat (bei Vorliegen besonderer Gr\u00fcnde)<\/li>\n<li>dringender Ausnahmefall<\/li>\n<\/ol>\n<p>&#8222;\u00dcber Antr\u00e4ge auf Befreiung vom Besuch der Berufsschule nach\u00a0Art. 39 Abs. 4 BayEUG entscheidet die Schule.&#8220;\u00a0(BSO \u00a7 21 Abs. 1) &#8222;Zust\u00e4ndig f\u00fcr die Entscheidung \u00fcber Beurlaubungen. . . ist die Schule.&#8220;<br \/>\n(BSO \u00a7 22 Absatz 5 Satz 1) 22 Absatz 5 Satz 1)<\/p>\n","protected":false},"excerpt":{"rendered":"<p>Vollzeitschulpflicht \/ Berufsschulpflicht Das Schulpflichtgesetz ist als eigenst\u00e4ndiges Gesetz aufgehoben und wurde zum 1.8.1994 in das BayEUG \u00fcbernommen: BayEUG, Zweiter Teil, Abschnitt IV Artikel 35 &#8211; 44 + Sechster Teil, Artikel 118 &#8211; 119 Art. 35 (2) Die Schulpflicht dauert 12 Jahre Art. 35 (3) Sie gliedert sich in Vollzeitschulpflicht (9 Schuljahre) und Berufsschulpflicht (3Jahre) &hellip; <\/p>\n<p class=\"link-more\"><a href=\"https:\/\/bseinzelh.musin.de\/mitte\/schulpflicht\/\" class=\"more-link\"><span class=\"screen-reader-text\">\u201eSchulpflicht\u201c <\/span>weiterlesen<\/a><\/p>\n","protected":false},"author":1,"featured_media":0,"parent":0,"menu_order":0,"comment_status":"closed","ping_status":"closed","template":"","meta":{"ngg_post_thumbnail":0},"_links":{"self":[{"href":"https:\/\/bseinzelh.musin.de\/mitte\/wp-json\/wp\/v2\/pages\/242"}],"collection":[{"href":"https:\/\/bseinzelh.musin.de\/mitte\/wp-json\/wp\/v2\/pages"}],"about":[{"href":"https:\/\/bseinzelh.musin.de\/mitte\/wp-json\/wp\/v2\/types\/page"}],"author":[{"embeddable":true,"href":"https:\/\/bseinzelh.musin.de\/mitte\/wp-json\/wp\/v2\/users\/1"}],"replies":[{"embeddable":true,"href":"https:\/\/bseinzelh.musin.de\/mitte\/wp-json\/wp\/v2\/comments?post=242"}],"version-history":[{"count":6,"href":"https:\/\/bseinzelh.musin.de\/mitte\/wp-json\/wp\/v2\/pages\/242\/revisions"}],"predecessor-version":[{"id":613,"href":"https:\/\/bseinzelh.musin.de\/mitte\/wp-json\/wp\/v2\/pages\/242\/revisions\/613"}],"wp:attachment":[{"href":"https:\/\/bseinzelh.musin.de\/mitte\/wp-json\/wp\/v2\/media?parent=242"}],"curies":[{"name":"wp","href":"https:\/\/api.w.org\/{rel}","templated":true}]}}