{"id":258,"date":"2018-04-30T17:13:10","date_gmt":"2018-04-30T17:13:10","guid":{"rendered":"http:\/\/www.bseinzelh.musin.de\/mitte\/?page_id=258"},"modified":"2020-03-20T11:26:28","modified_gmt":"2020-03-20T11:26:28","slug":"schulprofil","status":"publish","type":"page","link":"https:\/\/bseinzelh.musin.de\/mitte\/schulprofil\/","title":{"rendered":"Schulprofil"},"content":{"rendered":"<h1><strong>Unser Leitbild<\/strong><\/h1>\n<p><i>&#8222;Der Mensch muss sich in der Welt selbst forthelfen. Dies zu lehren ist unsere Aufgabe.&#8220; <\/i><\/p>\n<p><i>Johann Heinrich Pestalozzi &nbsp;(1746 &#8211; 1827)<\/i><\/p>\n<h1><strong>Unsere Leitziele<\/strong><\/h1>\n<p>Ziele unserer Schule sind<\/p>\n<ul>\n<li>Vermittlung von beruflicher Kompetenz<\/li>\n<li>Erziehung zu eigen- und sozialverantwortlichen Pers\u00f6nlichkeiten<\/li>\n<li>F\u00f6rderung der Gleichberechtigung von M\u00e4dchen und Jungen<\/li>\n<li>St\u00e4rkung der interkulturellen Kompetenz und der gesellschaftlichen Solidarit\u00e4t, besonders gegen\u00fcber Minderheiten<\/li>\n<li>F\u00f6rderung der Integration von Sch\u00fclerinnen und Sch\u00fclern mit Migrationshintergrund<\/li>\n<li>Erhaltung und F\u00f6rderung von Lebensst\u00e4rke und Leistungsbereitschaft f\u00fcr die beruflichen Anforderungen<\/li>\n<li>Erziehung zur Achtung gegen\u00fcber der Umwelt<\/li>\n<\/ul>\n<p>Bei der Vermittlung von Fachwissen wird f\u00fcr die Sch\u00fclerinnen und Sch\u00fcler die M\u00f6glichkeit zum Erwerb von \u00fcberfachlichen Schl\u00fcsselqualifikationen geschaffen. Durch die Vertiefung von Methoden- und Medienkompetenz werden die Auszubildenden auf ein lebensbegleitendes Lernen und auf gesellschaftliche und berufliche Entwicklungen vorbereitet.<\/p>\n<p>Unsere Sch\u00fclerinnen und Sch\u00fcler stehen auf der Schwelle zwischen Jugend und dem erwachsenen Leben in der Arbeitswelt. Wir schaffen verl\u00e4ssliche und wertsch\u00e4tzende Rahmenbedingungen, die Lebensst\u00e4rke und Eigenverantwortung f\u00f6rdern, damit sie ihren Lebensraum physisch und psychisch gesund bew\u00e4ltigen.<\/p>\n<h2><strong>Ausbildungsberufe und -branchen<\/strong><\/h2>\n<p>Die Berufsschule f\u00fcr den Einzelhandel Mitte ist eine kaufm\u00e4nnische Berufsschule mit ca. 1600 Sch\u00fclerinnen und Sch\u00fclern f\u00fcr die Berufe Kauffrau\/Kaufmann im Einzelhandel (3 Jahre Ausbildungsdauer) und Verk\u00e4uferin\/Verk\u00e4ufer (2 Jahre). F\u00fcr alle Ausbildungsklassen gilt die Teilzeitform mit einem bzw. 1\u00bd Berufsschultagen pro Woche.<\/p>\n<p>Unsere Sch\u00fclerinnen und Sch\u00fclern sind in ca. 15 Einzelhandelsbranchen (wie z. B. Textil, Lebensmittel, Kosmetik, Heimwerker, Haushalt, Schuh- und Lederwaren, B\u00fcrowirtschaft) t\u00e4tig. Die Gr\u00f6\u00dfe der Schule erm\u00f6glicht es, die Klassen nach Branchen bzw. einem Mix aus zwei Branchen zu bilden. Dies hat den Vorteil, dass auf die spezifischen Besonderheiten der einzelnen Branchen eingegangen werden kann.<\/p>\n<p>Dar\u00fcber hinaus gibt es noch eine Klasse des Berufsvorbereitungsjahres (BVJ) mit Vollzeitunterricht, die \u00fcber den produktorientierten Ansatz an die berufliche Realit\u00e4t herangef\u00fchrt wird. Dieses Angebot wird ab Schuljahr 2020\/21 um ein kooperatives Berufsvorbereitungsjahr (BVJ\/k) f\u00fcr berufsschulpflichtige Jugendliche ohne Ausbildungsplatz und eine Halbjahresklasse f\u00fcr Ausbildungsabrecher\/innen erweitert werden. Beide Klassen sollen ebenfalls in Vollzeitunterricht angeboten werden.<\/p>\n<h2><strong>Unterrichtsformen<\/strong><\/h2>\n<p>Aus der Bandbreite der Unterrichtsformen, die an der Schule angewendet werden, kann man zwei Schwerpunkte hervorheben:<\/p>\n<ul>\n<li><strong>Der \u201eklassische\u201c erarbeitende Unterricht<\/strong>, in dem die Lehrkr\u00e4fte den Unterrichtsverlauf sowie die Problem- und Aufgabenstellung vorgeben. Der Unterrichtsstoff wird fragend-entwickelnd bzw. in Einzel-, Partner- oder Gruppenarbeit erschlossen. Die Sch\u00fclerinnen und Sch\u00fclern k\u00f6nnen hier das erforderliche Fachwissen f\u00fcr ihren Beruf erwerben und werden auf die Abschlusspr\u00fcfung der IHK vorbereitet. Referate, Unterrichtsg\u00e4nge, Kurzprojekte sowie ein vielf\u00e4ltiger Medieneinsatz (z. B. Filme, Internet, Videokamera) geh\u00f6ren zum methodischen Repertoire dieser Unterrichtsform.<\/li>\n<li><strong>Der sch\u00fcleraktivierende, f\u00e4cherverbindende Unterricht <\/strong>mit Anteilen von eigenverantwortlichem Arbeiten legt neben der Vermittlung von Faktenwissen besonderen Wert auf den Erwerb von Schl\u00fcsselqualifikationen. Ziele sind Fach-, Methoden- und Sozialkompetenz, erg\u00e4nzt durch personale Kompetenzen. In speziell gestalteten Klassenr\u00e4umen (Gruppen-Sitzordnung, freier Zugang zu vielf\u00e4ltigen Informationsquellen) bearbeiten die Sch\u00fclerinnen und Sch\u00fclern unter anderem in einer Modellfirma selbstst\u00e4ndig Arbeitsauftr\u00e4ge, die von den Lehrkr\u00e4ften praxisnah und problemorientiert zusammengestellt wurden. Die Rolle der Lehrkraft bekommt dabei andere Schwerpunkte: Weniger frontale Stoffvermittlung, mehr Vorbereitung, Begleitung und Steuerung der Prozesse des individuellen Lernens und des Lernens in der Gruppe.<\/li>\n<\/ul>\n<h2><strong>Zusatzangebote im t\u00e4glichen Unterricht<\/strong><\/h2>\n<p>Je nach Klasse und beteiligten Lehrkr\u00e4ften gibt es dar\u00fcber hinaus folgende Angebote:<\/p>\n<ul>\n<li><strong>Bedarfsorientierte Budgetierung<\/strong> (BOB-Stunden): Dieses Instrument erm\u00f6glicht Teilungsstunden und f\u00f6rdert die Individualisierung<\/li>\n<li><strong>EDV-gest\u00fctzter Unterricht<\/strong><br \/>\nEs sind zwei mobile Laptopwagen mit jeweils 16 Laptops vorhanden, die f\u00fcr Arbeitsauftr\u00e4ge im Unterricht genutzt werden k\u00f6nnen. F\u00fcr den digital gest\u00fctzten Unterricht stehen auch 16 Tablets zur Verf\u00fcgung.<\/li>\n<li><strong>Verkaufstraining<\/strong><br \/>\nIn zwei speziell eingerichteten Verkaufsstudios findet videogest\u00fctztes branchenspezifisches Verkaufstraining statt.<\/li>\n<li><strong>Produktschulungen<\/strong><br \/>\nZur warenkundlichen Fortbildung der Lehrkr\u00e4fte werden Referenten\/Referentinnen verschiedener Herstellerfirmen eingeladen, die \u00fcber Neuheiten, Trends etc. informieren.<\/li>\n<li><strong>F\u00f6rderunterricht<\/strong><\/li>\n<li><strong>Sprachf\u00f6rderung<\/strong>: Die Sprachbegleitkurse und die Lehrassistenz im Rahmen von \u201e\u201c haben das Ziel, die Sch\u00fclerinnen und Sch\u00fcler in ausgew\u00e4hlten F\u00e4chern fachbezogen und gleichzeitig sprachlich zu unterst\u00fctzen<\/li>\n<li><strong>Lerncoaching<\/strong> mit dem Ziel, Lernen und Lernqualit\u00e4t zu optimieren sowie die pers\u00f6nliche Entwicklung der Lernenden zu f\u00f6rdern, beides im Hinblick auf ihre Lern- und Selbstkompetenz.<\/li>\n<li>In der BVJ-Klasse wird nach dem \u201eProduktorientierten Ansatz der Landeshauptstadt M\u00fcnchen\u201c unterrichtet.<\/li>\n<li><strong>Auslandspraktika<\/strong> in der EU f\u00fcr Auszubildende<\/li>\n<li><strong>Weiterbildungswoche<\/strong> (Vorstellung von schulischen und beruflichen Weiterbildungsm\u00f6glichkeiten<\/li>\n<li><strong>Empowerment<\/strong> f\u00fcr junge Frauen: Durchf\u00fchrung von Selbstbehauptungs- und Selbstverteidigungskursen f\u00fcr Sch\u00fclerinnen.<\/li>\n<li>Teamtraining zu Beginn des Schuljahres f\u00fcr 10. Klassen<\/li>\n<li><strong>Konfliktmanagement<\/strong> bei auftretenden Problemen in Gruppen oder Klassen<\/li>\n<\/ul>\n<h2><strong>Highlights des Schuljahres<\/strong><\/h2>\n<p>Die Berufsschule f\u00fcr den Einzelhandel f\u00fchrt im Verlauf des Schuljahres zahlreiche schulische Veranstaltungen durch, z. B.<\/p>\n<ul>\n<li><strong>Weihnachtsbasar<\/strong><br \/>\nEs werden Verkaufsst\u00e4nde, Verlosungen und andere Attraktionen von den teilnehmenden Klassen gestaltet. Die erzielten \u201eGewinne\u201c werden von der SMV an humanit\u00e4re Hilfsorganisationen und an Patenschaften gespendet.<\/li>\n<li><strong>Fit in der Ausbildung<\/strong><br \/>\nHier k\u00f6nnen Themen, die \u00fcber den \u00fcblichen Unterricht hinausgehen und Lebenskompetenzen zus\u00e4tzlich st\u00e4rken, von Klassen gebucht werden., z. B.<br \/>\n\u201cWie wehre ich mich gegen dumme Spr\u00fcche\u201c, \u201eRechtextremismus und\/oder Rassismus erkennen\u201c, Themen zur Interkulturalit\u00e4t, \u201eVerantwortung f\u00fcr sich und andere\u201c, \u201eRespektvoller, wertsch\u00e4tzender Umgang\u201c, \u201eEntwicklung einer Identit\u00e4t\u201c usw.<br \/>\nDie Sch\u00fcler\/innen k\u00f6nnen hierbei nach Neigung und Interesse ausw\u00e4hlen.<\/li>\n<li>Projekttag <strong>\u201efit for life\u201c<\/strong><br \/>\nEin Unterrichtstag steht unter dem Motto \u201eGesundheit und Sport\u201c.<\/li>\n<li><strong>Betriebsbesichtigungen<\/strong> (branchenspezifisch)<\/li>\n<li>Wandertage f\u00fcr alle Klassen<\/li>\n<li>Mehrt\u00e4gige <strong>kulturelle Klassenfahrten<\/strong> f\u00fcr Abschlussklassen (auch ins Ausland)<\/li>\n<li><strong>Erlebnisp\u00e4dagogische Angebote<\/strong><\/li>\n<li><strong>Kulturelle Angebote<\/strong>, z. B.Sch\u00fclerkarten f\u00fcr Theaterbesuche und Sportveranstaltungen<\/li>\n<li><strong>Schulabschlussfeier<\/strong><br \/>\nEhrung der Jahrgangsbesten und anschlie\u00dfendes Sommerfest mit Musik, Tanz und B\u00fcffet.<\/li>\n<\/ul>\n<h2><strong>Beratung und Unterst\u00fctzung<\/strong><\/h2>\n<p>Unsere Mitglieder des Sozialforums bieten unseren Sch\u00fclerinnen und Sch\u00fclern, die Hilfe in schulischen, beruflichen und \/ oder pers\u00f6nlichen Bereichen w\u00fcnschen, Beratung und Unterst\u00fctzung an.<\/p>\n<p>Zum Sozialforum geh\u00f6ren zwei SchulsozialarbeiterInnen, die ganzt\u00e4gig angesprochen werden k\u00f6nnen, eine Beratungslehrkraft (mit t\u00e4glichen Sprechstunden), eine Schulpsychologin, zwei Verbindungslehrkr\u00e4fte, eine M\u00e4dchenbeauftragte, ein Jungenbeauftragter, eine Suchtbeauftragte und ein QSE-Berater.<\/p>\n<p>Schwerpunkt der Schulsozialarbeit ist es, fr\u00fchzeitig das Risiko des Ausbildungsplatzverlustes zu begrenzen und schnelle Hilfe bei K\u00fcndigungen zu geben.<\/p>\n<p>Hauptaufgaben der Beratungslehrkraft sind die Unterst\u00fctzung bei Schullaufbahnentscheidungen und die Mitwirkung bei der Schulpflicht\u00fcberwachung.<\/p>\n<p>Einige Mitglieder des Sozialforums bilden das KOMM-Team (Konflikt-Mediation-Moderation), das Konflikttraining in Klassen und Mediation bei Problemen zwischen Einzelnen anbietet.<\/p>\n<h2><strong>Lehrpersonal<\/strong><\/h2>\n<p>Das Kollegium besteht rund 60 Lehrkr\u00e4ften, die \u00fcberwiegend Diplom-Handelslehrer\/innen sind.<\/p>\n<p>Durch Betriebspraktika, Firmenkontakte und Herstellerbesuche aktualisieren die Lehrkr\u00e4fte ihr branchen-spezifisches Wissen.<\/p>\n<p>Die Lehrkr\u00e4fte arbeiten in festen Klassenteams zusammen.<\/p>\n<h2><strong>Dar\u00fcber hinaus wird das Schulleben durch folgende begleitende Ma\u00dfnahmen gepr\u00e4gt:<\/strong><\/h2>\n<ul>\n<li>Regelm\u00e4\u00dfige schulinterne Fortbildungen f\u00fcr Lehrerinnen und Lehrer, wie z. B. PC-Schulungen, Fortbildungen zur Gewaltpr\u00e4vention oder fachliche Informationsveranstaltungen. Au\u00dferdem findet j\u00e4hrlich eine zweit\u00e4gige p\u00e4dagogische Fortbildungsveranstaltung f\u00fcr das ganze Kollegium statt.<\/li>\n<\/ul>\n<p>Die Kontakte zu den Partnern im Dualen System werden intensiviert durch<\/p>\n<ol>\n<li>einen j\u00e4hrlich stattfindenden Ausbilderabend<\/li>\n<li>Mitwirkung der Schule im Fachausschuss f\u00fcr die Abschlusspr\u00fcfung (AKA)<\/li>\n<li>Betriebspraktika der Lehrerinnen und Lehrer<\/li>\n<li>pers\u00f6nliche Kontakte zu den Ausbildungsbetrieben<\/li>\n<li>Lernortkooperationen mit Treffen in loser Folge<\/li>\n<\/ol>\n<ul>\n<li>Finanzielle Unterst\u00fctzung f\u00fcr Sonderaktionen erh\u00e4lt die Schule durch den \u201eF\u00f6rderkreis der Berufsschule f\u00fcr den Einzelhandel e. V.\u201c<\/li>\n<li>Gesundheitsmanagement f\u00fcr Lehrkr\u00e4fte (Supervision und kollegiale Beratung)<\/li>\n<\/ul>\n","protected":false},"excerpt":{"rendered":"<p>Unser Leitbild &#8222;Der Mensch muss sich in der Welt selbst forthelfen. Dies zu lehren ist unsere Aufgabe.&#8220; Johann Heinrich Pestalozzi &nbsp;(1746 &#8211; 1827) Unsere Leitziele Ziele unserer Schule sind Vermittlung von beruflicher Kompetenz Erziehung zu eigen- und sozialverantwortlichen Pers\u00f6nlichkeiten F\u00f6rderung der Gleichberechtigung von M\u00e4dchen und Jungen St\u00e4rkung der interkulturellen Kompetenz und der gesellschaftlichen Solidarit\u00e4t, besonders &hellip; <\/p>\n<p class=\"link-more\"><a href=\"https:\/\/bseinzelh.musin.de\/mitte\/schulprofil\/\" class=\"more-link\"><span class=\"screen-reader-text\">\u201eSchulprofil\u201c <\/span>weiterlesen<\/a><\/p>\n","protected":false},"author":1,"featured_media":0,"parent":0,"menu_order":0,"comment_status":"closed","ping_status":"closed","template":"","meta":{"ngg_post_thumbnail":0},"_links":{"self":[{"href":"https:\/\/bseinzelh.musin.de\/mitte\/wp-json\/wp\/v2\/pages\/258"}],"collection":[{"href":"https:\/\/bseinzelh.musin.de\/mitte\/wp-json\/wp\/v2\/pages"}],"about":[{"href":"https:\/\/bseinzelh.musin.de\/mitte\/wp-json\/wp\/v2\/types\/page"}],"author":[{"embeddable":true,"href":"https:\/\/bseinzelh.musin.de\/mitte\/wp-json\/wp\/v2\/users\/1"}],"replies":[{"embeddable":true,"href":"https:\/\/bseinzelh.musin.de\/mitte\/wp-json\/wp\/v2\/comments?post=258"}],"version-history":[{"count":19,"href":"https:\/\/bseinzelh.musin.de\/mitte\/wp-json\/wp\/v2\/pages\/258\/revisions"}],"predecessor-version":[{"id":49567,"href":"https:\/\/bseinzelh.musin.de\/mitte\/wp-json\/wp\/v2\/pages\/258\/revisions\/49567"}],"wp:attachment":[{"href":"https:\/\/bseinzelh.musin.de\/mitte\/wp-json\/wp\/v2\/media?parent=258"}],"curies":[{"name":"wp","href":"https:\/\/api.w.org\/{rel}","templated":true}]}}