{"id":266,"date":"2018-04-30T17:14:07","date_gmt":"2018-04-30T17:14:07","guid":{"rendered":"http:\/\/www.bseinzelh.musin.de\/mitte\/?page_id=266"},"modified":"2024-01-26T11:53:54","modified_gmt":"2024-01-26T11:53:54","slug":"kontakt-und-anfahrt","status":"publish","type":"page","link":"https:\/\/bseinzelh.musin.de\/mitte\/kontakt-und-anfahrt\/","title":{"rendered":"Kontakt und Anfahrt"},"content":{"rendered":"<h1><strong>Kontakt<\/strong><\/h1>\n<ul>\n<li><strong>Postanschrift:<\/strong> St\u00e4dtische Berufsschule f\u00fcr den Einzelhandel Mitte, Lindwurmstra\u00dfe 90, 80337 M\u00fcnchen<\/li>\n<li><strong>Telefon (Sekretariat):&nbsp;<\/strong>089 233-32553<\/li>\n<li><strong>Fax:&nbsp;<\/strong>089 233-32575<\/li>\n<li><strong>Mail:&nbsp;<\/strong><a href=\"mailto:bs-einzelhandel-mitte@muenchen.de\">bs-einzelhandel-mitte@muenchen.de<\/a><\/li>\n<\/ul>\n<h1><img decoding=\"async\" loading=\"lazy\" class=\"alignnone wp-image-288889 size-medium\" src=\"https:\/\/bseinzelh.musin.de\/mitte\/wp-content\/uploads\/2024\/01\/a_173_3.u-bahn-munchen-a-wagen-173-als-u3-im-u-bahnhof-poccistrasse-300x200.jpg\" alt=\"\" width=\"300\" height=\"200\" srcset=\"https:\/\/bseinzelh.musin.de\/mitte\/wp-content\/uploads\/2024\/01\/a_173_3.u-bahn-munchen-a-wagen-173-als-u3-im-u-bahnhof-poccistrasse-300x200.jpg 300w, https:\/\/bseinzelh.musin.de\/mitte\/wp-content\/uploads\/2024\/01\/a_173_3.u-bahn-munchen-a-wagen-173-als-u3-im-u-bahnhof-poccistrasse-1024x683.jpg 1024w, https:\/\/bseinzelh.musin.de\/mitte\/wp-content\/uploads\/2024\/01\/a_173_3.u-bahn-munchen-a-wagen-173-als-u3-im-u-bahnhof-poccistrasse-768x512.jpg 768w, https:\/\/bseinzelh.musin.de\/mitte\/wp-content\/uploads\/2024\/01\/a_173_3.u-bahn-munchen-a-wagen-173-als-u3-im-u-bahnhof-poccistrasse.jpg 1500w\" sizes=\"(max-width: 300px) 100vw, 300px\" \/><\/h1>\n<h1><strong>Anfahrtsweg<\/strong><\/h1>\n<p>Wir empfehlen eine Anfahrt mit dem MVV, da Parkpl\u00e4tze besonders in der Lindwurmstra\u00dfe kaum zu finden und die Verkehrs\u00fcberwacher nicht weit sind.<\/p>\n<ul>\n<li><strong>U-Bahn:<\/strong>&nbsp;Linie 3 und 6,&nbsp;Haltestelle Poccistra\u00dfe,&nbsp;Ausgang Poccistra\u00dfe<\/li>\n<li><strong>Bus:<\/strong> Linie&nbsp;132, Haltestelle Poccistra\u00dfe<\/li>\n<li><strong>Auto:&nbsp;<\/strong>Sollten Sie mit dem PKW anreisen, k\u00f6nnen Sie (nicht Sch\u00fclerinnen oder Sch\u00fcler), nach R\u00fccksprache mit uns, die Tiefgarage nutzen.<\/li>\n<\/ul>\n","protected":false},"excerpt":{"rendered":"<p>Kontakt Postanschrift: St\u00e4dtische Berufsschule f\u00fcr den Einzelhandel Mitte, Lindwurmstra\u00dfe 90, 80337 M\u00fcnchen Telefon (Sekretariat):&nbsp;089 233-32553 Fax:&nbsp;089 233-32575 Mail:&nbsp;bs-einzelhandel-mitte@muenchen.de Anfahrtsweg Wir empfehlen eine Anfahrt mit dem MVV, da Parkpl\u00e4tze besonders in der Lindwurmstra\u00dfe kaum zu finden und die Verkehrs\u00fcberwacher nicht weit sind. U-Bahn:&nbsp;Linie 3 und 6,&nbsp;Haltestelle Poccistra\u00dfe,&nbsp;Ausgang Poccistra\u00dfe Bus: Linie&nbsp;132, Haltestelle Poccistra\u00dfe Auto:&nbsp;Sollten Sie mit dem &hellip; <\/p>\n<p class=\"link-more\"><a href=\"https:\/\/bseinzelh.musin.de\/mitte\/kontakt-und-anfahrt\/\" class=\"more-link\"><span class=\"screen-reader-text\">\u201eKontakt und Anfahrt\u201c <\/span>weiterlesen<\/a><\/p>\n","protected":false},"author":1,"featured_media":0,"parent":0,"menu_order":0,"comment_status":"closed","ping_status":"closed","template":"","meta":{"ngg_post_thumbnail":0},"_links":{"self":[{"href":"https:\/\/bseinzelh.musin.de\/mitte\/wp-json\/wp\/v2\/pages\/266"}],"collection":[{"href":"https:\/\/bseinzelh.musin.de\/mitte\/wp-json\/wp\/v2\/pages"}],"about":[{"href":"https:\/\/bseinzelh.musin.de\/mitte\/wp-json\/wp\/v2\/types\/page"}],"author":[{"embeddable":true,"href":"https:\/\/bseinzelh.musin.de\/mitte\/wp-json\/wp\/v2\/users\/1"}],"replies":[{"embeddable":true,"href":"https:\/\/bseinzelh.musin.de\/mitte\/wp-json\/wp\/v2\/comments?post=266"}],"version-history":[{"count":10,"href":"https:\/\/bseinzelh.musin.de\/mitte\/wp-json\/wp\/v2\/pages\/266\/revisions"}],"predecessor-version":[{"id":288891,"href":"https:\/\/bseinzelh.musin.de\/mitte\/wp-json\/wp\/v2\/pages\/266\/revisions\/288891"}],"wp:attachment":[{"href":"https:\/\/bseinzelh.musin.de\/mitte\/wp-json\/wp\/v2\/media?parent=266"}],"curies":[{"name":"wp","href":"https:\/\/api.w.org\/{rel}","templated":true}]}}