{"id":279,"date":"2018-04-30T17:44:59","date_gmt":"2018-04-30T17:44:59","guid":{"rendered":"http:\/\/www.bseinzelh.musin.de\/mitte\/?page_id=279"},"modified":"2024-07-22T08:08:02","modified_gmt":"2024-07-22T08:08:02","slug":"schulpsychologin","status":"publish","type":"page","link":"https:\/\/bseinzelh.musin.de\/mitte\/schulpsychologin\/","title":{"rendered":"Schulpsychologe"},"content":{"rendered":"\n<figure class=\"wp-block-image size-full\"><img decoding=\"async\" loading=\"lazy\" width=\"194\" height=\"247\" src=\"https:\/\/bseinzelh.musin.de\/mitte\/wp-content\/uploads\/2024\/07\/image.png\" alt=\"\" class=\"wp-image-327138\"\/><\/figure>\n\n\n\n<p class=\"has-text-align-left\"><strong>Herr Tobias Negenborn<\/strong><\/p>\n\n\n\n<p class=\"has-text-align-left\"><br>Ich helfe Ihnen bei<br>\u2022 Legasthenie und Dyskalkulie<br>\u2022 psychischen Problemen (z.B. Pr\u00fcfungsangst)<br>\u2022 pers\u00f6nlichen Krisen<br>\u2022 Konzentrations- und Motivationsproblemen<br>\u2022 Mobbing<\/p>\n\n\n\n<p class=\"has-text-align-left\">Sprechzeiten: Dienstag von 12:00-12:45 Uhr und nach Vereinbarung<br>Raum 2.57<br>Tel.:  01525-6874328<br>tobias.negenborn@muenchen.de<\/p>\n\n\n\n<p>Weitere au\u00dferschulische Hilfsangebote zu unterschiedlichen Beratungsanl\u00e4ssen wie Angst und Depression, Essst\u00f6rungen, Sucht und Mediennutzung, (sexuelle) Gewalt, LGBTQ etc.&nbsp; finden Sie hier:<br><a href=\"https:\/\/www.pi-muenchen.de\/profil\/wir-ueber-uns\/fachbereiche\/fachbereich-fachdienste\/bereich-zentraler-schulpsychologischer-dienst\/ausserschulische-hilfsangebote-depression-angst-und-andere-psychische-erkrankungen\/\" target=\"_blank\" rel=\"noopener\">https:\/\/www.pi-muenchen.de\/profil\/wir-ueber-uns\/fachbereiche\/fachbereich-fachdienste\/bereich-zentraler-schulpsychologischer-dienst\/ausserschulische-hilfsangebote-depression-angst-und-andere-psychische-erkrankungen\/<\/a><\/p>\n","protected":false},"excerpt":{"rendered":"<p>Herr Tobias Negenborn Ich helfe Ihnen bei\u2022 Legasthenie und Dyskalkulie\u2022 psychischen Problemen (z.B. Pr\u00fcfungsangst)\u2022 pers\u00f6nlichen Krisen\u2022 Konzentrations- und Motivationsproblemen\u2022 Mobbing Sprechzeiten: Dienstag von 12:00-12:45 Uhr und nach VereinbarungRaum 2.57Tel.: 01525-6874328tobias.negenborn@muenchen.de Weitere au\u00dferschulische Hilfsangebote zu unterschiedlichen Beratungsanl\u00e4ssen wie Angst und Depression, Essst\u00f6rungen, Sucht und Mediennutzung, (sexuelle) Gewalt, LGBTQ etc.&nbsp; finden Sie hier:https:\/\/www.pi-muenchen.de\/profil\/wir-ueber-uns\/fachbereiche\/fachbereich-fachdienste\/bereich-zentraler-schulpsychologischer-dienst\/ausserschulische-hilfsangebote-depression-angst-und-andere-psychische-erkrankungen\/<\/p>\n","protected":false},"author":1,"featured_media":0,"parent":0,"menu_order":0,"comment_status":"closed","ping_status":"closed","template":"","meta":{"ngg_post_thumbnail":0},"_links":{"self":[{"href":"https:\/\/bseinzelh.musin.de\/mitte\/wp-json\/wp\/v2\/pages\/279"}],"collection":[{"href":"https:\/\/bseinzelh.musin.de\/mitte\/wp-json\/wp\/v2\/pages"}],"about":[{"href":"https:\/\/bseinzelh.musin.de\/mitte\/wp-json\/wp\/v2\/types\/page"}],"author":[{"embeddable":true,"href":"https:\/\/bseinzelh.musin.de\/mitte\/wp-json\/wp\/v2\/users\/1"}],"replies":[{"embeddable":true,"href":"https:\/\/bseinzelh.musin.de\/mitte\/wp-json\/wp\/v2\/comments?post=279"}],"version-history":[{"count":29,"href":"https:\/\/bseinzelh.musin.de\/mitte\/wp-json\/wp\/v2\/pages\/279\/revisions"}],"predecessor-version":[{"id":329866,"href":"https:\/\/bseinzelh.musin.de\/mitte\/wp-json\/wp\/v2\/pages\/279\/revisions\/329866"}],"wp:attachment":[{"href":"https:\/\/bseinzelh.musin.de\/mitte\/wp-json\/wp\/v2\/media?parent=279"}],"curies":[{"name":"wp","href":"https:\/\/api.w.org\/{rel}","templated":true}]}}