{"id":284,"date":"2018-04-30T17:44:59","date_gmt":"2018-04-30T17:44:59","guid":{"rendered":"http:\/\/www.bseinzelh.musin.de\/mitte\/?page_id=284"},"modified":"2024-07-22T08:02:21","modified_gmt":"2024-07-22T08:02:21","slug":"jugendbeauftragter","status":"publish","type":"page","link":"https:\/\/bseinzelh.musin.de\/mitte\/jugendbeauftragter\/","title":{"rendered":"Jungenbeauftragter"},"content":{"rendered":"<p><strong><img decoding=\"async\" loading=\"lazy\" class=\"wp-image-329849  aligncenter\" src=\"https:\/\/bseinzelh.musin.de\/mitte\/wp-content\/uploads\/2024\/07\/albrecht.jpg\" alt=\"\" width=\"171\" height=\"269\" srcset=\"https:\/\/bseinzelh.musin.de\/mitte\/wp-content\/uploads\/2024\/07\/albrecht.jpg 280w, https:\/\/bseinzelh.musin.de\/mitte\/wp-content\/uploads\/2024\/07\/albrecht-191x300.jpg 191w\" sizes=\"(max-width: 171px) 100vw, 171px\" \/><\/strong><\/p>\n<p style=\"text-align: center;\"><strong>Herr Julian Albrecht<br><\/strong><\/p>\n<p>Ansprechpartner bei<br>\u2022 Problemen von jungen M\u00e4nnern (Mann sein, Sexualit\u00e4t, Identit\u00e4t)<br>\u2022 Coming-out<br>\u2022 Gewalterfahrungen<\/p>\n<p><strong>Raum: 3.08 <br><\/strong><\/p>\n<p><strong>Sprechzeit:<\/strong> nach Vereinbarung<\/p>\n\n\n<p><\/p>\n","protected":false},"excerpt":{"rendered":"<p>Herr Julian Albrecht Ansprechpartner bei\u2022 Problemen von jungen M\u00e4nnern (Mann sein, Sexualit\u00e4t, Identit\u00e4t)\u2022 Coming-out\u2022 Gewalterfahrungen Raum: 3.08 Sprechzeit: nach Vereinbarung<\/p>\n","protected":false},"author":1,"featured_media":0,"parent":0,"menu_order":0,"comment_status":"closed","ping_status":"closed","template":"","meta":{"ngg_post_thumbnail":0},"_links":{"self":[{"href":"https:\/\/bseinzelh.musin.de\/mitte\/wp-json\/wp\/v2\/pages\/284"}],"collection":[{"href":"https:\/\/bseinzelh.musin.de\/mitte\/wp-json\/wp\/v2\/pages"}],"about":[{"href":"https:\/\/bseinzelh.musin.de\/mitte\/wp-json\/wp\/v2\/types\/page"}],"author":[{"embeddable":true,"href":"https:\/\/bseinzelh.musin.de\/mitte\/wp-json\/wp\/v2\/users\/1"}],"replies":[{"embeddable":true,"href":"https:\/\/bseinzelh.musin.de\/mitte\/wp-json\/wp\/v2\/comments?post=284"}],"version-history":[{"count":10,"href":"https:\/\/bseinzelh.musin.de\/mitte\/wp-json\/wp\/v2\/pages\/284\/revisions"}],"predecessor-version":[{"id":329850,"href":"https:\/\/bseinzelh.musin.de\/mitte\/wp-json\/wp\/v2\/pages\/284\/revisions\/329850"}],"wp:attachment":[{"href":"https:\/\/bseinzelh.musin.de\/mitte\/wp-json\/wp\/v2\/media?parent=284"}],"curies":[{"name":"wp","href":"https:\/\/api.w.org\/{rel}","templated":true}]}}