{"id":301,"date":"2018-04-30T17:48:19","date_gmt":"2018-04-30T17:48:19","guid":{"rendered":"http:\/\/www.bseinzelh.musin.de\/mitte\/?page_id=301"},"modified":"2018-08-11T08:37:30","modified_gmt":"2018-08-11T08:37:30","slug":"abschlussfeier","status":"publish","type":"page","link":"https:\/\/bseinzelh.musin.de\/mitte\/abschlussfeier\/","title":{"rendered":"Fit-for-Life Tag"},"content":{"rendered":"<dl class=\"bildtext\">\n<dt><img decoding=\"async\" loading=\"lazy\" class=\"alignnone wp-image-549\" src=\"http:\/\/www.bseinzelh.musin.de\/mitte\/wp-content\/uploads\/2018\/04\/jogging-2343558_1920-300x200.jpg\" alt=\"\" width=\"573\" height=\"382\" srcset=\"https:\/\/bseinzelh.musin.de\/mitte\/wp-content\/uploads\/2018\/04\/jogging-2343558_1920-300x200.jpg 300w, https:\/\/bseinzelh.musin.de\/mitte\/wp-content\/uploads\/2018\/04\/jogging-2343558_1920-768x512.jpg 768w, https:\/\/bseinzelh.musin.de\/mitte\/wp-content\/uploads\/2018\/04\/jogging-2343558_1920-1024x683.jpg 1024w, https:\/\/bseinzelh.musin.de\/mitte\/wp-content\/uploads\/2018\/04\/jogging-2343558_1920.jpg 1920w\" sizes=\"(max-width: 573px) 100vw, 573px\" \/><\/dt>\n<dd><\/dd>\n<\/dl>\n<p>An diesem Tag werden Sch\u00fclerinnen und Sch\u00fcler mit einem breiten Spektrum von Workshops, Kursen, Ausstellungen und sportlichen Aktivit\u00e4ten angesprochen. Grundgedanke im Sozialforum, dem die Beratungslehrkraft, die Verbindungslehrer, die M\u00e4dchenbeauftragte, die Suchtpr\u00e4ventionsbeauftragte, die Schulleitung und die Schulsozialarbeiter\/innen angeh\u00f6ren, ist es, das Thema <em>&#8222;Gesundheit &#8211; in physischer und psychischer Hinsicht&#8220;<\/em> auf eine andere Art den Sch\u00fclerinnen und Sch\u00fclern n\u00e4her zu bringen. Sie sollten die Chance haben, \u00fcber das <em>&#8222;normale&#8220;<\/em> Schulleben hinaus Informationen zu erhalten, Eindr\u00fccke zu sammeln, Situationen zu erleben, Grenzen kennen zu lernen und Einblicke in alternative Lebensbew\u00e4ltigungsstrategien zu erhalten.\u00a0 In vielen Workshops k\u00f6nnen sich die Sch\u00fclerinnen und Sch\u00fcler aktiv und kritisch mit sich und anderen Teilnehmern auseinandersetzen und das eigene Verhalten reflektieren.<\/p>\n<p style=\"text-align: left;\">\n","protected":false},"excerpt":{"rendered":"<p>An diesem Tag werden Sch\u00fclerinnen und Sch\u00fcler mit einem breiten Spektrum von Workshops, Kursen, Ausstellungen und sportlichen Aktivit\u00e4ten angesprochen. Grundgedanke im Sozialforum, dem die Beratungslehrkraft, die Verbindungslehrer, die M\u00e4dchenbeauftragte, die Suchtpr\u00e4ventionsbeauftragte, die Schulleitung und die Schulsozialarbeiter\/innen angeh\u00f6ren, ist es, das Thema &#8222;Gesundheit &#8211; in physischer und psychischer Hinsicht&#8220; auf eine andere Art den Sch\u00fclerinnen und &hellip; <\/p>\n<p class=\"link-more\"><a href=\"https:\/\/bseinzelh.musin.de\/mitte\/abschlussfeier\/\" class=\"more-link\"><span class=\"screen-reader-text\">\u201eFit-for-Life Tag\u201c <\/span>weiterlesen<\/a><\/p>\n","protected":false},"author":1,"featured_media":0,"parent":0,"menu_order":0,"comment_status":"closed","ping_status":"closed","template":"","meta":{"ngg_post_thumbnail":0},"_links":{"self":[{"href":"https:\/\/bseinzelh.musin.de\/mitte\/wp-json\/wp\/v2\/pages\/301"}],"collection":[{"href":"https:\/\/bseinzelh.musin.de\/mitte\/wp-json\/wp\/v2\/pages"}],"about":[{"href":"https:\/\/bseinzelh.musin.de\/mitte\/wp-json\/wp\/v2\/types\/page"}],"author":[{"embeddable":true,"href":"https:\/\/bseinzelh.musin.de\/mitte\/wp-json\/wp\/v2\/users\/1"}],"replies":[{"embeddable":true,"href":"https:\/\/bseinzelh.musin.de\/mitte\/wp-json\/wp\/v2\/comments?post=301"}],"version-history":[{"count":11,"href":"https:\/\/bseinzelh.musin.de\/mitte\/wp-json\/wp\/v2\/pages\/301\/revisions"}],"predecessor-version":[{"id":906,"href":"https:\/\/bseinzelh.musin.de\/mitte\/wp-json\/wp\/v2\/pages\/301\/revisions\/906"}],"wp:attachment":[{"href":"https:\/\/bseinzelh.musin.de\/mitte\/wp-json\/wp\/v2\/media?parent=301"}],"curies":[{"name":"wp","href":"https:\/\/api.w.org\/{rel}","templated":true}]}}