{"id":308,"date":"2018-04-30T17:50:07","date_gmt":"2018-04-30T17:50:07","guid":{"rendered":"http:\/\/www.bseinzelh.musin.de\/mitte\/?page_id=308"},"modified":"2024-07-22T07:47:43","modified_gmt":"2024-07-22T07:47:43","slug":"verbindungslehrkraefte-2","status":"publish","type":"page","link":"https:\/\/bseinzelh.musin.de\/mitte\/verbindungslehrkraefte-2\/","title":{"rendered":"Verbindungslehrkr\u00e4fte"},"content":{"rendered":"<p>Sehr geehrte BesucherInnen der Website der <strong>Berufsschule f\u00fcr den Einzelhandel Mitte<\/strong>, hallo liebe aktuelle oder vielleicht k\u00fcnftige Sch\u00fclerInnen, wir sind Eure Verbindungslehrer,<\/p>\n<p style=\"text-align: center;\"><strong>&nbsp; &nbsp; &nbsp; &nbsp; &nbsp; &nbsp; &nbsp; &nbsp; &nbsp; &nbsp; &nbsp; &nbsp; &nbsp; &nbsp;&nbsp; <\/strong><img decoding=\"async\" loading=\"lazy\" class=\"wp-image-329837  aligncenter\" src=\"https:\/\/bseinzelh.musin.de\/mitte\/wp-content\/uploads\/2024\/07\/splendjob-e1721634235251.jpg\" alt=\"\" width=\"327\" height=\"180\" srcset=\"https:\/\/bseinzelh.musin.de\/mitte\/wp-content\/uploads\/2024\/07\/splendjob-e1721634235251.jpg 660w, https:\/\/bseinzelh.musin.de\/mitte\/wp-content\/uploads\/2024\/07\/splendjob-e1721634235251-300x165.jpg 300w\" sizes=\"(max-width: 327px) 100vw, 327px\" \/><\/p>\n<p style=\"text-align: center;\"><strong>&nbsp; &nbsp; &nbsp; &nbsp; &nbsp; &nbsp;&nbsp;&nbsp; &nbsp; &nbsp; &nbsp;&nbsp;<br \/>\n<\/strong><\/p>\n<p style=\"text-align: center;\"><strong>Frau Natasa Spendlinger &amp; Herr Christian Jobst<\/strong><\/p>\n<p><strong>&nbsp; &nbsp; &nbsp; &nbsp; &nbsp; &nbsp; &nbsp; &nbsp; &nbsp; &nbsp; &nbsp; &nbsp; &nbsp; &nbsp; &nbsp; &nbsp; &nbsp;<br \/>\n<\/strong><\/p>\n<p>Ihr k\u00f6nnt euch an uns wenden, wenn Ihr Probleme mit Lehrern oder Mitsch\u00fclern habt. Wir unterst\u00fctzen euch bei der L\u00f6sung eurer Schwierigkeiten und vermitteln bei Konflikten.<\/p>\n<p>Au\u00dferdem organisieren wir j\u00e4hrlich den Weihnachtsbasar der Schule, dessen Erl\u00f6se jeweils f\u00fcr einen guten Zweck gespendet werden.<\/p>\n<p>Wir beraten die <a href=\"http:\/\/www.bseinzelh.musin.de\/mitte\/smv-2\/\"><b>SMV (Sch\u00fclermitverantwortung)<\/b><\/a><b><\/b><b><\/b>, also die KlassensprecherInnen bzw. die von ihnen gew\u00e4hlten TagessprecherInnen, die die Sch\u00fcler an den jeweiligen Berufsschultagen vertreten. Die zwei von den Tagessprechern gew\u00e4hlten Schulsprecher repr\u00e4sentieren die gesamte Sch\u00fclerschaft und \u00fcbernehmen auch besondere Aufgaben wie z. B. Spenden\u00fcbergaben oder die Mitgestaltung unserer Schulabschlussfeier am Schuljahresende. Auch die SMV steht euch als Ansprechpartner bei Konflikten und Problemen zur Seite.<\/p>\n<p>Ihr k\u00f6nnt uns w\u00e4hrend der Pausen im Lehrerzimmer sprechen oder im Sekretariat erfragen, wo wir uns gerade befinden.<\/p>\n<p>Wir w\u00fcnschen euch erfolgreiche und &#8222;entspannte&#8220; Schuljahre, freuen uns einerseits, wenn Ihr unsere Hilfe nicht in Anspruch nehmen m\u00fcsst, und andererseits, wenn Ihr uns bei eventuellen Schwierigkeiten aufsucht.<\/p>\n<p>Es gr\u00fc\u00dfen Euch Eure Verbindungslehrer<\/p>\n<p><b><strong>Natasa Spendlinger<\/strong> &amp; <strong>Christian Jobst<\/strong><br \/>\n<\/b><\/p>\n","protected":false},"excerpt":{"rendered":"<p>Sehr geehrte BesucherInnen der Website der Berufsschule f\u00fcr den Einzelhandel Mitte, hallo liebe aktuelle oder vielleicht k\u00fcnftige Sch\u00fclerInnen, wir sind Eure Verbindungslehrer, &nbsp; &nbsp; &nbsp; &nbsp; &nbsp; &nbsp; &nbsp; &nbsp; &nbsp; &nbsp; &nbsp; &nbsp; &nbsp; &nbsp;&nbsp; &nbsp; &nbsp; &nbsp; &nbsp; &nbsp; &nbsp;&nbsp;&nbsp; &nbsp; &nbsp; &nbsp;&nbsp; Frau Natasa Spendlinger &amp; Herr Christian Jobst &nbsp; &nbsp; &nbsp; &hellip; <\/p>\n<p class=\"link-more\"><a href=\"https:\/\/bseinzelh.musin.de\/mitte\/verbindungslehrkraefte-2\/\" class=\"more-link\"><span class=\"screen-reader-text\">\u201eVerbindungslehrkr\u00e4fte\u201c <\/span>weiterlesen<\/a><\/p>\n","protected":false},"author":1,"featured_media":0,"parent":0,"menu_order":0,"comment_status":"closed","ping_status":"closed","template":"","meta":{"ngg_post_thumbnail":0},"_links":{"self":[{"href":"https:\/\/bseinzelh.musin.de\/mitte\/wp-json\/wp\/v2\/pages\/308"}],"collection":[{"href":"https:\/\/bseinzelh.musin.de\/mitte\/wp-json\/wp\/v2\/pages"}],"about":[{"href":"https:\/\/bseinzelh.musin.de\/mitte\/wp-json\/wp\/v2\/types\/page"}],"author":[{"embeddable":true,"href":"https:\/\/bseinzelh.musin.de\/mitte\/wp-json\/wp\/v2\/users\/1"}],"replies":[{"embeddable":true,"href":"https:\/\/bseinzelh.musin.de\/mitte\/wp-json\/wp\/v2\/comments?post=308"}],"version-history":[{"count":28,"href":"https:\/\/bseinzelh.musin.de\/mitte\/wp-json\/wp\/v2\/pages\/308\/revisions"}],"predecessor-version":[{"id":329840,"href":"https:\/\/bseinzelh.musin.de\/mitte\/wp-json\/wp\/v2\/pages\/308\/revisions\/329840"}],"wp:attachment":[{"href":"https:\/\/bseinzelh.musin.de\/mitte\/wp-json\/wp\/v2\/media?parent=308"}],"curies":[{"name":"wp","href":"https:\/\/api.w.org\/{rel}","templated":true}]}}