{"id":329811,"date":"2024-07-22T07:21:32","date_gmt":"2024-07-22T07:21:32","guid":{"rendered":"https:\/\/bseinzelh.musin.de\/mitte\/?page_id=329811"},"modified":"2024-07-22T08:11:02","modified_gmt":"2024-07-22T08:11:02","slug":"beauftragter-fuer-diversitaet","status":"publish","type":"page","link":"https:\/\/bseinzelh.musin.de\/mitte\/beauftragter-fuer-diversitaet\/","title":{"rendered":"Beauftragter f\u00fcr Diversit\u00e4t"},"content":{"rendered":"\n<p> <\/p>\n\n\n<p><img decoding=\"async\" loading=\"lazy\" class=\"size-thumbnail wp-image-329800 aligncenter\" src=\"https:\/\/bseinzelh.musin.de\/mitte\/wp-content\/uploads\/2024\/07\/renz-e1721632237853-150x150.jpg\" alt=\"\" width=\"150\" height=\"150\" srcset=\"https:\/\/bseinzelh.musin.de\/mitte\/wp-content\/uploads\/2024\/07\/renz-e1721632237853-150x150.jpg 150w, https:\/\/bseinzelh.musin.de\/mitte\/wp-content\/uploads\/2024\/07\/renz-e1721632237853-100x100.jpg 100w\" sizes=\"(max-width: 150px) 100vw, 150px\" \/><\/p>\n<p style=\"text-align: center;\"><strong>Herr Michael Renz<\/strong><\/p>\n<p><strong>Ich helfe Ihnen bei<\/strong><\/p>\n<ul>\n<li><span style=\"font-size: 1rem;\">Fragen zur sexuellen Orientierung und <\/span>Geschlechtsidentit\u00e4t<\/li>\n<li>Fragen zum Coming-out<\/li>\n<li>Erfahrungen von Diskriminierung und Gewalt<\/li>\n<li>der Suche nach Anlaufstellen f\u00fcr einrichtungsexterne Beratung in M\u00fcnchen<\/li>\n<\/ul>\n<p>Termine nach Vereinbarung<\/p>\n<p>Raum: 3.08<\/p>\n<p>Tel.: 089-233 31806<\/p>\n<p><a href=\"mailto:mi.renz@bs-ehm.muenchen.musin.de\">mi.renz@bs-ehm.muenchen.musin.de<\/a><\/p>\n\n\n<p><\/p>\n","protected":false},"excerpt":{"rendered":"<p>Herr Michael Renz Ich helfe Ihnen bei Fragen zur sexuellen Orientierung und Geschlechtsidentit\u00e4t Fragen zum Coming-out Erfahrungen von Diskriminierung und Gewalt der Suche nach Anlaufstellen f\u00fcr einrichtungsexterne Beratung in M\u00fcnchen Termine nach Vereinbarung Raum: 3.08 Tel.: 089-233 31806 mi.renz@bs-ehm.muenchen.musin.de<\/p>\n","protected":false},"author":2,"featured_media":0,"parent":0,"menu_order":0,"comment_status":"closed","ping_status":"closed","template":"","meta":{"ngg_post_thumbnail":0},"_links":{"self":[{"href":"https:\/\/bseinzelh.musin.de\/mitte\/wp-json\/wp\/v2\/pages\/329811"}],"collection":[{"href":"https:\/\/bseinzelh.musin.de\/mitte\/wp-json\/wp\/v2\/pages"}],"about":[{"href":"https:\/\/bseinzelh.musin.de\/mitte\/wp-json\/wp\/v2\/types\/page"}],"author":[{"embeddable":true,"href":"https:\/\/bseinzelh.musin.de\/mitte\/wp-json\/wp\/v2\/users\/2"}],"replies":[{"embeddable":true,"href":"https:\/\/bseinzelh.musin.de\/mitte\/wp-json\/wp\/v2\/comments?post=329811"}],"version-history":[{"count":3,"href":"https:\/\/bseinzelh.musin.de\/mitte\/wp-json\/wp\/v2\/pages\/329811\/revisions"}],"predecessor-version":[{"id":329869,"href":"https:\/\/bseinzelh.musin.de\/mitte\/wp-json\/wp\/v2\/pages\/329811\/revisions\/329869"}],"wp:attachment":[{"href":"https:\/\/bseinzelh.musin.de\/mitte\/wp-json\/wp\/v2\/media?parent=329811"}],"curies":[{"name":"wp","href":"https:\/\/api.w.org\/{rel}","templated":true}]}}