{"id":399,"date":"2018-04-30T19:52:05","date_gmt":"2018-04-30T19:52:05","guid":{"rendered":"http:\/\/www.bseinzelh.musin.de\/mitte\/?page_id=399"},"modified":"2019-02-06T14:05:04","modified_gmt":"2019-02-06T14:05:04","slug":"lehrplan-2","status":"publish","type":"page","link":"https:\/\/bseinzelh.musin.de\/mitte\/lehrplan-2\/","title":{"rendered":"Didaktische Jahresplanungen"},"content":{"rendered":"<p>F\u00fcr Informationen zu den Didaktische Jahresplanungen lesen Sie bitte f\u00fcr die &nbsp;entsprechende Ausbildungsdauer nachfolgend:<\/p>\n<p><a href=\"https:\/\/bseinzelh.musin.de\/mitte\/wp-content\/uploads\/2019\/02\/2_Jahresklassen.pdf\"><strong>Kaufleute im Einzelhandel (2-j\u00e4hrig)<\/strong><\/a><\/p>\n<p><strong><a href=\"https:\/\/bseinzelh.musin.de\/mitte\/wp-content\/uploads\/2019\/02\/25_Jahresklassen.pdf\">Kaufleute im Einzelhandel (2,5-j\u00e4hrig)<\/a><\/strong><\/p>\n<p><strong><a href=\"https:\/\/bseinzelh.musin.de\/mitte\/wp-content\/uploads\/2019\/02\/2-3_Jahresklassen.pdf\">Verk\u00e4uferInnen \/ Kaufleute im Einzelhandel (3-j\u00e4hrig)<\/a><\/strong><\/p>\n<div class=\"page\" title=\"Page 1\">\n<div class=\"layoutArea\">\n<div class=\"column\">\n<div class=\"page\" title=\"Page 1\">\n<div class=\"layoutArea\">\n<div class=\"column\">\n<div class=\"page\" title=\"Page 1\">\n<div class=\"layoutArea\">\n<div class=\"column\"><strong><a href=\"https:\/\/bseinzelh.musin.de\/mitte\/wp-content\/uploads\/2019\/02\/Semesterklassen.pdf\">Semesterklassen<\/a><\/strong><\/div>\n<\/div>\n<\/div>\n<\/div>\n<\/div>\n<\/div>\n<p>&nbsp;<\/p>\n<\/div>\n<\/div>\n<\/div>\n","protected":false},"excerpt":{"rendered":"<p>F\u00fcr Informationen zu den Didaktische Jahresplanungen lesen Sie bitte f\u00fcr die &nbsp;entsprechende Ausbildungsdauer nachfolgend: Kaufleute im Einzelhandel (2-j\u00e4hrig) Kaufleute im Einzelhandel (2,5-j\u00e4hrig) Verk\u00e4uferInnen \/ Kaufleute im Einzelhandel (3-j\u00e4hrig) Semesterklassen &nbsp;<\/p>\n","protected":false},"author":1,"featured_media":0,"parent":0,"menu_order":0,"comment_status":"closed","ping_status":"closed","template":"","meta":{"ngg_post_thumbnail":0},"_links":{"self":[{"href":"https:\/\/bseinzelh.musin.de\/mitte\/wp-json\/wp\/v2\/pages\/399"}],"collection":[{"href":"https:\/\/bseinzelh.musin.de\/mitte\/wp-json\/wp\/v2\/pages"}],"about":[{"href":"https:\/\/bseinzelh.musin.de\/mitte\/wp-json\/wp\/v2\/types\/page"}],"author":[{"embeddable":true,"href":"https:\/\/bseinzelh.musin.de\/mitte\/wp-json\/wp\/v2\/users\/1"}],"replies":[{"embeddable":true,"href":"https:\/\/bseinzelh.musin.de\/mitte\/wp-json\/wp\/v2\/comments?post=399"}],"version-history":[{"count":8,"href":"https:\/\/bseinzelh.musin.de\/mitte\/wp-json\/wp\/v2\/pages\/399\/revisions"}],"predecessor-version":[{"id":6168,"href":"https:\/\/bseinzelh.musin.de\/mitte\/wp-json\/wp\/v2\/pages\/399\/revisions\/6168"}],"wp:attachment":[{"href":"https:\/\/bseinzelh.musin.de\/mitte\/wp-json\/wp\/v2\/media?parent=399"}],"curies":[{"name":"wp","href":"https:\/\/api.w.org\/{rel}","templated":true}]}}