{"id":400216,"date":"2025-09-30T07:34:57","date_gmt":"2025-09-30T07:34:57","guid":{"rendered":"https:\/\/bseinzelh.musin.de\/mitte\/?page_id=400216"},"modified":"2025-09-30T07:42:51","modified_gmt":"2025-09-30T07:42:51","slug":"erasmus-programm","status":"publish","type":"page","link":"https:\/\/bseinzelh.musin.de\/mitte\/erasmus-programm\/","title":{"rendered":"EU-Praktika"},"content":{"rendered":"\n<figure class=\"is-layout-flex wp-block-gallery-1 wp-block-gallery has-nested-images columns-default is-cropped\">\n<figure class=\"wp-block-image size-large\"><img decoding=\"async\" loading=\"lazy\" width=\"768\" height=\"1024\" data-id=\"400223\"  src=\"https:\/\/bseinzelh.musin.de\/mitte\/wp-content\/uploads\/2025\/09\/image3-768x1024.jpeg\" alt=\"\" class=\"wp-image-400223\" srcset=\"https:\/\/bseinzelh.musin.de\/mitte\/wp-content\/uploads\/2025\/09\/image3-768x1024.jpeg 768w, https:\/\/bseinzelh.musin.de\/mitte\/wp-content\/uploads\/2025\/09\/image3-225x300.jpeg 225w, https:\/\/bseinzelh.musin.de\/mitte\/wp-content\/uploads\/2025\/09\/image3-1152x1536.jpeg 1152w, https:\/\/bseinzelh.musin.de\/mitte\/wp-content\/uploads\/2025\/09\/image3-1536x2048.jpeg 1536w, https:\/\/bseinzelh.musin.de\/mitte\/wp-content\/uploads\/2025\/09\/image3-scaled.jpeg 1920w\" sizes=\"(max-width: 767px) 89vw, (max-width: 1000px) 54vw, (max-width: 1071px) 543px, 580px\" \/><\/figure>\n\n\n\n<figure class=\"wp-block-image size-large\"><img decoding=\"async\" loading=\"lazy\" width=\"1024\" height=\"768\" data-id=\"400224\"  src=\"https:\/\/bseinzelh.musin.de\/mitte\/wp-content\/uploads\/2025\/09\/image2-1024x768.jpeg\" alt=\"\" class=\"wp-image-400224\" srcset=\"https:\/\/bseinzelh.musin.de\/mitte\/wp-content\/uploads\/2025\/09\/image2-1024x768.jpeg 1024w, https:\/\/bseinzelh.musin.de\/mitte\/wp-content\/uploads\/2025\/09\/image2-300x225.jpeg 300w, https:\/\/bseinzelh.musin.de\/mitte\/wp-content\/uploads\/2025\/09\/image2-768x576.jpeg 768w, https:\/\/bseinzelh.musin.de\/mitte\/wp-content\/uploads\/2025\/09\/image2-1536x1152.jpeg 1536w, https:\/\/bseinzelh.musin.de\/mitte\/wp-content\/uploads\/2025\/09\/image2-2048x1536.jpeg 2048w\" sizes=\"(max-width: 767px) 89vw, (max-width: 1000px) 54vw, (max-width: 1071px) 543px, 580px\" \/><\/figure>\n\n\n\n<figure class=\"wp-block-image size-large\"><img decoding=\"async\" loading=\"lazy\" width=\"1024\" height=\"768\" data-id=\"400225\"  src=\"https:\/\/bseinzelh.musin.de\/mitte\/wp-content\/uploads\/2025\/09\/image1-1024x768.jpeg\" alt=\"\" class=\"wp-image-400225\" srcset=\"https:\/\/bseinzelh.musin.de\/mitte\/wp-content\/uploads\/2025\/09\/image1-1024x768.jpeg 1024w, https:\/\/bseinzelh.musin.de\/mitte\/wp-content\/uploads\/2025\/09\/image1-300x225.jpeg 300w, https:\/\/bseinzelh.musin.de\/mitte\/wp-content\/uploads\/2025\/09\/image1-768x576.jpeg 768w, https:\/\/bseinzelh.musin.de\/mitte\/wp-content\/uploads\/2025\/09\/image1-1536x1152.jpeg 1536w, https:\/\/bseinzelh.musin.de\/mitte\/wp-content\/uploads\/2025\/09\/image1-2048x1536.jpeg 2048w\" sizes=\"(max-width: 767px) 89vw, (max-width: 1000px) 54vw, (max-width: 1071px) 543px, 580px\" \/><\/figure>\n<\/figure>\n\n\n\n<h2>Europapraktikum Kreta, Griechenland<\/h2>\n\n\n\n<p>Ich m\u00f6chte euch kurz von meinem 3-w\u00f6chigen Europapraktikum auf Kreta in Griechenland berichten. Ich habe dort in 2 verschiedenen Bereichen gearbeitet. Einmal in einem Souvenirladen, dort habe ich im Laden mitgeholfen, die Regale sauber gemacht, neue Ware verr\u00e4umt und die Kunden bedient.<\/p>\n\n\n\n<p>Die andere Arbeit war am Meer bei einem Wassersport-Verleih. Das war auch sehr sch\u00f6n, man hat viel Zeit drau\u00dfen am Strand verbracht. Meine Hauptaufgaben bestanden darin, den Kunden Warnwesten anzulegen und Boote ins Wasser zu ziehen.<\/p>\n\n\n\n<p>Nat\u00fcrlich war auch neben der Arbeit viel Zeit zur freien Verf\u00fcgung \u00fcbrig, man hat viel unternommen, Ausfl\u00fcge gemacht, St\u00e4dte besucht, ist an neue Str\u00e4nde gefahren und hat viel Zeit mit den anderen Teilnehmern verbracht. Es war eine unglaublich sch\u00f6ne Zeit in der ich viele nette Leute von \u00fcberall her kennengelernt habe.<\/p>\n\n\n\n<p>Ich kann es jedem nur empfehlen mal ein Praktikum im Ausland zu machen!<\/p>\n","protected":false},"excerpt":{"rendered":"<p>Europapraktikum Kreta, Griechenland Ich m\u00f6chte euch kurz von meinem 3-w\u00f6chigen Europapraktikum auf Kreta in Griechenland berichten. Ich habe dort in 2 verschiedenen Bereichen gearbeitet. Einmal in einem Souvenirladen, dort habe ich im Laden mitgeholfen, die Regale sauber gemacht, neue Ware verr\u00e4umt und die Kunden bedient. Die andere Arbeit war am Meer bei einem Wassersport-Verleih. Das &hellip; <\/p>\n<p class=\"link-more\"><a href=\"https:\/\/bseinzelh.musin.de\/mitte\/erasmus-programm\/\" class=\"more-link\"><span class=\"screen-reader-text\">\u201eEU-Praktika\u201c <\/span>weiterlesen<\/a><\/p>\n","protected":false},"author":2,"featured_media":0,"parent":0,"menu_order":0,"comment_status":"closed","ping_status":"closed","template":"","meta":{"ngg_post_thumbnail":0},"_links":{"self":[{"href":"https:\/\/bseinzelh.musin.de\/mitte\/wp-json\/wp\/v2\/pages\/400216"}],"collection":[{"href":"https:\/\/bseinzelh.musin.de\/mitte\/wp-json\/wp\/v2\/pages"}],"about":[{"href":"https:\/\/bseinzelh.musin.de\/mitte\/wp-json\/wp\/v2\/types\/page"}],"author":[{"embeddable":true,"href":"https:\/\/bseinzelh.musin.de\/mitte\/wp-json\/wp\/v2\/users\/2"}],"replies":[{"embeddable":true,"href":"https:\/\/bseinzelh.musin.de\/mitte\/wp-json\/wp\/v2\/comments?post=400216"}],"version-history":[{"count":3,"href":"https:\/\/bseinzelh.musin.de\/mitte\/wp-json\/wp\/v2\/pages\/400216\/revisions"}],"predecessor-version":[{"id":400233,"href":"https:\/\/bseinzelh.musin.de\/mitte\/wp-json\/wp\/v2\/pages\/400216\/revisions\/400233"}],"wp:attachment":[{"href":"https:\/\/bseinzelh.musin.de\/mitte\/wp-json\/wp\/v2\/media?parent=400216"}],"curies":[{"name":"wp","href":"https:\/\/api.w.org\/{rel}","templated":true}]}}