{"id":41911,"date":"2020-01-15T18:14:11","date_gmt":"2020-01-15T18:14:11","guid":{"rendered":"https:\/\/bseinzelh.musin.de\/mitte\/?page_id=41911"},"modified":"2020-01-15T18:25:56","modified_gmt":"2020-01-15T18:25:56","slug":"interdisziplinaere-fachtagung","status":"publish","type":"page","link":"https:\/\/bseinzelh.musin.de\/mitte\/interdisziplinaere-fachtagung\/","title":{"rendered":"Interdisziplin\u00e4re Fachtagung &#8211; Berlin"},"content":{"rendered":"\n<div class=\"wp-block-image\"><figure class=\"aligncenter size-large\"><img decoding=\"async\" loading=\"lazy\" width=\"366\" height=\"586\" src=\"https:\/\/bseinzelh.musin.de\/mitte\/wp-content\/uploads\/2020\/01\/Bildschirmfoto-2020-01-15-um-19.15.31.png\" alt=\"\" class=\"wp-image-41916\" srcset=\"https:\/\/bseinzelh.musin.de\/mitte\/wp-content\/uploads\/2020\/01\/Bildschirmfoto-2020-01-15-um-19.15.31.png 366w, https:\/\/bseinzelh.musin.de\/mitte\/wp-content\/uploads\/2020\/01\/Bildschirmfoto-2020-01-15-um-19.15.31-187x300.png 187w\" sizes=\"(max-width: 366px) 100vw, 366px\" \/><\/figure><\/div>\n\n\n\n<p>Am Montag, 02. Dezember 2019, war unsere Schule zur Interdisziplin\u00e4ren Fachtagung der Bundeszentrale f\u00fcr politische Bildung\/bpb und der Kultusministerkonferenz\/KMK nach Berlin eingeladen.\u00a0<\/p>\n\n\n\n<p>Die beruflichen Schulen stehen vor gro\u00dfen Herausforderungen: Sie sollen die Integration neuzugewanderter Jugendlicher in den Arbeitsmarkt und die Gesellschaft vorantreiben. Dabei sind die beruflichen Schulen mit einer gr\u00f6\u00dferen Heterogenit\u00e4t hinsichtlich Alter, Ausbildungsreife und schulischer Vorbildung der Lernenden konfrontiert als alle anderen Schulformen. Sie stellen oftmals die letzte Erziehungsinstanz im Leben der Jugendlichen dar. Auch deswegen hat besonders die politische Bildung an beruflichen Schulen eine gro\u00dfe Bedeutung.&nbsp;<\/p>\n\n\n\n<p>Ziel der Tagung war es deshalb, Probleme und Perspektiven der politischen Bildung an beruflichen Schulen genauer zu betrachten.<\/p>\n\n\n\n<p>Unsere Fachleiterin f\u00fcr Sozialkunde, Frau Jasmine Parziale, stellte die Ergebnisse unserer letzten P\u00e4dagogischen Konferenz im Juli 2019 vor. Bei dieser zweit\u00e4gigen Veranstaltung haben die Lehrkr\u00e4fte unserer Schule, aktuelle gesellschafts- und wirtschaftspolitische Themen mit den bestehenden Unterrichtsinhalten verkn\u00fcpft, um den Sch\u00fcler*innen die Bedeutung dieser politischen Themen f\u00fcr ihr berufliches und auch privates Handeln zu veranschaulichen.<\/p>\n\n\n\n<p>Herr Rolf Staudt, Berater f\u00fcr Schulentwicklung und Qualit\u00e4tsmanagement an unserer Schule, erl\u00e4uterte dar\u00fcber hinaus das Konzept \u201e<strong>Fachspezifisches p\u00e4dagogisches Coaching<\/strong> am besonderen Beispiel Politischer Bildung der Berufsschule f\u00fcr den Einzelhandel M\u00fcnchen Mitte\u201c als erfolgreich durchgef\u00fchrtes schulinternes Lehrerfortbildungskonzept. Nachweislich sind Fortbildungen nach diesem ganzheitlichen Konzept nachhaltig wirksamer als isolierte Fortbildungen einzelner Lehrkr\u00e4fte. Besonderen Stellenwert bei dieser Art Fortbildung hat die Vermittlung politikdidaktischer Inhalte mit Coaching beim Ein\u00fcben politikdidaktischer Prinzipien.&nbsp;&nbsp;<\/p>\n","protected":false},"excerpt":{"rendered":"<p>Am Montag, 02. Dezember 2019, war unsere Schule zur Interdisziplin\u00e4ren Fachtagung der Bundeszentrale f\u00fcr politische Bildung\/bpb und der Kultusministerkonferenz\/KMK nach Berlin eingeladen.\u00a0 Die beruflichen Schulen stehen vor gro\u00dfen Herausforderungen: Sie sollen die Integration neuzugewanderter Jugendlicher in den Arbeitsmarkt und die Gesellschaft vorantreiben. Dabei sind die beruflichen Schulen mit einer gr\u00f6\u00dferen Heterogenit\u00e4t hinsichtlich Alter, Ausbildungsreife und &hellip; <\/p>\n<p class=\"link-more\"><a href=\"https:\/\/bseinzelh.musin.de\/mitte\/interdisziplinaere-fachtagung\/\" class=\"more-link\"><span class=\"screen-reader-text\">\u201eInterdisziplin\u00e4re Fachtagung &#8211; Berlin\u201c <\/span>weiterlesen<\/a><\/p>\n","protected":false},"author":2,"featured_media":0,"parent":0,"menu_order":0,"comment_status":"closed","ping_status":"closed","template":"","meta":{"ngg_post_thumbnail":0},"_links":{"self":[{"href":"https:\/\/bseinzelh.musin.de\/mitte\/wp-json\/wp\/v2\/pages\/41911"}],"collection":[{"href":"https:\/\/bseinzelh.musin.de\/mitte\/wp-json\/wp\/v2\/pages"}],"about":[{"href":"https:\/\/bseinzelh.musin.de\/mitte\/wp-json\/wp\/v2\/types\/page"}],"author":[{"embeddable":true,"href":"https:\/\/bseinzelh.musin.de\/mitte\/wp-json\/wp\/v2\/users\/2"}],"replies":[{"embeddable":true,"href":"https:\/\/bseinzelh.musin.de\/mitte\/wp-json\/wp\/v2\/comments?post=41911"}],"version-history":[{"count":4,"href":"https:\/\/bseinzelh.musin.de\/mitte\/wp-json\/wp\/v2\/pages\/41911\/revisions"}],"predecessor-version":[{"id":41936,"href":"https:\/\/bseinzelh.musin.de\/mitte\/wp-json\/wp\/v2\/pages\/41911\/revisions\/41936"}],"wp:attachment":[{"href":"https:\/\/bseinzelh.musin.de\/mitte\/wp-json\/wp\/v2\/media?parent=41911"}],"curies":[{"name":"wp","href":"https:\/\/api.w.org\/{rel}","templated":true}]}}