{"id":452,"date":"2018-04-30T20:35:09","date_gmt":"2018-04-30T20:35:09","guid":{"rendered":"http:\/\/www.bseinzelh.musin.de\/mitte\/?page_id=452"},"modified":"2025-11-12T16:09:45","modified_gmt":"2025-11-12T16:09:45","slug":"bvj-lindwurmstrasse","status":"publish","type":"page","link":"https:\/\/bseinzelh.musin.de\/mitte\/bvj-lindwurmstrasse\/","title":{"rendered":"BVJ &#8211; Neustart &#8211; Filiale Lipowskystra\u00dfe"},"content":{"rendered":"\n<figure class=\"wp-block-image size-large\"><img decoding=\"async\" loading=\"lazy\" width=\"1024\" height=\"215\" src=\"https:\/\/bseinzelh.musin.de\/mitte\/wp-content\/uploads\/2025\/11\/DE-Finanziert-von-der-Europaeischen-Union-PANTONE-1024x215.jpg\" alt=\"\" class=\"wp-image-407358\" srcset=\"https:\/\/bseinzelh.musin.de\/mitte\/wp-content\/uploads\/2025\/11\/DE-Finanziert-von-der-Europaeischen-Union-PANTONE-1024x215.jpg 1024w, https:\/\/bseinzelh.musin.de\/mitte\/wp-content\/uploads\/2025\/11\/DE-Finanziert-von-der-Europaeischen-Union-PANTONE-300x63.jpg 300w, https:\/\/bseinzelh.musin.de\/mitte\/wp-content\/uploads\/2025\/11\/DE-Finanziert-von-der-Europaeischen-Union-PANTONE-768x161.jpg 768w, https:\/\/bseinzelh.musin.de\/mitte\/wp-content\/uploads\/2025\/11\/DE-Finanziert-von-der-Europaeischen-Union-PANTONE-1536x322.jpg 1536w, https:\/\/bseinzelh.musin.de\/mitte\/wp-content\/uploads\/2025\/11\/DE-Finanziert-von-der-Europaeischen-Union-PANTONE-2048x430.jpg 2048w\" sizes=\"(max-width: 767px) 89vw, (max-width: 1000px) 54vw, (max-width: 1071px) 543px, 580px\" \/><\/figure>\n\n\n<h2 style=\"text-align: right;\" align=\"left\">Dieses Projekt wird aus dem Europ\u00e4ischen Sozialfonds gef\u00f6rdert.<\/h2>\n<p align=\"left\">&nbsp;<\/p>\n<p align=\"left\">Das <strong>B<\/strong>erufs<strong>v<\/strong>orbereitungs<strong>j<\/strong>ahr <strong>(BVJ Neustart) <\/strong>richtet sich an berufsschulpflichtige Sch\u00fclerinnen und Sch\u00fcler ohne ein bestehendes Ausbildungsverh\u00e4ltnis.<\/p>\n\n\n<figure class=\"wp-block-image size-large\"><img decoding=\"async\" loading=\"lazy\" width=\"960\" height=\"720\" src=\"https:\/\/bseinzelh.musin.de\/mitte\/wp-content\/uploads\/2021\/04\/Weiterentwicklung-BVJ.jpg\" alt=\"\" class=\"wp-image-111851\" srcset=\"https:\/\/bseinzelh.musin.de\/mitte\/wp-content\/uploads\/2021\/04\/Weiterentwicklung-BVJ.jpg 960w, https:\/\/bseinzelh.musin.de\/mitte\/wp-content\/uploads\/2021\/04\/Weiterentwicklung-BVJ-300x225.jpg 300w, https:\/\/bseinzelh.musin.de\/mitte\/wp-content\/uploads\/2021\/04\/Weiterentwicklung-BVJ-768x576.jpg 768w\" sizes=\"(max-width: 767px) 89vw, (max-width: 1000px) 54vw, (max-width: 1071px) 543px, 580px\" \/><\/figure>\n\n\n\n<p>Wir bieten f\u00fcr Sch\u00fclerinnen und Sch\u00fcler ohne einen festen Ausbildungsplatz drei <strong>BVJ<\/strong> Neustart Klassen (kooperativ) an. <\/p>\n\n\n\n<p><strong>Leider sind Stand 12.11.2025 alle Pl\u00e4tze besetzt<\/strong>!!!<\/p>\n\n\n\n<p><strong>Du hast noch Fragen oder m\u00f6chtest dich direkt anmelden? <\/strong><\/p>\n\n\n<div class=\"wp-block-image\">\n<figure class=\"aligncenter size-large is-resized\"><a href=\"tel:017660902008\"><img decoding=\"async\" src=\"https:\/\/bseinzelh.musin.de\/mitte\/wp-content\/uploads\/2021\/06\/Bildschirmfoto-2021-06-10-um-20.58.01-3-edited.png\" alt=\"\" class=\"wp-image-121600\" width=\"133\" srcset=\"https:\/\/bseinzelh.musin.de\/mitte\/wp-content\/uploads\/2021\/06\/Bildschirmfoto-2021-06-10-um-20.58.01-3-edited.png 247w, https:\/\/bseinzelh.musin.de\/mitte\/wp-content\/uploads\/2021\/06\/Bildschirmfoto-2021-06-10-um-20.58.01-3-edited-150x150.png 150w, https:\/\/bseinzelh.musin.de\/mitte\/wp-content\/uploads\/2021\/06\/Bildschirmfoto-2021-06-10-um-20.58.01-3-edited-100x100.png 100w\" sizes=\"(max-width: 247px) 100vw, 247px\" \/><\/a><\/figure><\/div>\n\n<div class=\"wp-block-image\">\n<figure class=\"aligncenter size-large is-resized\"><a href=\"mailto:juergen.hofer@bs-ehm.muenchen.musin.de\"><img decoding=\"async\" src=\"https:\/\/bseinzelh.musin.de\/mitte\/wp-content\/uploads\/2021\/06\/Bildschirmfoto-2021-06-10-um-20.58.03-1-edited.png\" alt=\"\" class=\"wp-image-121601\" width=\"132\" srcset=\"https:\/\/bseinzelh.musin.de\/mitte\/wp-content\/uploads\/2021\/06\/Bildschirmfoto-2021-06-10-um-20.58.03-1-edited.png 244w, https:\/\/bseinzelh.musin.de\/mitte\/wp-content\/uploads\/2021\/06\/Bildschirmfoto-2021-06-10-um-20.58.03-1-edited-150x150.png 150w, https:\/\/bseinzelh.musin.de\/mitte\/wp-content\/uploads\/2021\/06\/Bildschirmfoto-2021-06-10-um-20.58.03-1-edited-100x100.png 100w\" sizes=\"(max-width: 244px) 100vw, 244px\" \/><\/a><\/figure><\/div>","protected":false},"excerpt":{"rendered":"<p>Dieses Projekt wird aus dem Europ\u00e4ischen Sozialfonds gef\u00f6rdert. &nbsp; Das Berufsvorbereitungsjahr (BVJ Neustart) richtet sich an berufsschulpflichtige Sch\u00fclerinnen und Sch\u00fcler ohne ein bestehendes Ausbildungsverh\u00e4ltnis. Wir bieten f\u00fcr Sch\u00fclerinnen und Sch\u00fcler ohne einen festen Ausbildungsplatz drei BVJ Neustart Klassen (kooperativ) an. Leider sind Stand 12.11.2025 alle Pl\u00e4tze besetzt!!! Du hast noch Fragen oder m\u00f6chtest dich direkt &hellip; <\/p>\n<p class=\"link-more\"><a href=\"https:\/\/bseinzelh.musin.de\/mitte\/bvj-lindwurmstrasse\/\" class=\"more-link\"><span class=\"screen-reader-text\">\u201eBVJ &#8211; Neustart &#8211; Filiale Lipowskystra\u00dfe\u201c <\/span>weiterlesen<\/a><\/p>\n","protected":false},"author":1,"featured_media":0,"parent":0,"menu_order":0,"comment_status":"closed","ping_status":"closed","template":"","meta":{"ngg_post_thumbnail":0},"_links":{"self":[{"href":"https:\/\/bseinzelh.musin.de\/mitte\/wp-json\/wp\/v2\/pages\/452"}],"collection":[{"href":"https:\/\/bseinzelh.musin.de\/mitte\/wp-json\/wp\/v2\/pages"}],"about":[{"href":"https:\/\/bseinzelh.musin.de\/mitte\/wp-json\/wp\/v2\/types\/page"}],"author":[{"embeddable":true,"href":"https:\/\/bseinzelh.musin.de\/mitte\/wp-json\/wp\/v2\/users\/1"}],"replies":[{"embeddable":true,"href":"https:\/\/bseinzelh.musin.de\/mitte\/wp-json\/wp\/v2\/comments?post=452"}],"version-history":[{"count":42,"href":"https:\/\/bseinzelh.musin.de\/mitte\/wp-json\/wp\/v2\/pages\/452\/revisions"}],"predecessor-version":[{"id":407385,"href":"https:\/\/bseinzelh.musin.de\/mitte\/wp-json\/wp\/v2\/pages\/452\/revisions\/407385"}],"wp:attachment":[{"href":"https:\/\/bseinzelh.musin.de\/mitte\/wp-json\/wp\/v2\/media?parent=452"}],"curies":[{"name":"wp","href":"https:\/\/api.w.org\/{rel}","templated":true}]}}