{"id":483,"date":"2018-04-30T21:06:20","date_gmt":"2018-04-30T21:06:20","guid":{"rendered":"http:\/\/www.bseinzelh.musin.de\/mitte\/?page_id=483"},"modified":"2026-03-19T08:20:42","modified_gmt":"2026-03-19T08:20:42","slug":"kaufmann-kauffrau-im-einzelhandel","status":"publish","type":"page","link":"https:\/\/bseinzelh.musin.de\/mitte\/kaufmann-kauffrau-im-einzelhandel\/","title":{"rendered":"Kaufmann \/ Kauffrau im Einzelhandel"},"content":{"rendered":"<h1><strong>Kaufmann \/ Kauffrau im Einzelhandel<\/strong><\/h1>\n<h1><strong>Die Pr\u00fcfung&nbsp;<\/strong><\/h1>\n<h3 class=\"gruen\" align=\"left\"><b>Zwischenpr\u00fcfung <\/b><\/h3>\n<p align=\"left\">Es gibt <u>keine Zwischenpr\u00fcfung<\/u> mehr. Was Sie am Ende des 2. Ausbildungsjahres schreiben, ist Teil 1 der gestreckten Abschlusspr\u00fcfung!<\/p>\n<h3>&nbsp;<b class=\"gruen\">Abschlusspr\u00fcfung<\/b><\/h3>\n<p>An den Sommer-Abschlusspr\u00fcfungen nehmen i. d. R. alle Auszubildenden teil, deren Berufsausbildungs- bzw. Umschulungsvertrag zwischen dem 1. April und dem 30. September des laufenden Jahres endet. Die Anmeldungen m\u00fcssen von den Betrieben an die IHK geschickt werden.<\/p>\n<p><b><u>Wie sieht die Abschlusspr\u00fcfung aus?<\/u><\/b><\/p>\n<p>Die Abschlusspr\u00fcfung im Ausbildungsberuf Kaufmann\/Kauffrau im Einzelhandel gliedert sich in Teil 1 und Teil 2 der Gestreckten Abschlusspr\u00fcfung mit insgesamt <b><i>f\u00fcnf Pr\u00fcfungsbereichen<\/i><\/b>.<\/p>\n<p><i><b>Teil 1<\/b><\/i> umfasst die Inhalte der ersten beiden Ausbildungsjahre und findet am Ende des zweiten Ausbildungsjahres statt, bei Verk\u00fcrzern auch fr\u00fcher. Sie erhalten im Anschluss eine Bescheinigung \u00fcber Ihre erbrachten Leistungen.<\/p>\n<p>Sie k\u00f6nnen bei diesem ersten Teil nicht durchfallen und ihn auch nicht bei sehr schlechten Leistungen freiwillig wiederholen, da Sie trotzdem noch die Chance auf Bestehen der Gesamtpr\u00fcfung haben<\/p>\n<p><i><b>Teil 2 <\/b><\/i>umfasst die Inhalte des dritten Ausbildungsjahres und wird am Ende der Ausbildung abgelegt.<\/p>\n<p>In Ihrem Abschlusszeugnis stehen s\u00e4mtliche Noten der f\u00fcnf Pr\u00fcfungsbereiche!<\/p>\n<table style=\"height: 1589px;\" border=\"0\" width=\"597\">\n<tbody>\n<tr>\n<td valign=\"top\" width=\"50%\" height=\"82\">\n<h2><span style=\"color: #000080;\">Teil 1<\/span><\/h2>\n<p><span style=\"color: #000080;\">(i.d.R. am Ende des 2. Ausbildungsjahres, bei Verk\u00fcrzern auch fr\u00fcher)<\/span><\/td>\n<td valign=\"top\" width=\"50%\">\n<h2><span style=\"color: #ff0000;\">Teil 2<\/span><\/h2>\n<p><span style=\"color: #ff0000;\">(am Ende der Ausbildung)<\/span><\/td>\n<\/tr>\n<tr>\n<td valign=\"top\" width=\"50%\"><b class=\"gruen\">1. Verkauf und Werbema\u00dfnahmen<\/b>&nbsp;<\/p>\n<ul>\n<li>h\u00f6chstens 90 Minuten, <u><i>offene<\/i><\/u> Fragen<\/li>\n<li>praxisbezogene Aufgaben und F\u00e4lle aus den Bereichen Verkauf, Beratung, Kasse, Warenpr\u00e4sentation, Werbung<\/li>\n<\/ul>\n<p>&nbsp;<\/p>\n<p><b class=\"gruen\">2. Warenwirtschaft und Kalkulation<\/b><\/p>\n<ul>\n<li>h\u00f6chstens 60 Minuten, programmiert (Multiple-Choice)<\/li>\n<li>praxisbezogene Aufgaben und F\u00e4lle aus den Bereichen Warenannahme und -lagerung, Bestandsf\u00fchrung und -kontrolle, rechnerische Gesch\u00e4ftsvorg\u00e4nge, Kalkulation.<\/li>\n<\/ul>\n<p>&nbsp;<\/p>\n<p><b class=\"gruen\">3. Wirtschafts- und Sozialkunde<\/b><\/p>\n<ul>\n<li>h\u00f6chstens 60 Minuten, programmiert (Multiple-Choice)<\/li>\n<li>praxisbezogene Aufgaben und F\u00e4lle aus den Bereichen Grundlagen des Wirtschaftens, rechtliche Rahmenbedingungen, Menschliche Arbeit im Betrieb, Arbeitssicherheit und Umweltschutz<\/li>\n<\/ul>\n<\/td>\n<td valign=\"top\" width=\"50%\"><b class=\"gruen\">4. Gesch\u00e4ftsprozesse im Einzelhandel<\/b>&nbsp;<\/p>\n<ul>\n<li>praxisbezogene Aufgabeoder F\u00e4lle, <i><u>offene<\/u><\/i> Fragen<\/li>\n<li>fachliche, wirtschaftliche und soziale Zusammenh\u00e4nge bezogen auf Kernprozesse des Einzelhandels: Einkauf und Sortimentsgestaltung,&nbsp; logistische Prozesse, Verkauf, Rechnungswesen, Personalwirtschaft, Marketing und IT-Anwendungen<\/li>\n<\/ul>\n<p>&nbsp;<\/p>\n<p><b class=\"gruen\">5. &#8222;Fallbezogenes Fachgespr\u00e4ch&#8220; <\/b>(M\u00fcndliche Pr\u00fcfung)<\/p>\n<ul>\n<li>aus zwei praxisbezogenen Situationsaufgabenw\u00e4hlen Sie eine Aufgabe aus. Das Thema der Aufgaben richtet sich nach dem <a href=\"https:\/\/bseinzelh.musin.de\/mitte\/wp-content\/uploads\/2019\/03\/abfragebogen_eh.pdf\"><strong>Abfragebogen<\/strong>,<\/a>&nbsp;den Sie vor der Anmeldung zur Pr\u00fcfung ausgef\u00fcllt haben. Sie werden nur dann ausf\u00fchrlich in Warenkunde gepr\u00fcft, wenn Sie als Wahlqualifikation &#8222;Beratung und Verkauf&#8220; angegeben haben. Allgemeine Warenkenntnisse m\u00fcssen allerdings immer nachgewiesen werden.<\/li>\n<li><b>Bringen Sie unbedingt Ihr Berichtsheft zur Pr\u00fcfung mit und achten Sie darauf, das es vollst\u00e4ndig ist<\/b> (auch die Unterschriften!).<\/li>\n<li>Sie haben 15 Minuten Zeit, um sich auf die Fragen vorzubereiten.<\/li>\n<li>Das Fachgespr\u00e4ch (= Pr\u00fcfung) soll h\u00f6chstens 20 Minuten andauern.<\/li>\n<li>Eventuell erfolgt anschlie\u00dfend noch eine Erg\u00e4nzungspr\u00fcfung.<\/li>\n<\/ul>\n<\/td>\n<\/tr>\n<\/tbody>\n<\/table>\n<p><b><u>Wie werden die Pr\u00fcfungsteile gewichtet?<\/u><\/b><\/p>\n<table style=\"height: 357px;\" border=\"0\" width=\"691\">\n<tbody>\n<tr>\n<td valign=\"top\" width=\"50%\"><i><b>Erster Teil:<\/b><\/i>&nbsp;<\/p>\n<ul>\n<li>Verkauf und Werbema\u00dfnahmen <strong>(15 %)<\/strong><\/li>\n<li>Warenwirtschaft und Kalkulation <strong>(10 %)<\/strong><\/li>\n<li>Wirtschafts- und Sozialkunde <strong>(10 %)<\/strong><\/li>\n<\/ul>\n<p><i><b>Zweiter Teil:<\/b><\/i><\/p>\n<ul>\n<li>Gesch\u00e4ftsprozesse im Einzelhandel <strong>(25 %)<\/strong><\/li>\n<li>Fallbezogenes Gespr\u00e4ch <strong>(40 %)<\/strong><\/li>\n<\/ul>\n<\/td>\n<td width=\"50%\"><img decoding=\"async\" loading=\"lazy\" class=\"wp-image-10088 aligncenter\" src=\"https:\/\/bseinzelh.musin.de\/mitte\/wp-content\/uploads\/2019\/03\/EHB-300x152.jpg\" alt=\"\" width=\"250\" height=\"126\" srcset=\"https:\/\/bseinzelh.musin.de\/mitte\/wp-content\/uploads\/2019\/03\/EHB-300x152.jpg 300w, https:\/\/bseinzelh.musin.de\/mitte\/wp-content\/uploads\/2019\/03\/EHB.jpg 697w\" sizes=\"(max-width: 250px) 100vw, 250px\" \/><\/td>\n<\/tr>\n<\/tbody>\n<\/table>\n<p align=\"left\"><b><u><a name=\"bestehen\"><\/a>Wann haben Sie die Pr\u00fcfung bestanden?<\/u><\/b><\/p>\n<ul>\n<li>Sie m\u00fcssen in der Pr\u00fcfung &#8222;Gesch\u00e4ftsprozesse im Einzelhandel&#8220; mindestens&nbsp;die Note 4 erzielen (50 %)<\/li>\n<li>Sie m\u00fcssen im &#8222;Fachbezogenen Fallgespr\u00e4ch&#8220; (m\u00fcndliche Pr\u00fcfung) mindestens&nbsp; die Note 4 erzielen (50 %)<\/li>\n<li>Ihr&nbsp; Gesamtergebnis aus allen f\u00fcnf Pr\u00fcfungsbereichen muss mindestens &#8222;ausreichend&#8220; sein, d.h. Sie m\u00fcssen die H\u00e4lfte der insgesamt erzielbaren Punkte schaffen.<\/li>\n<li>Die drei Pr\u00fcfungsbereiche im ersten Teil (also i.d.R. nach dem 2. Ausbildungsjahr) sind <b><i>keine Sperrf\u00e4cher<\/i><\/b>, das hei\u00dft Sie k\u00f6nnten theoretisch hier F\u00fcnfer oder sogar Sechser schreiben und trotzdem die Abschlusspr\u00fcfung bestehen, wenn Sie im zweiten Teil so gut sind, dass Sie <b><i>insgesamt<\/i><\/b> die H\u00e4lfte der Punkte erzielen.<\/li>\n<li>Sie k\u00f6nnen eine <b><i>m\u00fcndliche Erg\u00e4nzungspr\u00fcfung<\/i><\/b> im schriftlichen Pr\u00fcfungsbereich Gesch\u00e4ftsprozesse im Einzelhandel (Teil 2) beantragen, wenn Sie dort weniger als 50, aber mindestens 25 Punkte erzielt hatten. Sie findet im Anschluss an die m\u00fcndliche Pr\u00fcfung statt und dauert etwa 15 Minuten. Sie haben bestanden, wenn Sie durch die Erg\u00e4nzungspr\u00fcfung dann mindestens 50 Punkte erzielen k\u00f6nnen &#8211; dabei wird die schriftliche Pr\u00fcfung doppelt gewichtet.<br \/>\nBeispiel: Ergebnis im Fach &#8222;Gesch\u00e4ftsprozesse im Einzelhandel&#8220; = 45 Punkte. Nun m\u00fcssen Sie in der Erg\u00e4nzungspr\u00fcfung mindestens 60 Punkte erzielen (45 x 2 + 60) : 3 = 150 : 3 = 50 Punkte<\/li>\n<\/ul>\n<p>Eine Erg\u00e4nzungspr\u00fcfung in einem der drei Pr\u00fcfungsbereiche aus Teil 1 ist <u>nicht<\/u> m\u00f6glich.<\/p>\n<p>Bei Nichtbestehen kann die Pr\u00fcfung zweimal wiederholt werden. Mindestens ausreichende Pr\u00fcfungsleistungen in einzelnen Pr\u00fcfungsteilen bzw. Pr\u00fcfungsbereichen k\u00f6nnen anerkannt werden.<\/p>\n<p><b>Falls Sie die schriftliche Pr\u00fcfung nicht bestehen, m\u00fcssen auch alle mit der Note 5 oder 6 bewertete Pr\u00fcfungen des ersten Teils (nach dem 2. Lehrjahr) wiederholt werden.<\/b><\/p>\n<p><span style=\"color: #ff0000;\"><strong>Eine Teilnahme an der m\u00fcndlichen Pr\u00fcfung ist auch bei Nichtbestehen des schriftlichen Teils sinnvoll!<\/strong><\/span><\/p>\n<p><b><u>Wann kann ich vorzeitig zur Abschlusspr\u00fcfung zugelassen werden?<\/u><\/b><\/p>\n<p>Ein Azubi kann vorzeitig zur Pr\u00fcfung zugelassen werden, wenn Ausbildungsbetrieb und Berufsschule \u00fcberdurchschnittliche Leistungen bescheinigen.<\/p>\n<p>Mit jedem&nbsp; Antrag auf vorzeitige Zulassung ist bei der IHK f\u00fcr M\u00fcnchen und Oberbayern einzureichen:<\/p>\n<ol>\n<li>Bescheinigung des Ausbildungsbetriebs (gelber Antrag)<\/li>\n<li>Best\u00e4tigung der Berufsschule \u00fcber den Leistungsstand der einzelnen Unterrichtsf\u00e4cher.<\/li>\n<\/ol>\n<p>Diese Best\u00e4tigung wird von der Schule erstellt und muss mit der Unterschrift des\/der Schulleiter\/in sowie dem Schulstempel versehen sein. Bitte verwenden Sie nicht das IHK-Formular.<\/p>\n<p>Eine vorzeitige Zulassung ist nur m\u00f6glich, wenn Sie in den vier Zeugnisf\u00e4chern Sozialkunde, Einzelhandelsprozesse, Kundenorientiertes Verkaufen und Kaufm\u00e4nnische Steuerung und Kontrolle in den vier Zeugnisf\u00e4chern Sozialkunde, Einzelhandelsprozesse, Kundenorientiertes Verkaufen und Kaufm\u00e4nnische Steuerung und Kontrolle einen Notenschnitt von mindestens 2,5 erreichen.<\/p>\n<p><b><u>Kann ich auch ohne Lehre die Pr\u00fcfung ablegen?<\/u><\/b><\/p>\n<p>Sie haben Ihre Ausbildung vor Jahren abgebrochen? Sie ben\u00f6tigen einen Berufsabschluss mit IHK-Zeugnis? Unter bestimmten Voraussetzungen k\u00f6nnen Sie auch ohne Berufsausbildungsverh\u00e4ltnis zur Abschlusspr\u00fcfung zugelassen werden.<\/p>\n<ul>\n<li>Sie m\u00fcssen die in der Verordnung des Ausbildungsberufes geforderten Fertigkeiten, Kenntnisse und F\u00e4higkeiten erworben haben.<\/li>\n<li>Der Zeitraum dieser T\u00e4tigkeit muss mindestens das Eineinhalbfache der Regelausbildungszeit betragen.<\/li>\n<\/ul>\n<p>Beispiel: Regelausbildungszeit beim Einzelh\u00e4ndler 3 Jahre: Zeitraum f\u00fcr die &#8222;externe Zulassung&#8220; w\u00e4ren hier 4 1\/2 Jahre. Die Kosten der Pr\u00fcfung liegen bei h\u00f6chstens 210,00 \u20ac.<\/p>\n<p>N\u00e4heres erfahren Sie bei Ihrer zust\u00e4ndigen IHK.<\/p>\n","protected":false},"excerpt":{"rendered":"<p>Kaufmann \/ Kauffrau im Einzelhandel Die Pr\u00fcfung&nbsp; Zwischenpr\u00fcfung Es gibt keine Zwischenpr\u00fcfung mehr. Was Sie am Ende des 2. Ausbildungsjahres schreiben, ist Teil 1 der gestreckten Abschlusspr\u00fcfung! &nbsp;Abschlusspr\u00fcfung An den Sommer-Abschlusspr\u00fcfungen nehmen i. d. R. alle Auszubildenden teil, deren Berufsausbildungs- bzw. Umschulungsvertrag zwischen dem 1. April und dem 30. September des laufenden Jahres endet. Die &hellip; <\/p>\n<p class=\"link-more\"><a href=\"https:\/\/bseinzelh.musin.de\/mitte\/kaufmann-kauffrau-im-einzelhandel\/\" class=\"more-link\"><span class=\"screen-reader-text\">\u201eKaufmann \/ Kauffrau im Einzelhandel\u201c <\/span>weiterlesen<\/a><\/p>\n","protected":false},"author":1,"featured_media":0,"parent":0,"menu_order":0,"comment_status":"closed","ping_status":"closed","template":"","meta":{"ngg_post_thumbnail":0},"_links":{"self":[{"href":"https:\/\/bseinzelh.musin.de\/mitte\/wp-json\/wp\/v2\/pages\/483"}],"collection":[{"href":"https:\/\/bseinzelh.musin.de\/mitte\/wp-json\/wp\/v2\/pages"}],"about":[{"href":"https:\/\/bseinzelh.musin.de\/mitte\/wp-json\/wp\/v2\/types\/page"}],"author":[{"embeddable":true,"href":"https:\/\/bseinzelh.musin.de\/mitte\/wp-json\/wp\/v2\/users\/1"}],"replies":[{"embeddable":true,"href":"https:\/\/bseinzelh.musin.de\/mitte\/wp-json\/wp\/v2\/comments?post=483"}],"version-history":[{"count":19,"href":"https:\/\/bseinzelh.musin.de\/mitte\/wp-json\/wp\/v2\/pages\/483\/revisions"}],"predecessor-version":[{"id":425245,"href":"https:\/\/bseinzelh.musin.de\/mitte\/wp-json\/wp\/v2\/pages\/483\/revisions\/425245"}],"wp:attachment":[{"href":"https:\/\/bseinzelh.musin.de\/mitte\/wp-json\/wp\/v2\/media?parent=483"}],"curies":[{"name":"wp","href":"https:\/\/api.w.org\/{rel}","templated":true}]}}