{"id":484,"date":"2018-04-30T21:06:20","date_gmt":"2018-04-30T21:06:20","guid":{"rendered":"http:\/\/www.bseinzelh.musin.de\/mitte\/?page_id=484"},"modified":"2019-05-29T06:25:47","modified_gmt":"2019-05-29T06:25:47","slug":"verkaeufer-verkaeuferin","status":"publish","type":"page","link":"https:\/\/bseinzelh.musin.de\/mitte\/verkaeufer-verkaeuferin\/","title":{"rendered":"Verk\u00e4uferIn"},"content":{"rendered":"<h1><strong>Die Pr\u00fcfung&nbsp;<\/strong><\/h1>\n<h3 align=\"left\"><b class=\"gruen\">Zwischenpr\u00fcfung <\/b><\/h3>\n<p align=\"left\">Die Zwischenpr\u00fcfung findet <b>zu Beginn des 2. Ausbildungsjahres<\/b> statt und pr\u00fcft <b>Inhalte des 1. Ausbildungsjahres<\/b> ab (Marketing und Verkauf, Kassieren und Rechnen, Wirtschafts- und Sozialkunde).<\/p>\n<ul>\n<li>Dauer: 90 Minuten<\/li>\n<li>ca. 45 Aufgaben<\/li>\n<li>programmierte Form (Multiple-Choice)<\/li>\n<\/ul>\n<p>Das Ergebnis der Zwischenpr\u00fcfung z\u00e4hlt nicht zur Abschlusspr\u00fcfung.<\/p>\n<h3><b class=\"gruen\">Abschlusspr\u00fcfung<\/b><\/h3>\n<p>An den Sommer-Abschlusspr\u00fcfungen nehmen i.d.R. alle Auszubildenden teil, deren Berufsausbildungs- bzw. Umschulungsvertrag zwischen dem 1. April und dem 30. September des laufenden Jahres endet. Die Anmeldungen m\u00fcssen von den Betrieben an die IHK geschickt werden.<\/p>\n<p><b><u>Wie sieht die Abschlusspr\u00fcfung aus?<\/u><\/b><\/p>\n<p>Die Abschlusspr\u00fcfung enth\u00e4lt folgende Bereiche:<\/p>\n<table border=\"0\" width=\"95%\">\n<tbody>\n<tr>\n<td bgcolor=\"#c0c0c0\" height=\"56\" width=\"50%\">\n<h3><span style=\"color: #000080;\">Schriftlicher Teil<\/span><\/h3>\n<\/td>\n<td bgcolor=\"#c0c0c0\" width=\"50%\">\n<h3><span style=\"color: #ff0000;\">M\u00fcndlicher Teil<\/span><\/h3>\n<\/td>\n<\/tr>\n<tr>\n<td bgcolor=\"#0066ff\" width=\"50%\"><b>1. Verkauf und Werbema\u00dfnahmen<\/b><\/p>\n<ul>\n<li>90 Minuten, <u><i>offene<\/i><\/u> Fragen<\/li>\n<li>praxisbezogene Aufgaben und F\u00e4lle aus den Bereichen Verkauf, Beratung, Kasse, Warenpr\u00e4sentation, Werbung<\/li>\n<\/ul>\n<\/td>\n<td rowspan=\"3\" valign=\"top\" bgcolor=\"#ff6666\" width=\"50%\">\n<ul>\n<li>aus zwei praxisbezogenen Situationsaufgaben w\u00e4hlen Sie eine Aufgabe aus. Das Thema der Aufgaben richtet sich nach dem <a href=\"https:\/\/bseinzelh.musin.de\/mitte\/wp-content\/uploads\/2019\/03\/abfragebogen_vk.pdf\"><strong>Abfragebogen<\/strong><\/a>, den Sie vor der Anmeldung zur Pr\u00fcfung ausgef\u00fcllt haben. Sie werden nur noch dann ausf\u00fchrlich in Warenkunde gepr\u00fcft, wenn Sie als Wahlqualifikation &#8222;Beratung und Verkauf&#8220; angegeben haben. Allgemeine Warenkenntnisse m\u00fcssen Sie allerdings immer nachgewiesen werden.<\/li>\n<li><b>Bringen Sie unbedingt Ihr Berichtsheft zur Pr\u00fcfung mit und achten Sie darauf, das es vollst\u00e4ndig ist<\/b> (auch die Unterschriften!)<strong>!<\/strong><\/li>\n<li>Sie haben &nbsp;15 Minuten Zeit, um sich auf die Fragen vorzubereiten.<\/li>\n<li>Das Fachgespr\u00e4ch (= Pr\u00fcfung) dauert i. d. R. 20 Minuten.<\/li>\n<li>Eventuell erfolgt anschlie\u00dfend noch eine Erg\u00e4nzungspr\u00fcfung.<\/li>\n<\/ul>\n<\/td>\n<\/tr>\n<tr>\n<td bgcolor=\"#33ccff\" width=\"50%\"><b>2. Warenwirtschaft und Kalkulation<\/b><\/p>\n<ul>\n<li>60 Minuten, programmiert (Multiple-Choice)<\/li>\n<li>praxisbezogene Aufgaben und F\u00e4lle aus den Bereichen Warenannahme, Lagerung, Bestandsf\u00fchrung und -kontrolle, Rechnerische Gesch\u00e4ftsvorf\u00e4lle, Kalkulation<\/li>\n<\/ul>\n<\/td>\n<\/tr>\n<tr>\n<td bgcolor=\"#66ffff\" width=\"50%\"><b>3. Wirtschafts- und Sozialkunde<\/b><\/p>\n<ul>\n<li>60 Minuten, programmiert (Multiple-Choice)<\/li>\n<li>praxisbezogene Aufgaben und F\u00e4lle aus den Bereichen Grundlagen des Wirtschaftens, rechtliche Rahmenbedingungen, Menschliche Arbeit im Betrieb, Arbeitssicherheit und Umweltschutz<\/li>\n<\/ul>\n<\/td>\n<\/tr>\n<\/tbody>\n<\/table>\n<p align=\"left\"><b><u>Wie werden die Pr\u00fcfungsteile gewichtet?<\/u><\/b><\/p>\n<table border=\"0\" width=\"100%\">\n<tbody>\n<tr>\n<td valign=\"top\" width=\"50%\"><b><u><span style=\"color: #000080;\">Verk\u00e4uf<\/span><\/u><u><span style=\"color: #000080;\">er\/innen<\/span><\/u><\/b><br \/>\n<b><u><span style=\"color: #000080;\"><br \/>\nSchriftlich:<\/span><\/u><\/b><\/td>\n<\/tr>\n<\/tbody>\n<\/table>\n<ul>\n<li><span style=\"color: #000080;\">Verkauf und Werbema\u00dfnahmen 25 %<\/span><\/li>\n<li><span style=\"color: #000080;\">Warenwirtschaft und Kalkulation 15 %<\/span><\/li>\n<li><span style=\"color: #000080;\">Wirtschafts- und Sozialkunde 10 %<\/span><\/li>\n<\/ul>\n<p><b><u><span style=\"color: #ff0000;\">M\u00fcndlich:<\/span><\/u><\/b><\/p>\n<ul>\n<li><span style=\"color: #ff0000;\">&#8222;Fallbezogenes Fachgespr\u00e4ch&#8220; 50 %<\/span><\/li>\n<\/ul>\n<p><img decoding=\"async\" loading=\"lazy\" class=\"alignnone wp-image-10095\" src=\"https:\/\/bseinzelh.musin.de\/mitte\/wp-content\/uploads\/2019\/03\/VK-1-300x135.png\" alt=\"\" height=\"213\" width=\"473\" srcset=\"https:\/\/bseinzelh.musin.de\/mitte\/wp-content\/uploads\/2019\/03\/VK-1-300x135.png 300w, https:\/\/bseinzelh.musin.de\/mitte\/wp-content\/uploads\/2019\/03\/VK-1.png 761w\" sizes=\"(max-width: 473px) 100vw, 473px\" \/><\/p>\n<p><b><u>Wann haben Sie die Pr\u00fcfung bestanden?<\/u><\/b><\/p>\n<ul>\n<li>Sied\u00fcrfen in keinem Pr\u00fcfungsfach die Note 6 haben (weniger als 30 %).<\/li>\n<li>Sie d\u00fcrfen in h\u00f6chstens einem schriftlichen Bereich eine 5 haben(weniger als 50 %).<br \/>\n(Haben Sie zwei &#8222;F\u00fcnfer&#8220;, k\u00f6nnen Sie auf Antrag eine m\u00fcndliche Erg\u00e4nzungspr\u00fcfung gem\u00e4\u00df AkA-Pr\u00fcfungskatalog in einem dieser F\u00e4cher ablegen, um die Pr\u00fcfung doch noch zu bestehen).<\/li>\n<li>Sie m\u00fcssen in der m\u00fcndlichen Pr\u00fcfung mindestens&nbsp; die Note 4 haben.<\/li>\n<li>Im Gesamtergebnis m\u00fcssen Sie mindestens eine &#8222;ausreichende&#8220; Leistung haben, d.h. Sie m\u00fcssen die H\u00e4lfte der erzielbaren Punkte schaffen.<\/li>\n<\/ul>\n<p>Bei Nichtbestehen kann die Pr\u00fcfung zweimal wiederholt werden.<\/p>\n<p><b>Wenn Sie ein drittes Ausbildungsjahr f\u00fcr den Beruf Kauffrau\/-mann im Einzelhandel anschlie\u00dfen wollen, wird Ihnen die schriftliche Verk\u00e4uferpr\u00fcfung voll angerechnet.<\/b><\/p>\n<p><b>Bitte lesen Sie in diesem Fall die Pr\u00fcfungsinfos f\u00fcr Kaufleute im Einzelhandel<\/b><\/p>\n<p><span style=\"color: #ff0000;\"><strong>Eine Teilnahme an der m\u00fcndlichen Pr\u00fcfung ist auch bei Nichtbestehen des schriftlichen Teils sinnvoll!<\/strong><\/span><\/p>\n<p><b><u>Wann kann ich vorzeitig zur Abschlusspr\u00fcfung zugelassen werden?<\/u><\/b><\/p>\n<p>Ein Azubi kann vorzeitig zur Pr\u00fcfung zugelassen werden, wenn&nbsp; Ausbildungsbetrieb und Berufsschule \u00fcberdurchschnittliche Leistungen bescheinigen.<\/p>\n<p>Mit jedem&nbsp; Antrag auf vorzeitige Zulassung ist bei der IHK f\u00fcr M\u00fcnchen und Oberbayern einzureichen:<\/p>\n<ol>\n<li>Bescheinigung des Ausbildungsbetriebs (gelber Antrag)<\/li>\n<li>Best\u00e4tigung der Berufsschule \u00fcber den Leistungsstand der einzelnen Unterrichtsf\u00e4cher.<\/li>\n<\/ol>\n<p>Diese Best\u00e4tigung wird von der Schule erstellt und muss mit der Unterschrift des\/der Schulleiter\/in sowie dem Schulstempel versehen sein. Bitte verwenden Sie nicht das IHK-Formular.<\/p>\n<p>Eine vorzeitige Zulassung ist nur m\u00f6glich, wenn Sie in den vier Zeugnisf\u00e4chern Sozialkunde, Einzelhandelsprozesse, Kundenorientiertes Verkaufen und Kaufm\u00e4nnische Steuerung und Kontrolle in den vier Zeugnisf\u00e4chern Sozialkunde, Einzelhandelsprozesse, Kundenorientiertes Verkaufen und Kaufm\u00e4nnische Steuerung und Kontrolle einen Notenschnitt von mindestens 2,5 erreichen.<\/p>\n<p><b><u>Kann ich auch ohne Lehre die Pr\u00fcfung ablegen?<\/u><\/b><\/p>\n<p>Sie haben Ihre Ausbildung vor Jahren abgebrochen? Sie ben\u00f6tigen einen Berufsabschluss mit IHK-Zeugnis? Unter bestimmten Voraussetzungen k\u00f6nnen Sie auch ohne Berufsausbildungsverh\u00e4ltnis zur Abschlusspr\u00fcfung zugelassen werden.<\/p>\n<ul>\n<li>Sie m\u00fcssen die in der Verordnung des Ausbildungsberufes geforderten Fertigkeiten, Kenntnisse und F\u00e4higkeiten erworben haben.<\/li>\n<li>Der Zeitraum dieser T\u00e4tigkeit muss mindestens das Eineinhalbfache der Regelausbildungszeit betragen.<\/li>\n<\/ul>\n<p>Beispiel: Regelausbildungszeit beim Verk\u00e4ufer 2 Jahre: Zeitraum f\u00fcr die &#8218;externe Zulassung&#8216; w\u00e4ren hier 3 Jahre. Die Kosten der Pr\u00fcfung liegen bei h\u00f6chstens 210,00 \u20ac.<\/p>\n<p>N\u00e4heres erfahren Sie bei Ihrer zust\u00e4ndigen IHK.<\/p>\n","protected":false},"excerpt":{"rendered":"<p>Die Pr\u00fcfung&nbsp; Zwischenpr\u00fcfung Die Zwischenpr\u00fcfung findet zu Beginn des 2. Ausbildungsjahres statt und pr\u00fcft Inhalte des 1. Ausbildungsjahres ab (Marketing und Verkauf, Kassieren und Rechnen, Wirtschafts- und Sozialkunde). Dauer: 90 Minuten ca. 45 Aufgaben programmierte Form (Multiple-Choice) Das Ergebnis der Zwischenpr\u00fcfung z\u00e4hlt nicht zur Abschlusspr\u00fcfung. Abschlusspr\u00fcfung An den Sommer-Abschlusspr\u00fcfungen nehmen i.d.R. alle Auszubildenden teil, deren &hellip; <\/p>\n<p class=\"link-more\"><a href=\"https:\/\/bseinzelh.musin.de\/mitte\/verkaeufer-verkaeuferin\/\" class=\"more-link\"><span class=\"screen-reader-text\">\u201eVerk\u00e4uferIn\u201c <\/span>weiterlesen<\/a><\/p>\n","protected":false},"author":1,"featured_media":0,"parent":0,"menu_order":0,"comment_status":"closed","ping_status":"closed","template":"","meta":{"ngg_post_thumbnail":0},"_links":{"self":[{"href":"https:\/\/bseinzelh.musin.de\/mitte\/wp-json\/wp\/v2\/pages\/484"}],"collection":[{"href":"https:\/\/bseinzelh.musin.de\/mitte\/wp-json\/wp\/v2\/pages"}],"about":[{"href":"https:\/\/bseinzelh.musin.de\/mitte\/wp-json\/wp\/v2\/types\/page"}],"author":[{"embeddable":true,"href":"https:\/\/bseinzelh.musin.de\/mitte\/wp-json\/wp\/v2\/users\/1"}],"replies":[{"embeddable":true,"href":"https:\/\/bseinzelh.musin.de\/mitte\/wp-json\/wp\/v2\/comments?post=484"}],"version-history":[{"count":11,"href":"https:\/\/bseinzelh.musin.de\/mitte\/wp-json\/wp\/v2\/pages\/484\/revisions"}],"predecessor-version":[{"id":10073,"href":"https:\/\/bseinzelh.musin.de\/mitte\/wp-json\/wp\/v2\/pages\/484\/revisions\/10073"}],"wp:attachment":[{"href":"https:\/\/bseinzelh.musin.de\/mitte\/wp-json\/wp\/v2\/media?parent=484"}],"curies":[{"name":"wp","href":"https:\/\/api.w.org\/{rel}","templated":true}]}}