{"id":50197,"date":"2020-03-24T18:29:00","date_gmt":"2020-03-24T18:29:00","guid":{"rendered":"https:\/\/bseinzelh.musin.de\/mitte\/?page_id=50197"},"modified":"2024-10-01T12:39:09","modified_gmt":"2024-10-01T12:39:09","slug":"videos-fuer-die-pruefungsvorbereitung","status":"publish","type":"page","link":"https:\/\/bseinzelh.musin.de\/mitte\/videos-fuer-die-pruefungsvorbereitung\/","title":{"rendered":"Videos zur Pr\u00fcfungsvorbereitung"},"content":{"rendered":"\n<p>Pr\u00fcfungsvorbereitung <\/p>\n\n\n\n<figure class=\"wp-block-image size-large\"><img decoding=\"async\" loading=\"lazy\" width=\"1024\" height=\"643\" src=\"https:\/\/bseinzelh.musin.de\/mitte\/wp-content\/uploads\/2020\/03\/blackboard-2618793_1920-1024x643.jpg\" alt=\"\" class=\"wp-image-50554\" srcset=\"https:\/\/bseinzelh.musin.de\/mitte\/wp-content\/uploads\/2020\/03\/blackboard-2618793_1920-1024x643.jpg 1024w, https:\/\/bseinzelh.musin.de\/mitte\/wp-content\/uploads\/2020\/03\/blackboard-2618793_1920-300x188.jpg 300w, https:\/\/bseinzelh.musin.de\/mitte\/wp-content\/uploads\/2020\/03\/blackboard-2618793_1920-768x482.jpg 768w, https:\/\/bseinzelh.musin.de\/mitte\/wp-content\/uploads\/2020\/03\/blackboard-2618793_1920-1536x964.jpg 1536w, https:\/\/bseinzelh.musin.de\/mitte\/wp-content\/uploads\/2020\/03\/blackboard-2618793_1920.jpg 1620w\" sizes=\"(max-width: 767px) 89vw, (max-width: 1000px) 54vw, (max-width: 1071px) 543px, 580px\" \/><figcaption class=\"wp-element-caption\">Bildquelle: pixabay.com<\/figcaption><\/figure>\n\n\n\n<p>Bitte klicken Sie die entsprechende Pr\u00fcfung an, um zu dem Video mit den Erkl\u00e4rungen zu gelangen. <\/p>\n\n\n\n<p>Sie haben Fragen? Dann schreiben Sie uns eine E-Mail an: <strong><a href=\"mailto:medienteam-muenchen@gmx.de\">medienteam-muenchen@gmx.de<\/a><\/strong>.<\/p>\n\n\n\n<p>Die Unterlagen f\u00fcr die Pr\u00fcfungsvorbereitung werden <em>regelm\u00e4\u00dfig<\/em>  erg\u00e4nzt!<\/p>\n\n\n\n<p><strong><a href=\"http:\/\/vimeo.com\/user\/110618358\/folder\/1566725\">Abschlusspr\u00fcfungen 2018 (Sommer &amp; Winter)<\/a><\/strong><\/p>\n\n\n\n<p><strong><a href=\"http:\/\/vimeo.com\/user\/110618358\/folder\/1590621\">Abschlusspr\u00fcfungen 2019 (Sommer &amp; Winter)<\/a><\/strong><\/p>\n\n\n\n<p><strong><a href=\"http:\/\/vimeo.com\/user\/110618358\/folder\/4242034\">Abschlusspr\u00fcfungen 2020 (Sommer &amp; Winter)<\/a><\/strong><\/p>\n\n\n\n<p><strong><a href=\"https:\/\/vimeo.com\/user\/110618358\/folder\/22231520?isPrivate=false\">Abschlusspr\u00fcfungen 2023 (Sommer &amp; Winter)<\/a><\/strong><\/p>\n\n\n\n<p><strong>Erkl\u00e4rvideos ausgew\u00e4hlter Lernsituationen <\/strong><\/p>\n\n\n\n<p>Um zu den Erkl\u00e4rvideos vereinzelter Lernsituationen zu gelangen, klicken Sie bitte <strong><a href=\"https:\/\/www.youtube.com\/user\/BSEinzelh\">hier<\/a><\/strong>.<\/p>\n","protected":false},"excerpt":{"rendered":"<p>Pr\u00fcfungsvorbereitung Bitte klicken Sie die entsprechende Pr\u00fcfung an, um zu dem Video mit den Erkl\u00e4rungen zu gelangen. Sie haben Fragen? Dann schreiben Sie uns eine E-Mail an: medienteam-muenchen@gmx.de. Die Unterlagen f\u00fcr die Pr\u00fcfungsvorbereitung werden regelm\u00e4\u00dfig erg\u00e4nzt! Abschlusspr\u00fcfungen 2018 (Sommer &amp; Winter) Abschlusspr\u00fcfungen 2019 (Sommer &amp; Winter) Abschlusspr\u00fcfungen 2020 (Sommer &amp; Winter) Abschlusspr\u00fcfungen 2023 (Sommer &amp; &hellip; <\/p>\n<p class=\"link-more\"><a href=\"https:\/\/bseinzelh.musin.de\/mitte\/videos-fuer-die-pruefungsvorbereitung\/\" class=\"more-link\"><span class=\"screen-reader-text\">\u201eVideos zur Pr\u00fcfungsvorbereitung\u201c <\/span>weiterlesen<\/a><\/p>\n","protected":false},"author":2,"featured_media":0,"parent":0,"menu_order":0,"comment_status":"closed","ping_status":"closed","template":"","meta":{"ngg_post_thumbnail":0},"_links":{"self":[{"href":"https:\/\/bseinzelh.musin.de\/mitte\/wp-json\/wp\/v2\/pages\/50197"}],"collection":[{"href":"https:\/\/bseinzelh.musin.de\/mitte\/wp-json\/wp\/v2\/pages"}],"about":[{"href":"https:\/\/bseinzelh.musin.de\/mitte\/wp-json\/wp\/v2\/types\/page"}],"author":[{"embeddable":true,"href":"https:\/\/bseinzelh.musin.de\/mitte\/wp-json\/wp\/v2\/users\/2"}],"replies":[{"embeddable":true,"href":"https:\/\/bseinzelh.musin.de\/mitte\/wp-json\/wp\/v2\/comments?post=50197"}],"version-history":[{"count":54,"href":"https:\/\/bseinzelh.musin.de\/mitte\/wp-json\/wp\/v2\/pages\/50197\/revisions"}],"predecessor-version":[{"id":343580,"href":"https:\/\/bseinzelh.musin.de\/mitte\/wp-json\/wp\/v2\/pages\/50197\/revisions\/343580"}],"wp:attachment":[{"href":"https:\/\/bseinzelh.musin.de\/mitte\/wp-json\/wp\/v2\/media?parent=50197"}],"curies":[{"name":"wp","href":"https:\/\/api.w.org\/{rel}","templated":true}]}}