{"id":51592,"date":"2020-04-02T17:13:46","date_gmt":"2020-04-02T17:13:46","guid":{"rendered":"https:\/\/bseinzelh.musin.de\/mitte\/?page_id=51592"},"modified":"2020-04-30T06:29:26","modified_gmt":"2020-04-30T06:29:26","slug":"englischunterlagen-zum-download","status":"publish","type":"page","link":"https:\/\/bseinzelh.musin.de\/mitte\/englischunterlagen-zum-download\/","title":{"rendered":"Englischunterlagen zum Download"},"content":{"rendered":"\n<p>Liebe Sch\u00fclerinnen und Sch\u00fcler,<\/p>\n\n\n\n<p>zum \u00dcben haben wir Arbeitsbl\u00e4tter und Links zusammengestellt:<\/p>\n\n\n\n<p><strong>Das Englisch-Team w\u00fcnscht viel Erfolg beim Lernen!<\/strong><\/p>\n\n\n\n<p><strong>Lernmaterialien<\/strong> <\/p>\n\n\n\n<p><a href=\"https:\/\/bseinzelh.musin.de\/mitte\/wp-content\/uploads\/2020\/04\/INTERAKTIVE-ONLINE-\u00dcBUNGEN.pdf\">Interaktive Online-\u00dcbungen <\/a><\/p>\n\n\n\n<p><strong>Klasse 11<\/strong><\/p>\n\n\n\n<p><a href=\"https:\/\/bseinzelh.musin.de\/mitte\/wp-content\/uploads\/2020\/04\/11-Modal-verbs-I.pdf\">Modal verbs no. 1<\/a><\/p>\n\n\n\n<p><a href=\"https:\/\/bseinzelh.musin.de\/mitte\/wp-content\/uploads\/2020\/04\/11-Modal-verbs-II.pdf\">Modal verbs no. 2<\/a><\/p>\n\n\n\n<p><a href=\"https:\/\/bseinzelh.musin.de\/mitte\/wp-content\/uploads\/2020\/04\/11-Shopping-dialogue-shoe-shop.pdf\">Shopping dialogue<\/a><\/p>\n\n\n\n<p><a href=\"https:\/\/bseinzelh.musin.de\/mitte\/wp-content\/uploads\/2020\/04\/11-Simple-past-I.pdf\">Simple past no. 1<\/a><\/p>\n\n\n\n<p><a href=\"https:\/\/bseinzelh.musin.de\/mitte\/wp-content\/uploads\/2020\/04\/11-Simple-past-II.pdf\">Simple past no. 2<\/a><\/p>\n\n\n\n<p><a href=\"https:\/\/bseinzelh.musin.de\/mitte\/wp-content\/uploads\/2020\/04\/11-Simple-past-crossword-puzzle.pdf\">Simple past &#8211; crossword puzzle <\/a><\/p>\n\n\n\n<p><a href=\"https:\/\/bseinzelh.musin.de\/mitte\/wp-content\/uploads\/2020\/04\/11-Simple-past-extra-practice.pdf\">Simple past &#8211; extra practice <\/a><\/p>\n\n\n\n<p><strong>Klasse 12<\/strong><\/p>\n\n\n\n<p><a href=\"https:\/\/bseinzelh.musin.de\/mitte\/wp-content\/uploads\/2020\/04\/12-Shopping-dialogue-care-instructions.pdf\">Shopping dialogue<\/a> <\/p>\n\n\n\n<p><a href=\"https:\/\/bseinzelh.musin.de\/mitte\/wp-content\/uploads\/2020\/04\/12-Simple-past-present-perfect.pdf\">Simple past present perfect no. 1<\/a><\/p>\n\n\n\n<p><a href=\"https:\/\/bseinzelh.musin.de\/mitte\/wp-content\/uploads\/2020\/04\/12-Simple-past-present-perfect-II.pdf\">Simple past present perfect no. 2<\/a><\/p>\n\n\n\n<p><a href=\"https:\/\/bseinzelh.musin.de\/mitte\/wp-content\/uploads\/2020\/04\/12-Adjective-or-adverb-I.pdf\">Adjective or adverb no.1 <\/a><\/p>\n\n\n\n<p><a href=\"https:\/\/bseinzelh.musin.de\/mitte\/wp-content\/uploads\/2020\/04\/12-Adjective-or-adverb-II.pdf\">Adjective or adverb no.2 <\/a><\/p>\n\n\n\n<p><a href=\"https:\/\/bseinzelh.musin.de\/mitte\/wp-content\/uploads\/2020\/04\/12-Comparatives-I.pdf\">Comparatives no. 1<\/a><\/p>\n\n\n\n<p><a href=\"https:\/\/bseinzelh.musin.de\/mitte\/wp-content\/uploads\/2020\/04\/12-Comparatives-II.pdf\">Comparatives no. 2<\/a><\/p>\n\n\n\n<p><a href=\"https:\/\/bseinzelh.musin.de\/mitte\/wp-content\/uploads\/2020\/04\/12-Dealing-with-problems-useful-phrases.pdf\">Dealing with problems &#8211; useful phrases<\/a><\/p>\n\n\n\n<p><\/p>\n","protected":false},"excerpt":{"rendered":"<p>Liebe Sch\u00fclerinnen und Sch\u00fcler, zum \u00dcben haben wir Arbeitsbl\u00e4tter und Links zusammengestellt: Das Englisch-Team w\u00fcnscht viel Erfolg beim Lernen! Lernmaterialien Interaktive Online-\u00dcbungen Klasse 11 Modal verbs no. 1 Modal verbs no. 2 Shopping dialogue Simple past no. 1 Simple past no. 2 Simple past &#8211; crossword puzzle Simple past &#8211; extra practice Klasse 12 Shopping &hellip; <\/p>\n<p class=\"link-more\"><a href=\"https:\/\/bseinzelh.musin.de\/mitte\/englischunterlagen-zum-download\/\" class=\"more-link\"><span class=\"screen-reader-text\">\u201eEnglischunterlagen zum Download\u201c <\/span>weiterlesen<\/a><\/p>\n","protected":false},"author":2,"featured_media":0,"parent":0,"menu_order":0,"comment_status":"closed","ping_status":"closed","template":"","meta":{"ngg_post_thumbnail":0},"_links":{"self":[{"href":"https:\/\/bseinzelh.musin.de\/mitte\/wp-json\/wp\/v2\/pages\/51592"}],"collection":[{"href":"https:\/\/bseinzelh.musin.de\/mitte\/wp-json\/wp\/v2\/pages"}],"about":[{"href":"https:\/\/bseinzelh.musin.de\/mitte\/wp-json\/wp\/v2\/types\/page"}],"author":[{"embeddable":true,"href":"https:\/\/bseinzelh.musin.de\/mitte\/wp-json\/wp\/v2\/users\/2"}],"replies":[{"embeddable":true,"href":"https:\/\/bseinzelh.musin.de\/mitte\/wp-json\/wp\/v2\/comments?post=51592"}],"version-history":[{"count":13,"href":"https:\/\/bseinzelh.musin.de\/mitte\/wp-json\/wp\/v2\/pages\/51592\/revisions"}],"predecessor-version":[{"id":55640,"href":"https:\/\/bseinzelh.musin.de\/mitte\/wp-json\/wp\/v2\/pages\/51592\/revisions\/55640"}],"wp:attachment":[{"href":"https:\/\/bseinzelh.musin.de\/mitte\/wp-json\/wp\/v2\/media?parent=51592"}],"curies":[{"name":"wp","href":"https:\/\/api.w.org\/{rel}","templated":true}]}}