{"id":557,"date":"2018-04-30T22:07:18","date_gmt":"2018-04-30T22:07:18","guid":{"rendered":"http:\/\/www.bseinzelh.musin.de\/mitte\/?page_id=557"},"modified":"2018-05-01T09:02:44","modified_gmt":"2018-05-01T09:02:44","slug":"weihnachtsbasar","status":"publish","type":"page","link":"https:\/\/bseinzelh.musin.de\/mitte\/weihnachtsbasar\/","title":{"rendered":"Weihnachtsbasar"},"content":{"rendered":"<h1 align=\"left\"><img decoding=\"async\" loading=\"lazy\" class=\"alignnone wp-image-562\" src=\"http:\/\/www.bseinzelh.musin.de\/mitte\/wp-content\/uploads\/2018\/04\/christmas-2976357_1920-300x102.jpg\" alt=\"\" width=\"585\" height=\"199\" srcset=\"https:\/\/bseinzelh.musin.de\/mitte\/wp-content\/uploads\/2018\/04\/christmas-2976357_1920-300x102.jpg 300w, https:\/\/bseinzelh.musin.de\/mitte\/wp-content\/uploads\/2018\/04\/christmas-2976357_1920-768x260.jpg 768w, https:\/\/bseinzelh.musin.de\/mitte\/wp-content\/uploads\/2018\/04\/christmas-2976357_1920-1024x347.jpg 1024w, https:\/\/bseinzelh.musin.de\/mitte\/wp-content\/uploads\/2018\/04\/christmas-2976357_1920.jpg 1920w\" sizes=\"(max-width: 585px) 100vw, 585px\" \/><\/h1>\n<p align=\"left\"><em>&#8222;Es gibt nichts Gutes, au\u00dfer man tut es&#8220;<\/em>, dieses Zitat von Erich K\u00e4stner k\u00f6nnte man getrost als Motto unseres j\u00e4hrlich stattfindenden Weihnachtsbasars \u00fcbernehmen.<\/p>\n<p align=\"left\">Die Sch\u00fclerinnen und Sch\u00fcler der Berufsschule f\u00fcr den Einzelhandel organisieren in jahrelanger Tradition eine Weihnachtsaktion, die am Ende nur Gewinner sieht: In der letzten Woche vor den Weihnachtsfeiertagen verwandelt sich der 3. Stock des Schulhauses in der Lindwurmstra\u00dfe 90 in einen lebhaften Basar.<\/p>\n<p align=\"left\">Verschiedene schmackhafte Speisen und Getr\u00e4nke, eine gro\u00dfe Tombola, gem\u00fctliche Teestuben sowie vielerlei Wettspiele werden geboten. Die Klassen planen und setzen ihre Aktionen in Eigenregie um.<\/p>\n<p align=\"left\">Die angehenden Einzelh\u00e4ndlerInnen besorgen notwendige Materialien, erstellen Arbeitspl\u00e4ne, kalkulieren Preise, bauen ihren Stand auf, kommunizieren, verhandeln und verkaufen die Erzeugnisse.<\/p>\n<p align=\"left\">Die Erl\u00f6se dieser Aktion werden f\u00fcr verschiedene gute Zwecke gespendet, die jedes Jahr von der <a href=\"http:\/\/www.bseinzelh.musin.de\/mitte\/smv-2\/\">SMV<\/a> neu festgelegt werden.<\/p>\n","protected":false},"excerpt":{"rendered":"<p>&#8222;Es gibt nichts Gutes, au\u00dfer man tut es&#8220;, dieses Zitat von Erich K\u00e4stner k\u00f6nnte man getrost als Motto unseres j\u00e4hrlich stattfindenden Weihnachtsbasars \u00fcbernehmen. Die Sch\u00fclerinnen und Sch\u00fcler der Berufsschule f\u00fcr den Einzelhandel organisieren in jahrelanger Tradition eine Weihnachtsaktion, die am Ende nur Gewinner sieht: In der letzten Woche vor den Weihnachtsfeiertagen verwandelt sich der 3. &hellip; <\/p>\n<p class=\"link-more\"><a href=\"https:\/\/bseinzelh.musin.de\/mitte\/weihnachtsbasar\/\" class=\"more-link\"><span class=\"screen-reader-text\">\u201eWeihnachtsbasar\u201c <\/span>weiterlesen<\/a><\/p>\n","protected":false},"author":1,"featured_media":0,"parent":0,"menu_order":0,"comment_status":"closed","ping_status":"closed","template":"","meta":{"ngg_post_thumbnail":0},"_links":{"self":[{"href":"https:\/\/bseinzelh.musin.de\/mitte\/wp-json\/wp\/v2\/pages\/557"}],"collection":[{"href":"https:\/\/bseinzelh.musin.de\/mitte\/wp-json\/wp\/v2\/pages"}],"about":[{"href":"https:\/\/bseinzelh.musin.de\/mitte\/wp-json\/wp\/v2\/types\/page"}],"author":[{"embeddable":true,"href":"https:\/\/bseinzelh.musin.de\/mitte\/wp-json\/wp\/v2\/users\/1"}],"replies":[{"embeddable":true,"href":"https:\/\/bseinzelh.musin.de\/mitte\/wp-json\/wp\/v2\/comments?post=557"}],"version-history":[{"count":6,"href":"https:\/\/bseinzelh.musin.de\/mitte\/wp-json\/wp\/v2\/pages\/557\/revisions"}],"predecessor-version":[{"id":639,"href":"https:\/\/bseinzelh.musin.de\/mitte\/wp-json\/wp\/v2\/pages\/557\/revisions\/639"}],"wp:attachment":[{"href":"https:\/\/bseinzelh.musin.de\/mitte\/wp-json\/wp\/v2\/media?parent=557"}],"curies":[{"name":"wp","href":"https:\/\/api.w.org\/{rel}","templated":true}]}}