{"id":681,"date":"2018-05-04T16:12:25","date_gmt":"2018-05-04T16:12:25","guid":{"rendered":"http:\/\/www.bseinzelh.musin.de\/mitte\/?page_id=681"},"modified":"2019-01-15T12:06:36","modified_gmt":"2019-01-15T12:06:36","slug":"aktivitaeten-seminar","status":"publish","type":"page","link":"https:\/\/bseinzelh.musin.de\/mitte\/aktivitaeten-seminar\/","title":{"rendered":"Aktivit\u00e4ten &#038; Seminare"},"content":{"rendered":"<p>Damit wir uns intensiv kennen lernen k\u00f6nnen, f\u00fchren wir zu <strong>Beginn <\/strong>des<strong> Schuljahres<\/strong> ein <strong>Einf\u00fchrungsseminar<\/strong> durch.<\/p>\n<p align=\"left\"><img decoding=\"async\" loading=\"lazy\" class=\"alignnone wp-image-687\" src=\"http:\/\/www.bseinzelh.musin.de\/mitte\/wp-content\/uploads\/2018\/05\/shoes-1638873_1920-300x200.jpg\" alt=\"\" width=\"558\" height=\"372\" srcset=\"https:\/\/bseinzelh.musin.de\/mitte\/wp-content\/uploads\/2018\/05\/shoes-1638873_1920-300x200.jpg 300w, https:\/\/bseinzelh.musin.de\/mitte\/wp-content\/uploads\/2018\/05\/shoes-1638873_1920-768x512.jpg 768w, https:\/\/bseinzelh.musin.de\/mitte\/wp-content\/uploads\/2018\/05\/shoes-1638873_1920-1024x682.jpg 1024w, https:\/\/bseinzelh.musin.de\/mitte\/wp-content\/uploads\/2018\/05\/shoes-1638873_1920.jpg 1920w\" sizes=\"(max-width: 558px) 100vw, 558px\" \/><\/p>\n<p align=\"left\">Au\u00dferdem werden wir mehrere unterschiedliche Veranstaltungen im Schuljahr durchf\u00fchren, so dass wir unsere St\u00e4rken und Schw\u00e4chen erfahren und uns damit auseinander setzen k\u00f6nnen, z. B. ein <a href=\"https:\/\/bseinzelh.musin.de\/mitte\/wp-content\/uploads\/2019\/01\/BVJ-WEBSITE.pdf\">Waldprojekt <\/a>und eine Abschlussfahrt in die Selbstversorgerh\u00fctte im Altm\u00fchltal.<\/p>\n<p align=\"left\"><img decoding=\"async\" loading=\"lazy\" class=\"alignnone wp-image-4380\" src=\"https:\/\/bseinzelh.musin.de\/mitte\/wp-content\/uploads\/2019\/01\/IMG_4276-300x225.jpg\" alt=\"\" width=\"564\" height=\"423\" srcset=\"https:\/\/bseinzelh.musin.de\/mitte\/wp-content\/uploads\/2019\/01\/IMG_4276-300x225.jpg 300w, https:\/\/bseinzelh.musin.de\/mitte\/wp-content\/uploads\/2019\/01\/IMG_4276-768x576.jpg 768w, https:\/\/bseinzelh.musin.de\/mitte\/wp-content\/uploads\/2019\/01\/IMG_4276-1024x768.jpg 1024w, https:\/\/bseinzelh.musin.de\/mitte\/wp-content\/uploads\/2019\/01\/IMG_4276.jpg 1600w\" sizes=\"(max-width: 564px) 100vw, 564px\" \/><\/p>\n","protected":false},"excerpt":{"rendered":"<p>Damit wir uns intensiv kennen lernen k\u00f6nnen, f\u00fchren wir zu Beginn des Schuljahres ein Einf\u00fchrungsseminar durch. Au\u00dferdem werden wir mehrere unterschiedliche Veranstaltungen im Schuljahr durchf\u00fchren, so dass wir unsere St\u00e4rken und Schw\u00e4chen erfahren und uns damit auseinander setzen k\u00f6nnen, z. B. ein Waldprojekt und eine Abschlussfahrt in die Selbstversorgerh\u00fctte im Altm\u00fchltal.<\/p>\n","protected":false},"author":1,"featured_media":0,"parent":0,"menu_order":0,"comment_status":"closed","ping_status":"closed","template":"","meta":{"ngg_post_thumbnail":0},"_links":{"self":[{"href":"https:\/\/bseinzelh.musin.de\/mitte\/wp-json\/wp\/v2\/pages\/681"}],"collection":[{"href":"https:\/\/bseinzelh.musin.de\/mitte\/wp-json\/wp\/v2\/pages"}],"about":[{"href":"https:\/\/bseinzelh.musin.de\/mitte\/wp-json\/wp\/v2\/types\/page"}],"author":[{"embeddable":true,"href":"https:\/\/bseinzelh.musin.de\/mitte\/wp-json\/wp\/v2\/users\/1"}],"replies":[{"embeddable":true,"href":"https:\/\/bseinzelh.musin.de\/mitte\/wp-json\/wp\/v2\/comments?post=681"}],"version-history":[{"count":15,"href":"https:\/\/bseinzelh.musin.de\/mitte\/wp-json\/wp\/v2\/pages\/681\/revisions"}],"predecessor-version":[{"id":4397,"href":"https:\/\/bseinzelh.musin.de\/mitte\/wp-json\/wp\/v2\/pages\/681\/revisions\/4397"}],"wp:attachment":[{"href":"https:\/\/bseinzelh.musin.de\/mitte\/wp-json\/wp\/v2\/media?parent=681"}],"curies":[{"name":"wp","href":"https:\/\/api.w.org\/{rel}","templated":true}]}}