{"id":701,"date":"2018-05-04T16:49:50","date_gmt":"2018-05-04T16:49:50","guid":{"rendered":"http:\/\/www.bseinzelh.musin.de\/mitte\/?page_id=701"},"modified":"2023-06-28T09:45:34","modified_gmt":"2023-06-28T09:45:34","slug":"anmeldung","status":"publish","type":"page","link":"https:\/\/bseinzelh.musin.de\/mitte\/anmeldung\/","title":{"rendered":"Anmeldung"},"content":{"rendered":"<p><strong>Anmeldezeitraum: <\/strong>nach den Pfingstferien&nbsp;<\/p>\n<p><img decoding=\"async\" loading=\"lazy\" class=\"alignnone wp-image-707\" src=\"http:\/\/www.bseinzelh.musin.de\/mitte\/wp-content\/uploads\/2018\/05\/application-1756281_1280-300x200.jpg\" alt=\"\" width=\"569\" height=\"379\" srcset=\"https:\/\/bseinzelh.musin.de\/mitte\/wp-content\/uploads\/2018\/05\/application-1756281_1280-300x200.jpg 300w, https:\/\/bseinzelh.musin.de\/mitte\/wp-content\/uploads\/2018\/05\/application-1756281_1280-768x512.jpg 768w, https:\/\/bseinzelh.musin.de\/mitte\/wp-content\/uploads\/2018\/05\/application-1756281_1280-1024x682.jpg 1024w, https:\/\/bseinzelh.musin.de\/mitte\/wp-content\/uploads\/2018\/05\/application-1756281_1280.jpg 1280w\" sizes=\"(max-width: 569px) 100vw, 569px\" \/><\/p>\n<p><strong>Vor der Anmeldung:<\/strong> Vereinbare einen <strong>Termin<\/strong> zu einem Kennenlerngespr\u00e4ch mit unserem BVJ-Koordinator, Herrn Hofer, Telefon 0176 609 02 008.<\/p>\n<p><strong>Unterlagen zum Kennenlerngespr\u00e4ch: <\/strong>&nbsp;Lebenslauf, Kopie des letzten Zeugnisses, m\u00f6gliche Praktikumsbescheinigungen und Beurteilungen, sowie den Nachweis \u00fcber die Masern-Schutz-Impfung<\/p>\n<p>&nbsp;<\/p>\n<p>&nbsp;<\/p>\n<p>&nbsp;<\/p>\n","protected":false},"excerpt":{"rendered":"<p>Anmeldezeitraum: nach den Pfingstferien&nbsp; Vor der Anmeldung: Vereinbare einen Termin zu einem Kennenlerngespr\u00e4ch mit unserem BVJ-Koordinator, Herrn Hofer, Telefon 0176 609 02 008. Unterlagen zum Kennenlerngespr\u00e4ch: &nbsp;Lebenslauf, Kopie des letzten Zeugnisses, m\u00f6gliche Praktikumsbescheinigungen und Beurteilungen, sowie den Nachweis \u00fcber die Masern-Schutz-Impfung &nbsp; &nbsp; &nbsp;<\/p>\n","protected":false},"author":1,"featured_media":0,"parent":0,"menu_order":0,"comment_status":"closed","ping_status":"closed","template":"","meta":{"ngg_post_thumbnail":0},"_links":{"self":[{"href":"https:\/\/bseinzelh.musin.de\/mitte\/wp-json\/wp\/v2\/pages\/701"}],"collection":[{"href":"https:\/\/bseinzelh.musin.de\/mitte\/wp-json\/wp\/v2\/pages"}],"about":[{"href":"https:\/\/bseinzelh.musin.de\/mitte\/wp-json\/wp\/v2\/types\/page"}],"author":[{"embeddable":true,"href":"https:\/\/bseinzelh.musin.de\/mitte\/wp-json\/wp\/v2\/users\/1"}],"replies":[{"embeddable":true,"href":"https:\/\/bseinzelh.musin.de\/mitte\/wp-json\/wp\/v2\/comments?post=701"}],"version-history":[{"count":7,"href":"https:\/\/bseinzelh.musin.de\/mitte\/wp-json\/wp\/v2\/pages\/701\/revisions"}],"predecessor-version":[{"id":246840,"href":"https:\/\/bseinzelh.musin.de\/mitte\/wp-json\/wp\/v2\/pages\/701\/revisions\/246840"}],"wp:attachment":[{"href":"https:\/\/bseinzelh.musin.de\/mitte\/wp-json\/wp\/v2\/media?parent=701"}],"curies":[{"name":"wp","href":"https:\/\/api.w.org\/{rel}","templated":true}]}}