{"id":70172,"date":"2020-07-26T16:27:16","date_gmt":"2020-07-26T16:27:16","guid":{"rendered":"https:\/\/bseinzelh.musin.de\/mitte\/?page_id=70172"},"modified":"2024-07-10T11:27:34","modified_gmt":"2024-07-10T11:27:34","slug":"online-anmeldung-2","status":"publish","type":"page","link":"https:\/\/bseinzelh.musin.de\/mitte\/online-anmeldung-2\/","title":{"rendered":"Online-Anmeldung (Schuljahr 2024\/25)"},"content":{"rendered":"\n<p>Herzlich willkommen zur Online-Anmeldung der St\u00e4dtischen Berufsschule f\u00fcr den Einzelhandel Mitte. <\/p>\n\n\n\n<p>Um sich f\u00fcr das neue Schuljahr anzumelden, klicken Sie bitte <strong><a href=\"https:\/\/stadt.muenchen.de\/service\/info\/geschaeftsbereich-berufliche-schulen\/10264291\/\" data-type=\"URL\" data-id=\"https:\/\/stadt.muenchen.de\/service\/info\/geschaeftsbereich-berufliche-schulen\/10264291\/\">hier<\/a><\/strong>. <\/p>\n\n\n\n<p>Bitte schicken Sie uns folgende Unterlagen per <a href=\"mailto:bs-einzelhandel-mitte@muenchen.de\">Mail<\/a> an uns. <\/p>\n\n\n\n<div class=\"is-layout-flow wp-block-group\"><div class=\"wp-block-group__inner-container\">\n<p class=\"has-text-align-left\"><strong>&nbsp; *&nbsp; &nbsp;Ausbildungsvertrag<br>&nbsp; *&nbsp; &nbsp;Zeugnis des Schulabschlusses<br>&nbsp; *&nbsp; &nbsp;Zeugnis der zuletzt besuchten Schule<br>&nbsp; *&nbsp; &nbsp;Masernschutznachweis<\/strong><br><br><\/p>\n<\/div><\/div>\n\n\n\n<p><\/p>\n\n\n\n<p><\/p>\n\n\n\n<p><br><br><\/p>\n","protected":false},"excerpt":{"rendered":"<p>Herzlich willkommen zur Online-Anmeldung der St\u00e4dtischen Berufsschule f\u00fcr den Einzelhandel Mitte. Um sich f\u00fcr das neue Schuljahr anzumelden, klicken Sie bitte hier. Bitte schicken Sie uns folgende Unterlagen per Mail an uns. &nbsp; *&nbsp; &nbsp;Ausbildungsvertrag&nbsp; *&nbsp; &nbsp;Zeugnis des Schulabschlusses&nbsp; *&nbsp; &nbsp;Zeugnis der zuletzt besuchten Schule&nbsp; *&nbsp; &nbsp;Masernschutznachweis<\/p>\n","protected":false},"author":2,"featured_media":0,"parent":0,"menu_order":0,"comment_status":"closed","ping_status":"closed","template":"","meta":{"ngg_post_thumbnail":0},"_links":{"self":[{"href":"https:\/\/bseinzelh.musin.de\/mitte\/wp-json\/wp\/v2\/pages\/70172"}],"collection":[{"href":"https:\/\/bseinzelh.musin.de\/mitte\/wp-json\/wp\/v2\/pages"}],"about":[{"href":"https:\/\/bseinzelh.musin.de\/mitte\/wp-json\/wp\/v2\/types\/page"}],"author":[{"embeddable":true,"href":"https:\/\/bseinzelh.musin.de\/mitte\/wp-json\/wp\/v2\/users\/2"}],"replies":[{"embeddable":true,"href":"https:\/\/bseinzelh.musin.de\/mitte\/wp-json\/wp\/v2\/comments?post=70172"}],"version-history":[{"count":26,"href":"https:\/\/bseinzelh.musin.de\/mitte\/wp-json\/wp\/v2\/pages\/70172\/revisions"}],"predecessor-version":[{"id":326866,"href":"https:\/\/bseinzelh.musin.de\/mitte\/wp-json\/wp\/v2\/pages\/70172\/revisions\/326866"}],"wp:attachment":[{"href":"https:\/\/bseinzelh.musin.de\/mitte\/wp-json\/wp\/v2\/media?parent=70172"}],"curies":[{"name":"wp","href":"https:\/\/api.w.org\/{rel}","templated":true}]}}