{"id":718,"date":"2018-05-05T16:04:33","date_gmt":"2018-05-05T16:04:33","guid":{"rendered":"http:\/\/www.bseinzelh.musin.de\/mitte\/?page_id=718"},"modified":"2018-05-05T18:38:04","modified_gmt":"2018-05-05T18:38:04","slug":"jahresuebersicht","status":"publish","type":"page","link":"https:\/\/bseinzelh.musin.de\/mitte\/jahresuebersicht\/","title":{"rendered":"Jahres\u00fcbersicht"},"content":{"rendered":"<p><strong>September<\/strong><\/p>\n<p>Gegenseitiges Kennenlernen ist uns wichtig. Dies werden wir gleich mit der Einarbeitung im Schreibwarenladen verbinden. Zus\u00e4tzlich werden wir fr\u00fchzeitig unsere Praktika suchen, denn wer zuerst ist, der&#8230;<\/p>\n<p><strong>Oktober\u00a0<\/strong><\/p>\n<p>In einem Seminar zur Berufsorientierung und Berufsfindung werden wir unsere beruflichen W\u00fcnsche und Ziele kl\u00e4ren und versuchen einen &#8222;Arbeitsplan&#8220; zu entwickeln, der uns unseren M\u00f6glichkeiten n\u00e4her bringt.<\/p>\n<p><strong>November<\/strong><\/p>\n<p>Hier steht das erste von 2 zweiw\u00f6chigen Praktika an, zudem ein intensives Bewerbungstraining mit Erstellung der Bewerbungsunterlagen und z. T. ein videogest\u00fctztes Vorstellungstraining, Berufsfindungstests und Stellenanzeigenanalysen.<\/p>\n<p><strong>Dezember<\/strong><\/p>\n<p>Wir werden uns als Vorbereitung f\u00fcr den Weihnachtsbasar im Kreisverwaltungsreferat im Verkauf fit machen. In der Zusammenarbeit mit der Berufsschule f\u00fcr Maler und Lackierer erzeugen und verkaufen wir kunstvolle Weihnachtsprodukte.<\/p>\n<p><strong>Januar\u00a0<\/strong><\/p>\n<p>Zu einer guten Praxis geh\u00f6rt auch gute Theorie. Deshalb schauen wir hinter die Kulissen unseres Schreibwarenladens und werden mit Zahlen und Daten jonglieren. Wir laden ehemalige BVJ Sch\u00fcler\/innen, die uns von ihren jetzigen Ausbildungsbetrieben erz\u00e4hlen und wie sie den Einstieg und die Probezeit geschafft haben.<\/p>\n<p><strong>Februar<\/strong><\/p>\n<p>Jetzt wird es ernst! Ausbildungsbetriebe, die f\u00fcr das Ende des Schuljahres Azubis suchen, kommen zu uns in die Berufsschule und werden mit euch Vorstellungsgespr\u00e4che f\u00fchren. (z. B. XXXLutz, IKEA, Telekom, Rewe, Schustermann &amp; Borenstein)<\/p>\n<p><strong>M\u00e4rz<\/strong><\/p>\n<p>Die zweite Praktikumsphase beginnt. Hier setzen wir viel Energie hinein, um eventuell jetzt unseren zuk\u00fcnftigen Arbeitgeber kennen zu lernen und ihn\/sie von uns zu \u00fcberzeugen.<\/p>\n<p><strong>April<\/strong><\/p>\n<p>Wir dehnen unsere Verkaufsaktionen und Werbema\u00dfnahmen f\u00fcr den Schreibwarenladen aus und starten mit der Produktion unserer &#8222;Lernfeldordner&#8220;. Nat\u00fcrlich werden die Quali-Pr\u00fcflinge soweit als m\u00f6glich von uns bei der Vorbereitung unterst\u00fctzt.<\/p>\n<p><strong>Mai<\/strong><\/p>\n<p>Wir bereiten euch fachlich auf die Lerninhalte der Berufsschule f\u00fcr den Einzelhandel vor, sodass ihr bei entsprechendem Willen im n\u00e4chsten Schuljahr durchstarten k\u00f6nnt.<\/p>\n<p><strong>Juni\u00a0<\/strong><\/p>\n<p>z. B. 2-3-t\u00e4gige, selbst geplante, erlebnisp\u00e4dagogische Bergtour auf eine Selbstversorgerh\u00fctte.<\/p>\n<p><strong>Juli\u00a0<\/strong><\/p>\n<p>Intensive &#8222;Last Minute-Vermittlungsversuche&#8220; f\u00fcr diejenigen, die bisher noch keinen Ausbildungsbetrieb gefunden haben.<\/p>\n","protected":false},"excerpt":{"rendered":"<p>September Gegenseitiges Kennenlernen ist uns wichtig. Dies werden wir gleich mit der Einarbeitung im Schreibwarenladen verbinden. Zus\u00e4tzlich werden wir fr\u00fchzeitig unsere Praktika suchen, denn wer zuerst ist, der&#8230; Oktober\u00a0 In einem Seminar zur Berufsorientierung und Berufsfindung werden wir unsere beruflichen W\u00fcnsche und Ziele kl\u00e4ren und versuchen einen &#8222;Arbeitsplan&#8220; zu entwickeln, der uns unseren M\u00f6glichkeiten n\u00e4her &hellip; <\/p>\n<p class=\"link-more\"><a href=\"https:\/\/bseinzelh.musin.de\/mitte\/jahresuebersicht\/\" class=\"more-link\"><span class=\"screen-reader-text\">\u201eJahres\u00fcbersicht\u201c <\/span>weiterlesen<\/a><\/p>\n","protected":false},"author":1,"featured_media":0,"parent":0,"menu_order":0,"comment_status":"closed","ping_status":"closed","template":"","meta":{"ngg_post_thumbnail":0},"_links":{"self":[{"href":"https:\/\/bseinzelh.musin.de\/mitte\/wp-json\/wp\/v2\/pages\/718"}],"collection":[{"href":"https:\/\/bseinzelh.musin.de\/mitte\/wp-json\/wp\/v2\/pages"}],"about":[{"href":"https:\/\/bseinzelh.musin.de\/mitte\/wp-json\/wp\/v2\/types\/page"}],"author":[{"embeddable":true,"href":"https:\/\/bseinzelh.musin.de\/mitte\/wp-json\/wp\/v2\/users\/1"}],"replies":[{"embeddable":true,"href":"https:\/\/bseinzelh.musin.de\/mitte\/wp-json\/wp\/v2\/comments?post=718"}],"version-history":[{"count":5,"href":"https:\/\/bseinzelh.musin.de\/mitte\/wp-json\/wp\/v2\/pages\/718\/revisions"}],"predecessor-version":[{"id":726,"href":"https:\/\/bseinzelh.musin.de\/mitte\/wp-json\/wp\/v2\/pages\/718\/revisions\/726"}],"wp:attachment":[{"href":"https:\/\/bseinzelh.musin.de\/mitte\/wp-json\/wp\/v2\/media?parent=718"}],"curies":[{"name":"wp","href":"https:\/\/api.w.org\/{rel}","templated":true}]}}