{"id":731,"date":"2018-05-09T11:49:00","date_gmt":"2018-05-09T11:49:00","guid":{"rendered":"http:\/\/www.bseinzelh.musin.de\/mitte\/?page_id=731"},"modified":"2025-06-05T09:21:47","modified_gmt":"2025-06-05T09:21:47","slug":"foerderverein","status":"publish","type":"page","link":"https:\/\/bseinzelh.musin.de\/mitte\/foerderverein\/","title":{"rendered":"F\u00f6rderverein"},"content":{"rendered":"<div id=\"Box2\">\n<h1><strong>F\u00f6rderkreis der Berufsschule f\u00fcr den Einzelhandel M\u00fcnchen e. V. (gegr\u00fcndet 2003)<\/strong><\/h1>\n<h5><img decoding=\"async\" loading=\"lazy\" class=\"alignnone wp-image-737\" src=\"http:\/\/www.bseinzelh.musin.de\/mitte\/wp-content\/uploads\/2018\/05\/money-2724241_1920-300x203.jpg\" alt=\"\" width=\"559\" height=\"378\" srcset=\"https:\/\/bseinzelh.musin.de\/mitte\/wp-content\/uploads\/2018\/05\/money-2724241_1920-300x203.jpg 300w, https:\/\/bseinzelh.musin.de\/mitte\/wp-content\/uploads\/2018\/05\/money-2724241_1920-768x519.jpg 768w, https:\/\/bseinzelh.musin.de\/mitte\/wp-content\/uploads\/2018\/05\/money-2724241_1920-1024x692.jpg 1024w, https:\/\/bseinzelh.musin.de\/mitte\/wp-content\/uploads\/2018\/05\/money-2724241_1920.jpg 1920w\" sizes=\"(max-width: 559px) 100vw, 559px\" \/><\/h5>\n<p>&nbsp;<\/p>\n<ul>\n<li style=\"text-align: left;\"><strong><a href=\"https:\/\/bseinzelh.musin.de\/mitte\/wp-content\/uploads\/2025\/06\/Mitgliedsantrag-2025.pdf\">Mitgliedsantrag 2025<\/a><\/strong><\/li>\n<li style=\"text-align: left;\"><strong><a href=\"https:\/\/bseinzelh.musin.de\/mitte\/wp-content\/uploads\/2025\/06\/Foerderantrag-2025.pdf\">F\u00f6rderantrag 2025<\/a><\/strong><\/li>\n<\/ul>\n<h2 style=\"text-align: center;\"><strong>&nbsp;<\/strong><strong>\u201eWir lassen unsere Azubis nicht allein\u201c<\/strong><\/h2>\n<p>Wir unterst\u00fctzen unsere Auszubildenden w\u00e4hrend der gesamten Ausbildungszeit, um<\/p>\n<ul>\n<li>ihr Selbstvertrauen zu st\u00e4rken,<\/li>\n<li>sie zu einem konstruktiven Umgang miteinander zu bef\u00e4higen (Konfliktkl\u00e4rung, Zivilcourage, Gewaltvermeidung, Toleranz),<\/li>\n<li>die Entwicklung ihrer individuellen Pers\u00f6nlichkeit zu f\u00f6rdern.<\/li>\n<\/ul>\n<p>Dies geschieht nat\u00fcrlich im Unterricht, aber auch durch zus\u00e4tzliche Projekte, wie<\/p>\n<ul>\n<li><strong>FIT-FOR-LIFE&nbsp;<\/strong><br \/>\nDer&nbsp;FIT-FOR-LIFE-Tag&nbsp;findet einmal im Jahr statt. Die Sch\u00fcler\/innen k\u00f6nnen aus einem umfangreichen Kursangebot ausw\u00e4hlen.<\/li>\n<li><strong>FIT IN DER AUSBILDUNG&nbsp;<\/strong><br \/>\nDieses Projekt findet ausbildungsbegleitend mit entsprechenden Kursen f\u00fcr die jeweilige Jahrgangsstufe statt. F\u00fcr einige Workshops\/Kurse nehmen wir die Hilfe von Spezialisten in Anspruch.<\/li>\n<li><strong>ERLEBNISP\u00c4DAGOGISCHE KLASSENFAHRTEN<\/strong><br \/>\nWir helfen bei der Entwicklung der Pers\u00f6nlichkeit und der allgemeinen Bildung mittels mehrt\u00e4giger Klassenfahrten bspw. nach Berlin oder Prag.<\/li>\n<\/ul>\n<p>Aufgaben des F\u00f6rderkreises der Berufsschule f\u00fcr den Einzelhandel M\u00fcnchen e. V.:<\/p>\n<ul>\n<li>F\u00f6rderung der beruflichen Bildung der Auszubildenden im Einzelhandel<\/li>\n<li>Organisation von Bildungsveranstaltungen in Zusammenarbeit mit Herstellern, Ausbildungsbetrieben und dem Schulreferat<\/li>\n<li>Verbesserung der Ausstattung mit praxisbezogenem Unterrichtsmaterial<\/li>\n<li>F\u00f6rderung des Erfahrungsaustausches zwischen Vertretern aus Theorie und Praxis<\/li>\n<li>Vermittlung von Kontakten zwischen Schule, Betrieben, Herstellern und der Industrie- und Handelskammer<\/li>\n<li>Unentgeltliche Informationen und Beratung \u00fcber Besch\u00e4ftigungsm\u00f6glichkeiten der Absolventen der Berufsschule f\u00fcr den Einzelhandel<\/li>\n<li>F\u00f6rderung von kulturellen und interkulturellen Veranstaltungen<\/li>\n<li>F\u00f6rderung der Eigeninitiative der Sch\u00fcler unserer Schule<\/li>\n<\/ul>\n<p><strong><a href=\"https:\/\/bseinzelh.musin.de\/mitte\/wp-content\/uploads\/2025\/06\/Foerderrichtlinien-2025.pdf\">F\u00f6rderrichtlinien 2025<\/a><\/strong><\/p>\n<p><strong><a href=\"https:\/\/bseinzelh.musin.de\/mitte\/wp-content\/uploads\/2025\/06\/Protokoll-Foerderverein-13.05.2025.pdf\">Protokoll F\u00f6rderverein 13.05.2025<\/a><\/strong><\/p>\n<p>&nbsp;<\/p>\n<p><strong> 1. Vorsitzender: Christian Fezer (E-Mail: christian.fezer@bs-ehm.muenchen.musin.de)<\/strong><\/p>\n<p><strong>2. Vorsitzender: Thomas Fischer <\/strong><strong>(E-Mail: thom.fischer@bs-eh-nord.muenchen.musin.de)<\/strong><\/p>\n<p><strong>Schriftf\u00fchrerin: Sabine Galle<\/strong><\/p>\n<p><strong>Kassenf\u00fchrer: Wolfgang Frietsch<\/strong><\/p>\n<p align=\"left\">&nbsp;<\/p>\n<\/div>\n<p><!--more--><\/p>\n","protected":false},"excerpt":{"rendered":"<p>F\u00f6rderkreis der Berufsschule f\u00fcr den Einzelhandel M\u00fcnchen e. V. (gegr\u00fcndet 2003) &nbsp; Mitgliedsantrag 2025 F\u00f6rderantrag 2025 &nbsp;\u201eWir lassen unsere Azubis nicht allein\u201c Wir unterst\u00fctzen unsere Auszubildenden w\u00e4hrend der gesamten Ausbildungszeit, um ihr Selbstvertrauen zu st\u00e4rken, sie zu einem konstruktiven Umgang miteinander zu bef\u00e4higen (Konfliktkl\u00e4rung, Zivilcourage, Gewaltvermeidung, Toleranz), die Entwicklung ihrer individuellen Pers\u00f6nlichkeit zu f\u00f6rdern. Dies &hellip; <\/p>\n<p class=\"link-more\"><a href=\"https:\/\/bseinzelh.musin.de\/mitte\/foerderverein\/\" class=\"more-link\"><span class=\"screen-reader-text\">\u201eF\u00f6rderverein\u201c <\/span>weiterlesen<\/a><\/p>\n","protected":false},"author":1,"featured_media":0,"parent":0,"menu_order":0,"comment_status":"closed","ping_status":"closed","template":"","meta":{"ngg_post_thumbnail":0},"_links":{"self":[{"href":"https:\/\/bseinzelh.musin.de\/mitte\/wp-json\/wp\/v2\/pages\/731"}],"collection":[{"href":"https:\/\/bseinzelh.musin.de\/mitte\/wp-json\/wp\/v2\/pages"}],"about":[{"href":"https:\/\/bseinzelh.musin.de\/mitte\/wp-json\/wp\/v2\/types\/page"}],"author":[{"embeddable":true,"href":"https:\/\/bseinzelh.musin.de\/mitte\/wp-json\/wp\/v2\/users\/1"}],"replies":[{"embeddable":true,"href":"https:\/\/bseinzelh.musin.de\/mitte\/wp-json\/wp\/v2\/comments?post=731"}],"version-history":[{"count":14,"href":"https:\/\/bseinzelh.musin.de\/mitte\/wp-json\/wp\/v2\/pages\/731\/revisions"}],"predecessor-version":[{"id":382246,"href":"https:\/\/bseinzelh.musin.de\/mitte\/wp-json\/wp\/v2\/pages\/731\/revisions\/382246"}],"wp:attachment":[{"href":"https:\/\/bseinzelh.musin.de\/mitte\/wp-json\/wp\/v2\/media?parent=731"}],"curies":[{"name":"wp","href":"https:\/\/api.w.org\/{rel}","templated":true}]}}