{"id":9830,"date":"2019-03-25T11:00:15","date_gmt":"2019-03-25T11:00:15","guid":{"rendered":"https:\/\/bseinzelh.musin.de\/mitte\/?page_id=9830"},"modified":"2019-05-21T07:33:54","modified_gmt":"2019-05-21T07:33:54","slug":"pruefungstrainer","status":"publish","type":"page","link":"https:\/\/bseinzelh.musin.de\/mitte\/pruefungstrainer\/","title":{"rendered":"Unterlagen zur Pr\u00fcfungsvorbereitung"},"content":{"rendered":"<p>Hier haben Sie die M\u00f6glichkeit, um sich auf Ihre bevorstehende Pr\u00fcfung vorzubereiten.<\/p>\n<p><img decoding=\"async\" loading=\"lazy\" class=\"alignnone wp-image-9838\" src=\"https:\/\/bseinzelh.musin.de\/mitte\/wp-content\/uploads\/2019\/03\/QR.jpg\" alt=\"\" width=\"140\" height=\"140\"><\/p>\n<p>Nutzen Sie hierf\u00fcr den QR-Code oder klicken Sie bitte <a href=\"https:\/\/bseinzelh.musin.de\/02mitte\/pruefung\/ihk_start.html\"><strong>hier<\/strong><\/a>.<\/p>\n<p><strong>Die entsprechenden Zugangsdaten f\u00fcr die Anmeldung erhalten Sie von Ihrer Lehrkraft.<br \/>\n<\/strong><\/p>\n<p>&nbsp;<\/p>\n","protected":false},"excerpt":{"rendered":"<p>Hier haben Sie die M\u00f6glichkeit, um sich auf Ihre bevorstehende Pr\u00fcfung vorzubereiten. Nutzen Sie hierf\u00fcr den QR-Code oder klicken Sie bitte hier. Die entsprechenden Zugangsdaten f\u00fcr die Anmeldung erhalten Sie von Ihrer Lehrkraft. &nbsp;<\/p>\n","protected":false},"author":2,"featured_media":0,"parent":0,"menu_order":0,"comment_status":"closed","ping_status":"closed","template":"","meta":{"ngg_post_thumbnail":0},"_links":{"self":[{"href":"https:\/\/bseinzelh.musin.de\/mitte\/wp-json\/wp\/v2\/pages\/9830"}],"collection":[{"href":"https:\/\/bseinzelh.musin.de\/mitte\/wp-json\/wp\/v2\/pages"}],"about":[{"href":"https:\/\/bseinzelh.musin.de\/mitte\/wp-json\/wp\/v2\/types\/page"}],"author":[{"embeddable":true,"href":"https:\/\/bseinzelh.musin.de\/mitte\/wp-json\/wp\/v2\/users\/2"}],"replies":[{"embeddable":true,"href":"https:\/\/bseinzelh.musin.de\/mitte\/wp-json\/wp\/v2\/comments?post=9830"}],"version-history":[{"count":10,"href":"https:\/\/bseinzelh.musin.de\/mitte\/wp-json\/wp\/v2\/pages\/9830\/revisions"}],"predecessor-version":[{"id":15260,"href":"https:\/\/bseinzelh.musin.de\/mitte\/wp-json\/wp\/v2\/pages\/9830\/revisions\/15260"}],"wp:attachment":[{"href":"https:\/\/bseinzelh.musin.de\/mitte\/wp-json\/wp\/v2\/media?parent=9830"}],"curies":[{"name":"wp","href":"https:\/\/api.w.org\/{rel}","templated":true}]}}